{"id":1282,"date":"2024-03-04T17:27:41","date_gmt":"2024-03-04T20:27:41","guid":{"rendered":"https:\/\/sbeb.org.br\/cbeb2024\/?page_id=1282"},"modified":"2024-04-30T22:49:41","modified_gmt":"2024-05-01T01:49:41","slug":"workshops","status":"publish","type":"page","link":"https:\/\/sbeb.org.br\/cbeb2024\/workshops\/","title":{"rendered":"Workshops"},"content":{"rendered":"\t\t<div data-elementor-type=\"wp-page\" data-elementor-id=\"1282\" class=\"elementor elementor-1282\" data-elementor-post-type=\"page\">\n\t\t\t\t\t\t\t<div class=\"elementor-element elementor-element-b741e45 e-con-full e-flex e-con\" data-id=\"b741e45\" data-element_type=\"container\" data-settings=\"{&quot;content_width&quot;:&quot;full&quot;}\">\n\t\t<div class=\"elementor-element elementor-element-31237b2 e-flex e-con-boxed e-con\" data-id=\"31237b2\" data-element_type=\"container\" data-settings=\"{&quot;content_width&quot;:&quot;boxed&quot;}\">\n\t\t\t\t\t<div class=\"e-con-inner\">\n\t\t\t\t<div class=\"elementor-element elementor-element-533980b elementor-widget elementor-widget-heading\" data-id=\"533980b\" data-element_type=\"widget\" data-widget_type=\"heading.default\">\n\t\t\t\t<div class=\"elementor-widget-container\">\n\t\t\t<style>\/*! elementor - v3.15.0 - 09-08-2023 *\/\n.elementor-heading-title{padding:0;margin:0;line-height:1}.elementor-widget-heading .elementor-heading-title[class*=elementor-size-]>a{color:inherit;font-size:inherit;line-height:inherit}.elementor-widget-heading .elementor-heading-title.elementor-size-small{font-size:15px}.elementor-widget-heading .elementor-heading-title.elementor-size-medium{font-size:19px}.elementor-widget-heading .elementor-heading-title.elementor-size-large{font-size:29px}.elementor-widget-heading .elementor-heading-title.elementor-size-xl{font-size:39px}.elementor-widget-heading .elementor-heading-title.elementor-size-xxl{font-size:59px}<\/style><h2 class=\"elementor-heading-title elementor-size-default\">1 - Inova\u00e7\u00e3o em Avalia\u00e7\u00e3o Tecnol\u00f3gica em Sa\u00fade <br>\n\n2 - Engenharia Cl\u00ednica na Gest\u00e3o Hospitalar <br>\n3 - Biofabrica\u00e7\u00e3o  & Organs on a Chip <br>\n4 - Nanotecnologia em Sa\u00fade<br>\n5 - Sa\u00fade Digital<br>\n6 - Ensino em Engenharia Biom\u00e9dica<br>\n7 - Neuroengenharia: Interface homem- m\u00e1quina<br>\n8 - Tecnologia Assistiva\n\n<\/h2>\t\t<\/div>\n\t\t\t\t<\/div>\n\t\t\t\t\t<\/div>\n\t\t\t\t<\/div>\n\t\t\t\t<\/div>\n\t\t\t\t\t\t\t<\/div>\n\t\t","protected":false},"excerpt":{"rendered":"<p>1 &#8211; Inova\u00e7\u00e3o em Avalia\u00e7\u00e3o Tecnol\u00f3gica em Sa\u00fade 2 &#8211; Engenharia Cl\u00ednica na Gest\u00e3o Hospitalar 3 &#8211; Biofabrica\u00e7\u00e3o &#038; Organs on a Chip 4 &#8211; Nanotecnologia em Sa\u00fade 5 &#8211; Sa\u00fade Digital 6 &#8211; Ensino em Engenharia Biom\u00e9dica 7 &#8211; Neuroengenharia: Interface homem- m\u00e1quina 8 &#8211; Tecnologia Assistiva<\/p>\n","protected":false},"author":6,"featured_media":0,"parent":0,"menu_order":0,"comment_status":"closed","ping_status":"closed","template":"elementor_header_footer","meta":{"footnotes":""},"_links":{"self":[{"href":"https:\/\/sbeb.org.br\/cbeb2024\/wp-json\/wp\/v2\/pages\/1282"}],"collection":[{"href":"https:\/\/sbeb.org.br\/cbeb2024\/wp-json\/wp\/v2\/pages"}],"about":[{"href":"https:\/\/sbeb.org.br\/cbeb2024\/wp-json\/wp\/v2\/types\/page"}],"author":[{"embeddable":true,"href":"https:\/\/sbeb.org.br\/cbeb2024\/wp-json\/wp\/v2\/users\/6"}],"replies":[{"embeddable":true,"href":"https:\/\/sbeb.org.br\/cbeb2024\/wp-json\/wp\/v2\/comments?post=1282"}],"version-history":[{"count":4,"href":"https:\/\/sbeb.org.br\/cbeb2024\/wp-json\/wp\/v2\/pages\/1282\/revisions"}],"predecessor-version":[{"id":2303,"href":"https:\/\/sbeb.org.br\/cbeb2024\/wp-json\/wp\/v2\/pages\/1282\/revisions\/2303"}],"wp:attachment":[{"href":"https:\/\/sbeb.org.br\/cbeb2024\/wp-json\/wp\/v2\/media?parent=1282"}],"curies":[{"name":"wp","href":"https:\/\/api.w.org\/{rel}","templated":true}]}}