{"id":1283,"date":"2024-03-05T13:29:51","date_gmt":"2024-03-05T16:29:51","guid":{"rendered":"https:\/\/sbeb.org.br\/cbeb2024\/?page_id=1283"},"modified":"2024-05-02T22:09:32","modified_gmt":"2024-05-03T01:09:32","slug":"regulamento-de-envio-de-trabalho","status":"publish","type":"page","link":"https:\/\/sbeb.org.br\/cbeb2024\/regulamento-de-envio-de-trabalho\/","title":{"rendered":"Submiss\u00e3o de Trabalhos"},"content":{"rendered":"\t\t<div data-elementor-type=\"wp-page\" data-elementor-id=\"1283\" class=\"elementor elementor-1283\" data-elementor-post-type=\"page\">\n\t\t\t\t\t\t\t<div class=\"elementor-element elementor-element-b741e45 e-con-full e-flex e-con\" data-id=\"b741e45\" data-element_type=\"container\" data-settings=\"{&quot;content_width&quot;:&quot;full&quot;}\">\n\t\t<div class=\"elementor-element elementor-element-31237b2 e-flex e-con-boxed e-con\" data-id=\"31237b2\" data-element_type=\"container\" data-settings=\"{&quot;content_width&quot;:&quot;boxed&quot;}\">\n\t\t\t\t\t<div class=\"e-con-inner\">\n\t\t\t\t<div class=\"elementor-element elementor-element-533980b elementor-widget elementor-widget-heading\" data-id=\"533980b\" data-element_type=\"widget\" data-widget_type=\"heading.default\">\n\t\t\t\t<div class=\"elementor-widget-container\">\n\t\t\t<style>\/*! elementor - v3.15.0 - 09-08-2023 *\/\n.elementor-heading-title{padding:0;margin:0;line-height:1}.elementor-widget-heading .elementor-heading-title[class*=elementor-size-]>a{color:inherit;font-size:inherit;line-height:inherit}.elementor-widget-heading .elementor-heading-title.elementor-size-small{font-size:15px}.elementor-widget-heading .elementor-heading-title.elementor-size-medium{font-size:19px}.elementor-widget-heading .elementor-heading-title.elementor-size-large{font-size:29px}.elementor-widget-heading .elementor-heading-title.elementor-size-xl{font-size:39px}.elementor-widget-heading .elementor-heading-title.elementor-size-xxl{font-size:59px}<\/style><h2 class=\"elementor-heading-title elementor-size-default\">REGULAMENTO PARA ENVIO DE TRABALHO CIENT\u00cdFICO<\/h2>\t\t<\/div>\n\t\t\t\t<\/div>\n\t\t\t\t<div class=\"elementor-element elementor-element-b83a256 elementor-view-default elementor-widget elementor-widget-icon\" data-id=\"b83a256\" data-element_type=\"widget\" data-widget_type=\"icon.default\">\n\t\t\t\t<div class=\"elementor-widget-container\">\n\t\t\t\t\t<div class=\"elementor-icon-wrapper\">\n\t\t\t<div class=\"elementor-icon\">\n\t\t\t<i aria-hidden=\"true\" class=\"fas fa-pencil-ruler\"><\/i>\t\t\t<\/div>\n\t\t<\/div>\n\t\t\t\t<\/div>\n\t\t\t\t<\/div>\n\t\t\t\t\t<\/div>\n\t\t\t\t<\/div>\n\t\t\t\t<\/div>\n\t\t<div class=\"elementor-element elementor-element-eb2a09a e-flex e-con-boxed e-con\" data-id=\"eb2a09a\" data-element_type=\"container\" data-settings=\"{&quot;content_width&quot;:&quot;boxed&quot;}\">\n\t\t\t\t\t<div class=\"e-con-inner\">\n\t\t\t\t<div class=\"elementor-element elementor-element-899aa06 elementor-widget elementor-widget-accordion\" data-id=\"899aa06\" data-element_type=\"widget\" data-widget_type=\"accordion.default\">\n\t\t\t\t<div class=\"elementor-widget-container\">\n\t\t\t<style>\/*! elementor - v3.15.0 - 09-08-2023 *\/\n.elementor-accordion{text-align:left}.elementor-accordion .elementor-accordion-item{border:1px solid #d5d8dc}.elementor-accordion .elementor-accordion-item+.elementor-accordion-item{border-top:none}.elementor-accordion .elementor-tab-title{margin:0;padding:15px 20px;font-weight:700;line-height:1;cursor:pointer;outline:none}.elementor-accordion .elementor-tab-title .elementor-accordion-icon{display:inline-block;width:1.5em}.elementor-accordion .elementor-tab-title .elementor-accordion-icon svg{width:1em;height:1em}.elementor-accordion .elementor-tab-title .elementor-accordion-icon.elementor-accordion-icon-right{float:right;text-align:right}.elementor-accordion .elementor-tab-title .elementor-accordion-icon.elementor-accordion-icon-left{float:left;text-align:left}.elementor-accordion .elementor-tab-title .elementor-accordion-icon .elementor-accordion-icon-closed{display:block}.elementor-accordion .elementor-tab-title .elementor-accordion-icon .elementor-accordion-icon-opened,.elementor-accordion .elementor-tab-title.elementor-active .elementor-accordion-icon-closed{display:none}.elementor-accordion .elementor-tab-title.elementor-active .elementor-accordion-icon-opened{display:block}.elementor-accordion .elementor-tab-content{display:none;padding:15px 20px;border-top:1px solid #d5d8dc}@media (max-width:767px){.elementor-accordion .elementor-tab-title{padding:12px 15px}.elementor-accordion .elementor-tab-title .elementor-accordion-icon{width:1.2em}.elementor-accordion .elementor-tab-content{padding:7px 15px}}.e-con-inner>.elementor-widget-accordion,.e-con>.elementor-widget-accordion{width:var(--container-widget-width);--flex-grow:var(--container-widget-flex-grow)}<\/style>\t\t<div class=\"elementor-accordion\">\n\t\t\t\t\t\t\t<div class=\"elementor-accordion-item\">\n\t\t\t\t\t<div id=\"elementor-tab-title-1441\" class=\"elementor-tab-title\" data-tab=\"1\" role=\"button\" aria-controls=\"elementor-tab-content-1441\" aria-expanded=\"false\">\n\t\t\t\t\t\t\t\t\t\t\t\t\t<span class=\"elementor-accordion-icon elementor-accordion-icon-left\" aria-hidden=\"true\">\n\t\t\t\t\t\t\t\t\t\t\t\t\t\t\t<span class=\"elementor-accordion-icon-closed\"><i class=\"fas fa-plus\"><\/i><\/span>\n\t\t\t\t\t\t\t\t<span class=\"elementor-accordion-icon-opened\"><i class=\"fas fa-minus\"><\/i><\/span>\n\t\t\t\t\t\t\t\t\t\t\t\t\t\t<\/span>\n\t\t\t\t\t\t\t\t\t\t\t\t<a class=\"elementor-accordion-title\" tabindex=\"0\">Regras para submiss\u00e3o de trabalho cient\u00edfico<\/a>\n\t\t\t\t\t<\/div>\n\t\t\t\t\t<div id=\"elementor-tab-content-1441\" class=\"elementor-tab-content elementor-clearfix\" data-tab=\"1\" role=\"region\" aria-labelledby=\"elementor-tab-title-1441\"><p>1. Somente ser\u00e3o aceitos trabalhos submetidos on-line, pelo site https:\/\/www.cbeb.org.br\/ at\u00e9 o dia 26 de abril de 2024.<br \/>2. O trabalho ser\u00e1 submetido pelo sistema ap\u00f3s a conclus\u00e3o da inscri\u00e7\u00e3o.<br \/>3. Ap\u00f3s realizar a inscri\u00e7\u00e3o online o inscrito dever\u00e1 acessar sua \u00e1rea reservada atrav\u00e9s do link de inscri\u00e7\u00e3o e clicar no bot\u00e3o de Submiss\u00e3o de Trabalho, preenchendo os campos obrigat\u00f3rio e avan\u00e7ar as etapas at\u00e9 finalizar o cadastro do resumo. N\u00e3o \u00e9 obrigat\u00f3rio realizar o pagamento antes submeter o trabalho.<br \/>4. Complete todos os campos (dados do autor, do apresentador, dos coautores e institui\u00e7\u00f5es envolvidas). N\u00e3o ser\u00e1 permitida altera\u00e7\u00e3o no conte\u00fado ou na lista de autores e coautores ap\u00f3s submiss\u00e3o. Campos n\u00e3o preenchidos impedir\u00e3o o prosseguimento do envio para sele\u00e7\u00e3o.<br \/>5. Cada trabalho dever\u00e1 obrigatoriamente ter sua \u00c1REA TEM\u00c1TICA selecionada no formul\u00e1rio eletr\u00f4nico, conforme a seguir:&lt;br&gt;<\/p><p><strong>A. Avalia\u00e7\u00e3o de Tecnologias em Sa\u00fade<\/strong><br \/><strong>B. Biomateriais, Engenharia Tecidual e \u00d3rg\u00e3os Artificiais<\/strong><br \/><strong>C. Biosensores, Transdutores e Instrumenta\u00e7\u00e3o Biom\u00e9dica<br \/>D. Bioengenharia<br \/><\/strong><strong>E. Engenharia Cl\u00ednica e Engenharia Hospitalar<\/strong><br \/><strong>F. Inform\u00e1tica Biom\u00e9dica<\/strong><br \/><strong>G. Metrologia, Ensaios e Certifica\u00e7\u00e3o em Engenharia Biom\u00e9dica<\/strong><br \/><strong>H. Modelagem e Simula\u00e7\u00e3o Computacional <\/strong><br \/><strong>I. Nanotecnologia e Nanodispositivos Aplicada \u00e0 Sa\u00fade<\/strong><br \/><strong>J. Neuroengenharia <\/strong><br \/><strong>L. Processamento de Sinais e de Imagens Biom\u00e9dicas<\/strong><br \/><strong>M. Rob\u00f3tica Biom\u00e9dica e Biomec\u00e2nica <\/strong><br \/><strong>N. Sistemas de Diagn\u00f3stico e Terapia Cl\u00ednica <\/strong><br \/><strong>O Tecnologias Assistivas e Reabilita\u00e7\u00e3o<\/strong><br \/><strong>P. T\u00f3picos Especiais (Bio\u00e9tica, Educa\u00e7\u00e3o em Engenharia Biom\u00e9dica, outros);<\/strong><\/p><p>6. S\u00f3 s\u00e3o permitido a submiss\u00e3o de at\u00e9 2 trabalhos por autor<\/p><p>7. O sistema de submiss\u00e3o est\u00e1 limitado para at\u00e9 15 autores por trabalho<br \/>8. Os trabalhos poder\u00e3o ser encaminhados nos seguintes idiomas: portugu\u00eas, espanhol ou ingl\u00eas.<br \/>9. A Comiss\u00e3o Cient\u00edfica reserva o direito de excluir os trabalhos que n\u00e3o seguirem as normas estipuladas neste regulamento.<br \/>10. A Comiss\u00e3o Cient\u00edfica tem o direito de remover um artigo se este contiver dados j\u00e1 publicados. Todos os artigos enviados passar\u00e3o por verifica\u00e7\u00e3o de pl\u00e1gio, que definir\u00e1 a aceita\u00e7\u00e3o para a continuidade do processo de revis\u00e3o.<br \/>11. Uma vez enviado e finalizado no sistema, o resumo n\u00e3o poder\u00e1 mais ser alterado.<br \/><br \/><\/p><\/div>\n\t\t\t\t<\/div>\n\t\t\t\t\t\t\t<div class=\"elementor-accordion-item\">\n\t\t\t\t\t<div id=\"elementor-tab-title-1442\" class=\"elementor-tab-title\" data-tab=\"2\" role=\"button\" aria-controls=\"elementor-tab-content-1442\" aria-expanded=\"false\">\n\t\t\t\t\t\t\t\t\t\t\t\t\t<span class=\"elementor-accordion-icon elementor-accordion-icon-left\" aria-hidden=\"true\">\n\t\t\t\t\t\t\t\t\t\t\t\t\t\t\t<span class=\"elementor-accordion-icon-closed\"><i class=\"fas fa-plus\"><\/i><\/span>\n\t\t\t\t\t\t\t\t<span class=\"elementor-accordion-icon-opened\"><i class=\"fas fa-minus\"><\/i><\/span>\n\t\t\t\t\t\t\t\t\t\t\t\t\t\t<\/span>\n\t\t\t\t\t\t\t\t\t\t\t\t<a class=\"elementor-accordion-title\" tabindex=\"0\">Artigos submetidos contendo estudos realizados em humanos<\/a>\n\t\t\t\t\t<\/div>\n\t\t\t\t\t<div id=\"elementor-tab-content-1442\" class=\"elementor-tab-content elementor-clearfix\" data-tab=\"2\" role=\"region\" aria-labelledby=\"elementor-tab-title-1442\"><p>\u00a0Ser\u00e1 exigida e verificada a declara\u00e7\u00e3o que indica que o estudo foi revisado e aprovado por Comit\u00ea de \u00c9tica Local deve ser assinalada, confirmando que o estudo foi realizado de acordo com os padr\u00f5es \u00e9ticos estabelecidos na Declara\u00e7\u00e3o de Helsinque e que atende \u00e0s regulamenta\u00e7\u00f5es nacionais para estudos cient\u00edficos em humanos. Essa aprova\u00e7\u00e3o deve ser declarada no corpo do artigo.<\/p><\/div>\n\t\t\t\t<\/div>\n\t\t\t\t\t\t\t<div class=\"elementor-accordion-item\">\n\t\t\t\t\t<div id=\"elementor-tab-title-1443\" class=\"elementor-tab-title\" data-tab=\"3\" role=\"button\" aria-controls=\"elementor-tab-content-1443\" aria-expanded=\"false\">\n\t\t\t\t\t\t\t\t\t\t\t\t\t<span class=\"elementor-accordion-icon elementor-accordion-icon-left\" aria-hidden=\"true\">\n\t\t\t\t\t\t\t\t\t\t\t\t\t\t\t<span class=\"elementor-accordion-icon-closed\"><i class=\"fas fa-plus\"><\/i><\/span>\n\t\t\t\t\t\t\t\t<span class=\"elementor-accordion-icon-opened\"><i class=\"fas fa-minus\"><\/i><\/span>\n\t\t\t\t\t\t\t\t\t\t\t\t\t\t<\/span>\n\t\t\t\t\t\t\t\t\t\t\t\t<a class=\"elementor-accordion-title\" tabindex=\"0\">Artigos submetidos contendo estudos realizados em animais<\/a>\n\t\t\t\t\t<\/div>\n\t\t\t\t\t<div id=\"elementor-tab-content-1443\" class=\"elementor-tab-content elementor-clearfix\" data-tab=\"3\" role=\"region\" aria-labelledby=\"elementor-tab-title-1443\"><p>Ser\u00e1 exigida e verificada a declara\u00e7\u00e3o que indica que o estudo foi realizado segundo os princ\u00edpios do cuidado dos animais de laborat\u00f3rio e foi aprovado por um comit\u00e9 local de \u00e9tica em estudos com animais e \/ ou segue as leis nacionais do pa\u00eds ou pa\u00edses em que os estudos foram realizados. Esta aprova\u00e7\u00e3o deve estar indicada explicitamente ao final do texto submetido.<\/p><\/div>\n\t\t\t\t<\/div>\n\t\t\t\t\t\t\t<div class=\"elementor-accordion-item\">\n\t\t\t\t\t<div id=\"elementor-tab-title-1444\" class=\"elementor-tab-title\" data-tab=\"4\" role=\"button\" aria-controls=\"elementor-tab-content-1444\" aria-expanded=\"false\">\n\t\t\t\t\t\t\t\t\t\t\t\t\t<span class=\"elementor-accordion-icon elementor-accordion-icon-left\" aria-hidden=\"true\">\n\t\t\t\t\t\t\t\t\t\t\t\t\t\t\t<span class=\"elementor-accordion-icon-closed\"><i class=\"fas fa-plus\"><\/i><\/span>\n\t\t\t\t\t\t\t\t<span class=\"elementor-accordion-icon-opened\"><i class=\"fas fa-minus\"><\/i><\/span>\n\t\t\t\t\t\t\t\t\t\t\t\t\t\t<\/span>\n\t\t\t\t\t\t\t\t\t\t\t\t<a class=\"elementor-accordion-title\" tabindex=\"0\">Processo de revis\u00e3o de artigos submetidos<\/a>\n\t\t\t\t\t<\/div>\n\t\t\t\t\t<div id=\"elementor-tab-content-1444\" class=\"elementor-tab-content elementor-clearfix\" data-tab=\"4\" role=\"region\" aria-labelledby=\"elementor-tab-title-1444\"><p>O Comit\u00ea Cient\u00edfico revisar\u00e1 todos os artigos e comunica\u00e7\u00f5es curtas que forem submetidos, e notificar\u00e1 o autor apresentador (= primeiro autor na lista de autores) quando os trabalhos com o status &#8220;conclu\u00eddo&#8221; forem encaminhados a dois revisores an\u00f4nimos.<\/p><p>A aceita\u00e7\u00e3o ser\u00e1 notificada conforme mostrado na guia Datas importantes. Durante o processo de revis\u00e3o, todos os artigos enviados ser\u00e3o tratados de forma confidencial. Os autores ser\u00e3o notificados para revisar seus artigos durante o processo de revis\u00e3o.<\/p><p><strong>Crit\u00e9rios de avalia\u00e7\u00e3o:<\/strong><\/p><p>\u2022 Originalidade da pesquisa<br \/>\u2022 Bases te\u00f3ricas<br \/>\u2022 Clareza da quest\u00e3o de pesquisa<br \/>\u2022 Contribui\u00e7\u00e3o para o conhecimento, teoria ou pr\u00e1tica na Engenharia Biom\u00e9dica<br \/>\u2022 An\u00e1lise e representa\u00e7\u00e3o de dados<br \/>\u2022 Qualidade de reda\u00e7\u00e3o, clareza e estilo do manuscrito<br \/>\u2022 Como o m\u00e9todo reflete ou amplia outros estudos sobre o mesmo tema?<br \/>\u2022 As conclus\u00f5es e discuss\u00f5es correspondem ao descrito na metodologia e resultados.<br \/>\u2022 A bibliografia corresponde ao tema e est\u00e1 atualizada<br \/>\u2022 Organiza\u00e7\u00e3o do manuscrito de acordo com o modelo estabelecido<br \/>\u2022 Os trabalhos de investiga\u00e7\u00e3o apresentados cumprem a legisla\u00e7\u00e3o \u00e9tica em vigor sobre experimenta\u00e7\u00e3o humana ou animal?<\/p><\/div>\n\t\t\t\t<\/div>\n\t\t\t\t\t\t\t<div class=\"elementor-accordion-item\">\n\t\t\t\t\t<div id=\"elementor-tab-title-1445\" class=\"elementor-tab-title\" data-tab=\"5\" role=\"button\" aria-controls=\"elementor-tab-content-1445\" aria-expanded=\"false\">\n\t\t\t\t\t\t\t\t\t\t\t\t\t<span class=\"elementor-accordion-icon elementor-accordion-icon-left\" aria-hidden=\"true\">\n\t\t\t\t\t\t\t\t\t\t\t\t\t\t\t<span class=\"elementor-accordion-icon-closed\"><i class=\"fas fa-plus\"><\/i><\/span>\n\t\t\t\t\t\t\t\t<span class=\"elementor-accordion-icon-opened\"><i class=\"fas fa-minus\"><\/i><\/span>\n\t\t\t\t\t\t\t\t\t\t\t\t\t\t<\/span>\n\t\t\t\t\t\t\t\t\t\t\t\t<a class=\"elementor-accordion-title\" tabindex=\"0\">Formato dos Artigos<\/a>\n\t\t\t\t\t<\/div>\n\t\t\t\t\t<div id=\"elementor-tab-content-1445\" class=\"elementor-tab-content elementor-clearfix\" data-tab=\"5\" role=\"region\" aria-labelledby=\"elementor-tab-title-1445\"><p>Todos os artigos e comunica\u00e7\u00f5es curtas devem ser preparados utilizando os seguintes modelos:<\/p><h3>Artigos Regulares<\/h3><p>Os artigos regulares devem ter entre 4 e 6 p\u00e1ginas.<\/p><ul><li>Modelos:\u00a0 <a href=\"https:\/\/sbeb.org.br\/cbeb2024\/wp-content\/uploads\/2023\/12\/regular.docx\">MS Word<\/a> ou <a href=\"https:\/\/sbeb.org.br\/cbeb2024\/wp-content\/uploads\/2023\/12\/regular_Latex.zip\">LaTex<\/a><\/li><\/ul><h3>Comunica\u00e7\u00f5es Curtas<\/h3><p>Comunica\u00e7\u00f5es curtas, de at\u00e9 2 p\u00e1ginas (incluindo texto, figuras, tabelas e refer\u00eancias).<\/p><ul><li>Modelos:\u00a0 <a href=\"https:\/\/sbeb.org.br\/cbeb2024\/wp-content\/uploads\/2023\/12\/short.docx\">MS Word<\/a> ou <a href=\"https:\/\/sbeb.org.br\/cbeb2024\/wp-content\/uploads\/2023\/12\/short_Latex.zip\">LaTex<\/a><\/li><\/ul><\/div>\n\t\t\t\t<\/div>\n\t\t\t\t\t\t\t\t\t\t<script type=\"application\/ld+json\">{\"@context\":\"https:\\\/\\\/schema.org\",\"@type\":\"FAQPage\",\"mainEntity\":[{\"@type\":\"Question\",\"name\":\"Regras para submiss\\u00e3o de trabalho cient\\u00edfico\",\"acceptedAnswer\":{\"@type\":\"Answer\",\"text\":\"<p>1. Somente ser\\u00e3o aceitos trabalhos submetidos on-line, pelo site https:\\\/\\\/www.cbeb.org.br\\\/ at\\u00e9 o dia 26 de abril de 2024.<br \\\/>2. O trabalho ser\\u00e1 submetido pelo sistema ap\\u00f3s a conclus\\u00e3o da inscri\\u00e7\\u00e3o.<br \\\/>3. Ap\\u00f3s realizar a inscri\\u00e7\\u00e3o online o inscrito dever\\u00e1 acessar sua \\u00e1rea reservada atrav\\u00e9s do link de inscri\\u00e7\\u00e3o e clicar no bot\\u00e3o de Submiss\\u00e3o de Trabalho, preenchendo os campos obrigat\\u00f3rio e avan\\u00e7ar as etapas at\\u00e9 finalizar o cadastro do resumo. N\\u00e3o \\u00e9 obrigat\\u00f3rio realizar o pagamento antes submeter o trabalho.<br \\\/>4. Complete todos os campos (dados do autor, do apresentador, dos coautores e institui\\u00e7\\u00f5es envolvidas). N\\u00e3o ser\\u00e1 permitida altera\\u00e7\\u00e3o no conte\\u00fado ou na lista de autores e coautores ap\\u00f3s submiss\\u00e3o. Campos n\\u00e3o preenchidos impedir\\u00e3o o prosseguimento do envio para sele\\u00e7\\u00e3o.<br \\\/>5. Cada trabalho dever\\u00e1 obrigatoriamente ter sua \\u00c1REA TEM\\u00c1TICA selecionada no formul\\u00e1rio eletr\\u00f4nico, conforme a seguir:&lt;br&gt;<\\\/p><p><strong>A. Avalia\\u00e7\\u00e3o de Tecnologias em Sa\\u00fade<\\\/strong><br \\\/><strong>B. Biomateriais, Engenharia Tecidual e \\u00d3rg\\u00e3os Artificiais<\\\/strong><br \\\/><strong>C. Biosensores, Transdutores e Instrumenta\\u00e7\\u00e3o Biom\\u00e9dica<br \\\/>D. Bioengenharia<br \\\/><\\\/strong><strong>E. Engenharia Cl\\u00ednica e Engenharia Hospitalar<\\\/strong><br \\\/><strong>F. Inform\\u00e1tica Biom\\u00e9dica<\\\/strong><br \\\/><strong>G. Metrologia, Ensaios e Certifica\\u00e7\\u00e3o em Engenharia Biom\\u00e9dica<\\\/strong><br \\\/><strong>H. Modelagem e Simula\\u00e7\\u00e3o Computacional <\\\/strong><br \\\/><strong>I. Nanotecnologia e Nanodispositivos Aplicada \\u00e0 Sa\\u00fade<\\\/strong><br \\\/><strong>J. Neuroengenharia <\\\/strong><br \\\/><strong>L. Processamento de Sinais e de Imagens Biom\\u00e9dicas<\\\/strong><br \\\/><strong>M. Rob\\u00f3tica Biom\\u00e9dica e Biomec\\u00e2nica <\\\/strong><br \\\/><strong>N. Sistemas de Diagn\\u00f3stico e Terapia Cl\\u00ednica <\\\/strong><br \\\/><strong>O Tecnologias Assistivas e Reabilita\\u00e7\\u00e3o<\\\/strong><br \\\/><strong>P. T\\u00f3picos Especiais (Bio\\u00e9tica, Educa\\u00e7\\u00e3o em Engenharia Biom\\u00e9dica, outros);<\\\/strong><\\\/p><p>6. S\\u00f3 s\\u00e3o permitido a submiss\\u00e3o de at\\u00e9 2 trabalhos por autor<\\\/p><p>7. O sistema de submiss\\u00e3o est\\u00e1 limitado para at\\u00e9 15 autores por trabalho<br \\\/>8. Os trabalhos poder\\u00e3o ser encaminhados nos seguintes idiomas: portugu\\u00eas, espanhol ou ingl\\u00eas.<br \\\/>9. A Comiss\\u00e3o Cient\\u00edfica reserva o direito de excluir os trabalhos que n\\u00e3o seguirem as normas estipuladas neste regulamento.<br \\\/>10. A Comiss\\u00e3o Cient\\u00edfica tem o direito de remover um artigo se este contiver dados j\\u00e1 publicados. Todos os artigos enviados passar\\u00e3o por verifica\\u00e7\\u00e3o de pl\\u00e1gio, que definir\\u00e1 a aceita\\u00e7\\u00e3o para a continuidade do processo de revis\\u00e3o.<br \\\/>11. Uma vez enviado e finalizado no sistema, o resumo n\\u00e3o poder\\u00e1 mais ser alterado.<br \\\/><br \\\/><\\\/p>\"}},{\"@type\":\"Question\",\"name\":\"Artigos submetidos contendo estudos realizados em humanos\",\"acceptedAnswer\":{\"@type\":\"Answer\",\"text\":\"<p>\\u00a0Ser\\u00e1 exigida e verificada a declara\\u00e7\\u00e3o que indica que o estudo foi revisado e aprovado por Comit\\u00ea de \\u00c9tica Local deve ser assinalada, confirmando que o estudo foi realizado de acordo com os padr\\u00f5es \\u00e9ticos estabelecidos na Declara\\u00e7\\u00e3o de Helsinque e que atende \\u00e0s regulamenta\\u00e7\\u00f5es nacionais para estudos cient\\u00edficos em humanos. Essa aprova\\u00e7\\u00e3o deve ser declarada no corpo do artigo.<\\\/p>\"}},{\"@type\":\"Question\",\"name\":\"Artigos submetidos contendo estudos realizados em animais\",\"acceptedAnswer\":{\"@type\":\"Answer\",\"text\":\"<p>Ser\\u00e1 exigida e verificada a declara\\u00e7\\u00e3o que indica que o estudo foi realizado segundo os princ\\u00edpios do cuidado dos animais de laborat\\u00f3rio e foi aprovado por um comit\\u00e9 local de \\u00e9tica em estudos com animais e \\\/ ou segue as leis nacionais do pa\\u00eds ou pa\\u00edses em que os estudos foram realizados. Esta aprova\\u00e7\\u00e3o deve estar indicada explicitamente ao final do texto submetido.<\\\/p>\"}},{\"@type\":\"Question\",\"name\":\"Processo de revis\\u00e3o de artigos submetidos\",\"acceptedAnswer\":{\"@type\":\"Answer\",\"text\":\"<p>O Comit\\u00ea Cient\\u00edfico revisar\\u00e1 todos os artigos e comunica\\u00e7\\u00f5es curtas que forem submetidos, e notificar\\u00e1 o autor apresentador (= primeiro autor na lista de autores) quando os trabalhos com o status &#8220;conclu\\u00eddo&#8221; forem encaminhados a dois revisores an\\u00f4nimos.<\\\/p><p>A aceita\\u00e7\\u00e3o ser\\u00e1 notificada conforme mostrado na guia Datas importantes. Durante o processo de revis\\u00e3o, todos os artigos enviados ser\\u00e3o tratados de forma confidencial. Os autores ser\\u00e3o notificados para revisar seus artigos durante o processo de revis\\u00e3o.<\\\/p><p><strong>Crit\\u00e9rios de avalia\\u00e7\\u00e3o:<\\\/strong><\\\/p><p>\\u2022 Originalidade da pesquisa<br \\\/>\\u2022 Bases te\\u00f3ricas<br \\\/>\\u2022 Clareza da quest\\u00e3o de pesquisa<br \\\/>\\u2022 Contribui\\u00e7\\u00e3o para o conhecimento, teoria ou pr\\u00e1tica na Engenharia Biom\\u00e9dica<br \\\/>\\u2022 An\\u00e1lise e representa\\u00e7\\u00e3o de dados<br \\\/>\\u2022 Qualidade de reda\\u00e7\\u00e3o, clareza e estilo do manuscrito<br \\\/>\\u2022 Como o m\\u00e9todo reflete ou amplia outros estudos sobre o mesmo tema?<br \\\/>\\u2022 As conclus\\u00f5es e discuss\\u00f5es correspondem ao descrito na metodologia e resultados.<br \\\/>\\u2022 A bibliografia corresponde ao tema e est\\u00e1 atualizada<br \\\/>\\u2022 Organiza\\u00e7\\u00e3o do manuscrito de acordo com o modelo estabelecido<br \\\/>\\u2022 Os trabalhos de investiga\\u00e7\\u00e3o apresentados cumprem a legisla\\u00e7\\u00e3o \\u00e9tica em vigor sobre experimenta\\u00e7\\u00e3o humana ou animal?<\\\/p>\"}},{\"@type\":\"Question\",\"name\":\"Formato dos Artigos\",\"acceptedAnswer\":{\"@type\":\"Answer\",\"text\":\"<p>Todos os artigos e comunica\\u00e7\\u00f5es curtas devem ser preparados utilizando os seguintes modelos:<\\\/p><h3>Artigos Regulares<\\\/h3><p>Os artigos regulares devem ter entre 4 e 6 p\\u00e1ginas.<\\\/p><ul><li>Modelos:\\u00a0 <a href=\\\"https:\\\/\\\/sbeb.org.br\\\/cbeb2024\\\/wp-content\\\/uploads\\\/2023\\\/12\\\/regular.docx\\\">MS Word<\\\/a> ou <a href=\\\"https:\\\/\\\/sbeb.org.br\\\/cbeb2024\\\/wp-content\\\/uploads\\\/2023\\\/12\\\/regular_Latex.zip\\\">LaTex<\\\/a><\\\/li><\\\/ul><h3>Comunica\\u00e7\\u00f5es Curtas<\\\/h3><p>Comunica\\u00e7\\u00f5es curtas, de at\\u00e9 2 p\\u00e1ginas (incluindo texto, figuras, tabelas e refer\\u00eancias).<\\\/p><ul><li>Modelos:\\u00a0 <a href=\\\"https:\\\/\\\/sbeb.org.br\\\/cbeb2024\\\/wp-content\\\/uploads\\\/2023\\\/12\\\/short.docx\\\">MS Word<\\\/a> ou <a href=\\\"https:\\\/\\\/sbeb.org.br\\\/cbeb2024\\\/wp-content\\\/uploads\\\/2023\\\/12\\\/short_Latex.zip\\\">LaTex<\\\/a><\\\/li><\\\/ul>\"}}]}<\/script>\n\t\t\t\t\t<\/div>\n\t\t\t\t<\/div>\n\t\t\t\t<\/div>\n\t\t\t\t\t<\/div>\n\t\t\t\t<\/div>\n\t\t\t\t\t\t\t<\/div>\n\t\t","protected":false},"excerpt":{"rendered":"<p>REGULAMENTO PARA ENVIO DE TRABALHO CIENT\u00cdFICO Regras para submiss\u00e3o de trabalho cient\u00edfico 1. Somente ser\u00e3o aceitos trabalhos submetidos on-line, pelo site https:\/\/www.cbeb.org.br\/ at\u00e9 o dia 26 de abril de 2024.2. O trabalho ser\u00e1 submetido pelo sistema ap\u00f3s a conclus\u00e3o da inscri\u00e7\u00e3o.3. Ap\u00f3s realizar a inscri\u00e7\u00e3o online o inscrito dever\u00e1 acessar sua \u00e1rea reservada atrav\u00e9s do [&hellip;]<\/p>\n","protected":false},"author":6,"featured_media":0,"parent":0,"menu_order":0,"comment_status":"closed","ping_status":"closed","template":"elementor_header_footer","meta":{"footnotes":""},"_links":{"self":[{"href":"https:\/\/sbeb.org.br\/cbeb2024\/wp-json\/wp\/v2\/pages\/1283"}],"collection":[{"href":"https:\/\/sbeb.org.br\/cbeb2024\/wp-json\/wp\/v2\/pages"}],"about":[{"href":"https:\/\/sbeb.org.br\/cbeb2024\/wp-json\/wp\/v2\/types\/page"}],"author":[{"embeddable":true,"href":"https:\/\/sbeb.org.br\/cbeb2024\/wp-json\/wp\/v2\/users\/6"}],"replies":[{"embeddable":true,"href":"https:\/\/sbeb.org.br\/cbeb2024\/wp-json\/wp\/v2\/comments?post=1283"}],"version-history":[{"count":45,"href":"https:\/\/sbeb.org.br\/cbeb2024\/wp-json\/wp\/v2\/pages\/1283\/revisions"}],"predecessor-version":[{"id":2389,"href":"https:\/\/sbeb.org.br\/cbeb2024\/wp-json\/wp\/v2\/pages\/1283\/revisions\/2389"}],"wp:attachment":[{"href":"https:\/\/sbeb.org.br\/cbeb2024\/wp-json\/wp\/v2\/media?parent=1283"}],"curies":[{"name":"wp","href":"https:\/\/api.w.org\/{rel}","templated":true}]}}