{"id":1713,"date":"2024-04-04T15:02:54","date_gmt":"2024-04-04T18:02:54","guid":{"rendered":"https:\/\/sbeb.org.br\/cbeb2024\/?page_id=1713"},"modified":"2024-06-14T21:50:14","modified_gmt":"2024-06-15T00:50:14","slug":"patrocinadorsolidario","status":"publish","type":"page","link":"https:\/\/sbeb.org.br\/cbeb2024\/patrocinadorsolidario\/","title":{"rendered":"Patrocinador Solid\u00e1rio-old"},"content":{"rendered":"\t\t<div data-elementor-type=\"wp-page\" data-elementor-id=\"1713\" class=\"elementor elementor-1713\" data-elementor-post-type=\"page\">\n\t\t\t\t\t\t\t<div class=\"elementor-element elementor-element-b741e45 e-con-full e-flex e-con\" data-id=\"b741e45\" data-element_type=\"container\" data-settings=\"{&quot;content_width&quot;:&quot;full&quot;}\">\n\t\t\t\t<\/div>\n\t\t<div class=\"elementor-element elementor-element-4de9700 e-flex e-con-boxed e-con\" data-id=\"4de9700\" data-element_type=\"container\" data-settings=\"{&quot;content_width&quot;:&quot;boxed&quot;}\">\n\t\t\t\t\t<div class=\"e-con-inner\">\n\t\t\t\t<div class=\"elementor-element elementor-element-8411845 elementor-widget elementor-widget-video\" data-id=\"8411845\" data-element_type=\"widget\" data-settings=\"{&quot;youtube_url&quot;:&quot;https:\\\/\\\/www.youtube.com\\\/watch?v=75GrezL9Eu8&quot;,&quot;video_type&quot;:&quot;youtube&quot;,&quot;controls&quot;:&quot;yes&quot;}\" data-widget_type=\"video.default\">\n\t\t\t\t<div class=\"elementor-widget-container\">\n\t\t\t<style>\/*! elementor - v3.15.0 - 09-08-2023 *\/\n.elementor-widget-video .elementor-widget-container{overflow:hidden;transform:translateZ(0)}.elementor-widget-video .elementor-wrapper{aspect-ratio:var(--video-aspect-ratio)}.elementor-widget-video .elementor-wrapper iframe,.elementor-widget-video .elementor-wrapper video{height:100%;width:100%;display:flex;border:none;background-color:#000}@supports not (aspect-ratio:1\/1){.elementor-widget-video .elementor-wrapper{position:relative;overflow:hidden;height:0;padding-bottom:calc(100% \/ var(--video-aspect-ratio))}.elementor-widget-video .elementor-wrapper iframe,.elementor-widget-video .elementor-wrapper video{position:absolute;top:0;right:0;bottom:0;left:0}}.elementor-widget-video .elementor-open-inline .elementor-custom-embed-image-overlay{position:absolute;top:0;right:0;bottom:0;left:0;background-size:cover;background-position:50%}.elementor-widget-video .elementor-custom-embed-image-overlay{cursor:pointer;text-align:center}.elementor-widget-video .elementor-custom-embed-image-overlay:hover .elementor-custom-embed-play i{opacity:1}.elementor-widget-video .elementor-custom-embed-image-overlay img{display:block;width:100%;aspect-ratio:var(--video-aspect-ratio);-o-object-fit:cover;object-fit:cover;-o-object-position:center center;object-position:center center}@supports not (aspect-ratio:1\/1){.elementor-widget-video .elementor-custom-embed-image-overlay{position:relative;overflow:hidden;height:0;padding-bottom:calc(100% \/ var(--video-aspect-ratio))}.elementor-widget-video .elementor-custom-embed-image-overlay img{position:absolute;top:0;right:0;bottom:0;left:0}}.elementor-widget-video .e-hosted-video .elementor-video{-o-object-fit:cover;object-fit:cover}.e-con-inner>.elementor-widget-video,.e-con>.elementor-widget-video{width:var(--container-widget-width);--flex-grow:var(--container-widget-flex-grow)}<\/style>\t\t<div class=\"elementor-wrapper elementor-open-inline\">\n\t\t\t<div class=\"elementor-video\"><\/div>\t\t<\/div>\n\t\t\t\t<\/div>\n\t\t\t\t<\/div>\n\t\t\t\t\t<\/div>\n\t\t\t\t<\/div>\n\t\t<div class=\"elementor-element elementor-element-f025e56 e-flex e-con-boxed e-con\" data-id=\"f025e56\" data-element_type=\"container\" data-settings=\"{&quot;content_width&quot;:&quot;boxed&quot;}\">\n\t\t\t\t\t<div class=\"e-con-inner\">\n\t\t\t\t<div class=\"elementor-element elementor-element-895548d elementor-widget__width-initial elementor-widget elementor-widget-image\" data-id=\"895548d\" data-element_type=\"widget\" data-widget_type=\"image.default\">\n\t\t\t\t<div class=\"elementor-widget-container\">\n\t\t\t<style>\/*! elementor - v3.15.0 - 09-08-2023 *\/\n.elementor-widget-image{text-align:center}.elementor-widget-image a{display:inline-block}.elementor-widget-image a img[src$=\".svg\"]{width:48px}.elementor-widget-image img{vertical-align:middle;display:inline-block}<\/style>\t\t\t\t\t\t\t\t\t\t\t\t<img decoding=\"async\" loading=\"lazy\" width=\"568\" height=\"368\" src=\"https:\/\/sbeb.org.br\/cbeb2024\/wp-content\/uploads\/2024\/04\/patrocinadorsolidario.jpg\" class=\"attachment-large size-large wp-image-1790\" alt=\"\" srcset=\"https:\/\/sbeb.org.br\/cbeb2024\/wp-content\/uploads\/2024\/04\/patrocinadorsolidario.jpg 568w, https:\/\/sbeb.org.br\/cbeb2024\/wp-content\/uploads\/2024\/04\/patrocinadorsolidario-300x194.jpg 300w\" sizes=\"(max-width: 568px) 100vw, 568px\" \/>\t\t\t\t\t\t\t\t\t\t\t\t\t\t\t<\/div>\n\t\t\t\t<\/div>\n\t\t\t\t<div class=\"elementor-element elementor-element-c4fcc58 elementor-widget__width-initial elementor-widget elementor-widget-text-editor\" data-id=\"c4fcc58\" data-element_type=\"widget\" data-widget_type=\"text-editor.default\">\n\t\t\t\t<div class=\"elementor-widget-container\">\n\t\t\t<style>\/*! elementor - v3.15.0 - 09-08-2023 *\/\n.elementor-widget-text-editor.elementor-drop-cap-view-stacked .elementor-drop-cap{background-color:#69727d;color:#fff}.elementor-widget-text-editor.elementor-drop-cap-view-framed .elementor-drop-cap{color:#69727d;border:3px solid;background-color:transparent}.elementor-widget-text-editor:not(.elementor-drop-cap-view-default) .elementor-drop-cap{margin-top:8px}.elementor-widget-text-editor:not(.elementor-drop-cap-view-default) .elementor-drop-cap-letter{width:1em;height:1em}.elementor-widget-text-editor .elementor-drop-cap{float:left;text-align:center;line-height:1;font-size:50px}.elementor-widget-text-editor .elementor-drop-cap-letter{display:inline-block}<\/style>\t\t\t\t<p>Ser um Padrinho da comunidade Jovem da Engenharia Biom\u00e9dica \u00e9\u00a0<em>apostar no futuro<\/em>: estimulando o esp\u00edrito empreendedor, proporcionando aprendizados avan\u00e7ados em ci\u00eancia e tecnologia e descobrindo os talentos que moldar\u00e3o o futuro da Engenharia Biom\u00e9dica. Seja um padrinho de Engenharia Biom\u00e9dica e colabore para que estudantes de baixa renda possam participar desse importante evento.<\/p>\t\t\t\t\t\t<\/div>\n\t\t\t\t<\/div>\n\t\t\t\t\t<\/div>\n\t\t\t\t<\/div>\n\t\t<div class=\"elementor-element elementor-element-26bb428 e-flex e-con-boxed e-con\" data-id=\"26bb428\" data-element_type=\"container\" data-settings=\"{&quot;content_width&quot;:&quot;boxed&quot;}\">\n\t\t\t\t\t<div class=\"e-con-inner\">\n\t\t\t\t<div class=\"elementor-element elementor-element-4303b49 elementor-widget elementor-widget-text-editor\" data-id=\"4303b49\" data-element_type=\"widget\" data-widget_type=\"text-editor.default\">\n\t\t\t\t<div class=\"elementor-widget-container\">\n\t\t\t\t\t\t\t<p>\u00a0<\/p><h1>Cota A: R$ 3.000,00\u00a0 \u00a0<\/h1><p>\u00a0<\/p><h1>Cota B: R$ 5.000,00<\/h1>\t\t\t\t\t\t<\/div>\n\t\t\t\t<\/div>\n\t\t\t\t<div class=\"elementor-element elementor-element-fea3fa5 elementor-widget__width-initial elementor-widget elementor-widget-text-editor\" data-id=\"fea3fa5\" data-element_type=\"widget\" data-widget_type=\"text-editor.default\">\n\t\t\t\t<div class=\"elementor-widget-container\">\n\t\t\t\t\t\t\t<p>AG. 1969-0;\u00a0 \u00a0CC: 15288-9<br \/>PIX: <span style=\"font-size: 25px; font-weight: 300; color: var( --e-global-color-text ); letter-spacing: 0px; text-transform: var( --e-global-typography-text-text-transform ); text-align: var(--text-align); background-color: var( --e-global-color-c696dce );\">cbeb2024@sbeb.org.br<\/span><\/p><p><span style=\"font-size: 25px; font-weight: 300; color: var( --e-global-color-text ); letter-spacing: 0px; text-transform: var( --e-global-typography-text-text-transform ); text-align: var(--text-align); background-color: var( --e-global-color-c696dce );\"><strong>Contato<\/strong>: cbeb2024@sbeb.org.br<br \/><\/span><span style=\"font-size: 25px; font-weight: 300; color: var( --e-global-color-text ); letter-spacing: 0px; text-transform: var( --e-global-typography-text-text-transform ); text-align: var(--text-align); background-color: var( --e-global-color-c696dce );\">guilherme.serafim@oxfordeventos.com.br<br \/><strong>Telefone\/whatsapp<\/strong>: 16 99755-5345<\/span><\/p><p><a href=\"https:\/\/forms.gle\/a61BFcRnWevFSX1T9\" data-wplink-edit=\"true\">Dados da Empresa e Comprovante Dep\u00f3sito<\/a><\/p>\t\t\t\t\t\t<\/div>\n\t\t\t\t<\/div>\n\t\t\t\t\t<\/div>\n\t\t\t\t<\/div>\n\t\t<div class=\"elementor-element elementor-element-5171d65 e-flex e-con-boxed e-con\" data-id=\"5171d65\" data-element_type=\"container\" data-settings=\"{&quot;content_width&quot;:&quot;boxed&quot;}\">\n\t\t\t\t\t<div class=\"e-con-inner\">\n\t\t\t\t<div class=\"elementor-element elementor-element-105719b elementor-widget elementor-widget-heading\" data-id=\"105719b\" data-element_type=\"widget\" data-widget_type=\"heading.default\">\n\t\t\t\t<div class=\"elementor-widget-container\">\n\t\t\t<style>\/*! elementor - v3.15.0 - 09-08-2023 *\/\n.elementor-heading-title{padding:0;margin:0;line-height:1}.elementor-widget-heading .elementor-heading-title[class*=elementor-size-]>a{color:inherit;font-size:inherit;line-height:inherit}.elementor-widget-heading .elementor-heading-title.elementor-size-small{font-size:15px}.elementor-widget-heading .elementor-heading-title.elementor-size-medium{font-size:19px}.elementor-widget-heading .elementor-heading-title.elementor-size-large{font-size:29px}.elementor-widget-heading .elementor-heading-title.elementor-size-xl{font-size:39px}.elementor-widget-heading .elementor-heading-title.elementor-size-xxl{font-size:59px}<\/style><h2 class=\"elementor-heading-title elementor-size-default\">Contrapartida da Cota A<\/h2>\t\t<\/div>\n\t\t\t\t<\/div>\n\t\t\t\t<div class=\"elementor-element elementor-element-e825fcf elementor-widget elementor-widget-text-editor\" data-id=\"e825fcf\" data-element_type=\"widget\" data-widget_type=\"text-editor.default\">\n\t\t\t\t<div class=\"elementor-widget-container\">\n\t\t\t\t\t\t\t<ul>\n<li>5 Inscri\u00e7\u00f5es para estudantes de Engenharia Biom\u00e9dica em n\u00edveis de Gradua\u00e7\u00e3o ou P\u00f3s-gradua\u00e7\u00e3o e com trabalhos aceitos para apresenta\u00e7\u00e3o no CBEB2024;<\/li>\n<li>1 Pr\u00eamio no valor de R$ 1.000,00 para o melhor trabalho dentre os 5 inscritos.<\/li><li>Marca da empresa estampada nas m\u00eddias do CBEB2024;<\/li>\n<li>Relat\u00f3rio com os nomes e contatos dos 5 estudantes inscritos, destacando os trabalhos apresentados e o nome do estudante premiado;<\/li>\n<li>1 Certificado em reconhecimento social, por estarem contribuindo para a forma\u00e7\u00e3o dos jovens e, consequentemente, para o fortalecimento da ind\u00fastria. Pois, durante o CBEB2024, eles ter\u00e3o grandes imers\u00f5es cient\u00edficas, tecnol\u00f3gicas e empreendedoras por meio de minicursos, din\u00e2micas com desafios tecnol\u00f3gicos, plen\u00e1rias, pain\u00e9is, e apresenta\u00e7\u00f5es cient\u00edficas, al\u00e9m da integra\u00e7\u00e3o com outros estudantes, pesquisadores e profissionais nacionais e internacionais.<\/li>\n<\/ul>\t\t\t\t\t\t<\/div>\n\t\t\t\t<\/div>\n\t\t\t\t<div class=\"elementor-element elementor-element-b7df473 elementor-widget elementor-widget-heading\" data-id=\"b7df473\" data-element_type=\"widget\" data-widget_type=\"heading.default\">\n\t\t\t\t<div class=\"elementor-widget-container\">\n\t\t\t<h2 class=\"elementor-heading-title elementor-size-default\">Contrapartida da Cota B<\/h2>\t\t<\/div>\n\t\t\t\t<\/div>\n\t\t\t\t<div class=\"elementor-element elementor-element-82503a0 elementor-widget elementor-widget-text-editor\" data-id=\"82503a0\" data-element_type=\"widget\" data-widget_type=\"text-editor.default\">\n\t\t\t\t<div class=\"elementor-widget-container\">\n\t\t\t\t\t\t\t<ul><li>10 Inscri\u00e7\u00f5es para estudantes em n\u00edveis de Gradua\u00e7\u00e3o ou P\u00f3s-gradua\u00e7\u00e3o e com trabalhos aceitos para apresenta\u00e7\u00e3o no CBEB2024;<\/li><li>1 Pr\u00eamio no valor de R$ 1.000,00 para o melhor trabalho dentre os 10 inscritos.<\/li><li>Marca da empresa estampada nas m\u00eddias do CBEB2024;<\/li><li>Relat\u00f3rio com os nomes e contatos dos 10 estudantes inscritos, destacando os trabalhos apresentados e o nome do estudante premiado;<\/li><li>1 Certificado em reconhecimento social para a empresa\/institui\u00e7\u00e3o patrocinadora, por estarem contribuindo para a forma\u00e7\u00e3o dos jovens e, consequentemente, para o fortalecimento da ind\u00fastria da sa\u00fade. Pois, durante o CBEB2024, eles ter\u00e3o grandes imers\u00f5es cient\u00edficas, tecnol\u00f3gicas e empreendedoras por meio de minicursos, din\u00e2micas com desafios tecnol\u00f3gicos, plen\u00e1rias, pain\u00e9is, e apresenta\u00e7\u00f5es cient\u00edficas, al\u00e9m da integra\u00e7\u00e3o com outros estudantes, pesquisadores e profissionais nacionais e internacionais. <br \/><br \/><\/li><\/ul>\t\t\t\t\t\t<\/div>\n\t\t\t\t<\/div>\n\t\t\t\t<div class=\"elementor-element elementor-element-45876b5 elementor-widget elementor-widget-heading\" data-id=\"45876b5\" data-element_type=\"widget\" data-widget_type=\"heading.default\">\n\t\t\t\t<div class=\"elementor-widget-container\">\n\t\t\t<h2 class=\"elementor-heading-title elementor-size-default\">Regulamento<\/h2>\t\t<\/div>\n\t\t\t\t<\/div>\n\t\t\t\t<div class=\"elementor-element elementor-element-a153a51 elementor-widget elementor-widget-text-editor\" data-id=\"a153a51\" data-element_type=\"widget\" data-widget_type=\"text-editor.default\">\n\t\t\t\t<div class=\"elementor-widget-container\">\n\t\t\t\t\t\t\t<p>O patrocinador poder\u00e1 indicar os nomes dos estudantes ou poder\u00e1 deixar a crit\u00e9rio da comiss\u00e3o organizadora do CBEB, de modo favorecer estudantes de baixa renda e que moram em regi\u00f5es mais distantes do local do evento (regi\u00f5es Norte, Nordeste, Sul e Centro-Oeste);<\/p><p>O valor do patroc\u00ednio dever\u00e1 ser feito na conta do Congresso por meio de transfer\u00eancia ou PIX. Banco do Brasil, Ag\u00eancia 1969-0, Conta Corrente 15288-9, ou chave do PIX: <a href=\"mailto:cbeb2024@sbeb.org.br\">cbeb2024@sbeb.org.br<\/a>. Enviar o comprovante de dep\u00f3sito e dados da empresa por meio deste <a href=\"https:\/\/forms.gle\/a61BFcRnWevFSX1T9\" data-wplink-edit=\"true\">formul\u00e1rio<\/a>.<\/p><p>O melhor trabalho dentre os patrocinados ser\u00e1 escolhido a partir da avalia\u00e7\u00e3o criteriosa realizada pela comiss\u00e3o de avalia\u00e7\u00e3o, destacando o car\u00e1ter cient\u00edfico, tecnol\u00f3gico e inovador dos trabalhos;<\/p><p>Caso o trabalho do aluno indicado n\u00e3o seja aceito para ser apresentado no CBEB, sua inscri\u00e7\u00e3o poder\u00e1 ser substitu\u00edda;<\/p><p>A crit\u00e9rio da comiss\u00e3o organizadora, o saldo do patroc\u00ednio solid\u00e1rio ser\u00e1 usado para apoio de custeio de transporte e\/ou di\u00e1rias dos estudantes mais carentes;<\/p>\t\t\t\t\t\t<\/div>\n\t\t\t\t<\/div>\n\t\t\t\t\t<\/div>\n\t\t\t\t<\/div>\n\t\t\t\t\t\t\t<\/div>\n\t\t","protected":false},"excerpt":{"rendered":"<p>Ser um Padrinho da comunidade Jovem da Engenharia Biom\u00e9dica \u00e9\u00a0apostar no futuro: estimulando o esp\u00edrito empreendedor, proporcionando aprendizados avan\u00e7ados em ci\u00eancia e tecnologia e descobrindo os talentos que moldar\u00e3o o futuro da Engenharia Biom\u00e9dica. Seja um padrinho de Engenharia Biom\u00e9dica e colabore para que estudantes de baixa renda possam participar desse importante evento. \u00a0 Cota [&hellip;]<\/p>\n","protected":false},"author":6,"featured_media":0,"parent":0,"menu_order":0,"comment_status":"closed","ping_status":"closed","template":"elementor_header_footer","meta":{"footnotes":""},"_links":{"self":[{"href":"https:\/\/sbeb.org.br\/cbeb2024\/wp-json\/wp\/v2\/pages\/1713"}],"collection":[{"href":"https:\/\/sbeb.org.br\/cbeb2024\/wp-json\/wp\/v2\/pages"}],"about":[{"href":"https:\/\/sbeb.org.br\/cbeb2024\/wp-json\/wp\/v2\/types\/page"}],"author":[{"embeddable":true,"href":"https:\/\/sbeb.org.br\/cbeb2024\/wp-json\/wp\/v2\/users\/6"}],"replies":[{"embeddable":true,"href":"https:\/\/sbeb.org.br\/cbeb2024\/wp-json\/wp\/v2\/comments?post=1713"}],"version-history":[{"count":60,"href":"https:\/\/sbeb.org.br\/cbeb2024\/wp-json\/wp\/v2\/pages\/1713\/revisions"}],"predecessor-version":[{"id":2627,"href":"https:\/\/sbeb.org.br\/cbeb2024\/wp-json\/wp\/v2\/pages\/1713\/revisions\/2627"}],"wp:attachment":[{"href":"https:\/\/sbeb.org.br\/cbeb2024\/wp-json\/wp\/v2\/media?parent=1713"}],"curies":[{"name":"wp","href":"https:\/\/api.w.org\/{rel}","templated":true}]}}