{"id":1717,"date":"2024-04-04T15:06:04","date_gmt":"2024-04-04T18:06:04","guid":{"rendered":"https:\/\/sbeb.org.br\/cbeb2024\/?page_id=1717"},"modified":"2024-06-25T14:06:50","modified_gmt":"2024-06-25T17:06:50","slug":"expositores","status":"publish","type":"page","link":"https:\/\/sbeb.org.br\/cbeb2024\/expositores\/","title":{"rendered":"Expositores"},"content":{"rendered":"\t\t<div data-elementor-type=\"wp-page\" data-elementor-id=\"1717\" class=\"elementor elementor-1717\" data-elementor-post-type=\"page\">\n\t\t\t\t\t\t\t<div class=\"elementor-element elementor-element-c7f72eb e-con-full e-flex e-con\" data-id=\"c7f72eb\" data-element_type=\"container\" data-settings=\"{&quot;content_width&quot;:&quot;full&quot;,&quot;background_background&quot;:&quot;classic&quot;}\">\n\t\t\t\t<\/div>\n\t\t<div class=\"elementor-element elementor-element-d89ef7d e-flex e-con-boxed e-con\" data-id=\"d89ef7d\" data-element_type=\"container\" data-settings=\"{&quot;content_width&quot;:&quot;boxed&quot;}\">\n\t\t\t\t\t<div class=\"e-con-inner\">\n\t\t\t\t<div class=\"elementor-element elementor-element-37bd1f4 elementor-align-center elementor-widget elementor-widget-button\" data-id=\"37bd1f4\" data-element_type=\"widget\" data-widget_type=\"button.default\">\n\t\t\t\t<div class=\"elementor-widget-container\">\n\t\t\t\t\t<div class=\"elementor-button-wrapper\">\n\t\t\t<a class=\"elementor-button elementor-button-link elementor-size-sm\" href=\"https:\/\/sbeb.org.br\/cbeb2024\/wp-content\/uploads\/2024\/04\/Ebook-Comercial-CBEB-2024.pdf\">\n\t\t\t\t\t\t<span class=\"elementor-button-content-wrapper\">\n\t\t\t\t\t\t<span class=\"elementor-button-text\">BOOK Comercial<\/span>\n\t\t<\/span>\n\t\t\t\t\t<\/a>\n\t\t<\/div>\n\t\t\t\t<\/div>\n\t\t\t\t<\/div>\n\t\t\t\t\t<\/div>\n\t\t\t\t<\/div>\n\t\t<div class=\"elementor-element elementor-element-e849ee0 e-flex e-con-boxed e-con\" data-id=\"e849ee0\" data-element_type=\"container\" data-settings=\"{&quot;content_width&quot;:&quot;boxed&quot;}\">\n\t\t\t\t\t<div class=\"e-con-inner\">\n\t\t<div class=\"elementor-element elementor-element-b48e991 e-con-full e-flex e-con\" data-id=\"b48e991\" data-element_type=\"container\" data-settings=\"{&quot;content_width&quot;:&quot;full&quot;}\">\n\t\t\t\t<div class=\"elementor-element elementor-element-a9f9452 elementor-widget elementor-widget-text-editor\" data-id=\"a9f9452\" data-element_type=\"widget\" data-widget_type=\"text-editor.default\">\n\t\t\t\t<div class=\"elementor-widget-container\">\n\t\t\t<style>\/*! elementor - v3.15.0 - 09-08-2023 *\/\n.elementor-widget-text-editor.elementor-drop-cap-view-stacked .elementor-drop-cap{background-color:#69727d;color:#fff}.elementor-widget-text-editor.elementor-drop-cap-view-framed .elementor-drop-cap{color:#69727d;border:3px solid;background-color:transparent}.elementor-widget-text-editor:not(.elementor-drop-cap-view-default) .elementor-drop-cap{margin-top:8px}.elementor-widget-text-editor:not(.elementor-drop-cap-view-default) .elementor-drop-cap-letter{width:1em;height:1em}.elementor-widget-text-editor .elementor-drop-cap{float:left;text-align:center;line-height:1;font-size:50px}.elementor-widget-text-editor .elementor-drop-cap-letter{display:inline-block}<\/style>\t\t\t\t<p><strong>Apresente sua empresa no Congresso Brasileiro de Engenharia Biom\u00e9dica!<\/strong> O maior evento de tecnologia em sa\u00fade do Brasil que integra Ci\u00eancia, Tecnologia e Inova\u00e7\u00e3o. Seja um expositor nessa vitrine de inova\u00e7\u00e3o cient\u00edfica e tecnol\u00f3gica e interaja diretamente com os principais pesquisadores, profissionais experientes e jovens talentos que representam o futuro promissor da tecnologia em sa\u00fade no pa\u00eds. Esta \u00e9 a sua chance \u00fanica de liderar a inova\u00e7\u00e3o, estabelecer conex\u00f5es valiosas e expandir sua rede de contatos em um evento de grande relev\u00e2ncia no setor!<\/p>\t\t\t\t\t\t<\/div>\n\t\t\t\t<\/div>\n\t\t\t\t<\/div>\n\t\t<div class=\"elementor-element elementor-element-ce833b2 e-con-full e-flex e-con\" data-id=\"ce833b2\" data-element_type=\"container\" data-settings=\"{&quot;content_width&quot;:&quot;full&quot;}\">\n\t\t\t\t<div class=\"elementor-element elementor-element-967188e elementor-widget elementor-widget-image\" data-id=\"967188e\" data-element_type=\"widget\" data-widget_type=\"image.default\">\n\t\t\t\t<div class=\"elementor-widget-container\">\n\t\t\t<style>\/*! elementor - v3.15.0 - 09-08-2023 *\/\n.elementor-widget-image{text-align:center}.elementor-widget-image a{display:inline-block}.elementor-widget-image a img[src$=\".svg\"]{width:48px}.elementor-widget-image img{vertical-align:middle;display:inline-block}<\/style>\t\t\t\t\t\t\t\t\t\t\t\t<img decoding=\"async\" loading=\"lazy\" width=\"640\" height=\"640\" src=\"https:\/\/sbeb.org.br\/cbeb2024\/wp-content\/uploads\/2024\/06\/DALL\u00b7E-2024-02-16-12.40.17-Visualize-a-simplified-modern-scene-representing-the-essence-of-functional-genomics-in-a-virtual-setting-with-a-focus-on-clarity-and-space.-The-scen.webp\" class=\"attachment-large size-large wp-image-2734\" alt=\"\" srcset=\"https:\/\/sbeb.org.br\/cbeb2024\/wp-content\/uploads\/2024\/06\/DALL\u00b7E-2024-02-16-12.40.17-Visualize-a-simplified-modern-scene-representing-the-essence-of-functional-genomics-in-a-virtual-setting-with-a-focus-on-clarity-and-space.-The-scen.webp 1024w, https:\/\/sbeb.org.br\/cbeb2024\/wp-content\/uploads\/2024\/06\/DALL\u00b7E-2024-02-16-12.40.17-Visualize-a-simplified-modern-scene-representing-the-essence-of-functional-genomics-in-a-virtual-setting-with-a-focus-on-clarity-and-space.-The-scen-300x300.webp 300w, https:\/\/sbeb.org.br\/cbeb2024\/wp-content\/uploads\/2024\/06\/DALL\u00b7E-2024-02-16-12.40.17-Visualize-a-simplified-modern-scene-representing-the-essence-of-functional-genomics-in-a-virtual-setting-with-a-focus-on-clarity-and-space.-The-scen-150x150.webp 150w, https:\/\/sbeb.org.br\/cbeb2024\/wp-content\/uploads\/2024\/06\/DALL\u00b7E-2024-02-16-12.40.17-Visualize-a-simplified-modern-scene-representing-the-essence-of-functional-genomics-in-a-virtual-setting-with-a-focus-on-clarity-and-space.-The-scen-768x768.webp 768w\" sizes=\"(max-width: 640px) 100vw, 640px\" \/>\t\t\t\t\t\t\t\t\t\t\t\t\t\t\t<\/div>\n\t\t\t\t<\/div>\n\t\t\t\t<\/div>\n\t\t\t\t\t<\/div>\n\t\t\t\t<\/div>\n\t\t<div class=\"elementor-element elementor-element-55a7c2e e-flex e-con-boxed e-con\" data-id=\"55a7c2e\" data-element_type=\"container\" data-settings=\"{&quot;content_width&quot;:&quot;boxed&quot;}\">\n\t\t\t\t\t<div class=\"e-con-inner\">\n\t\t\t\t<div class=\"elementor-element elementor-element-0ae6669 elementor-align-center elementor-widget elementor-widget-button\" data-id=\"0ae6669\" data-element_type=\"widget\" data-widget_type=\"button.default\">\n\t\t\t\t<div class=\"elementor-widget-container\">\n\t\t\t\t\t<div class=\"elementor-button-wrapper\">\n\t\t\t<a class=\"elementor-button elementor-button-link elementor-size-sm\" href=\"https:\/\/sbeb.org.br\/cbeb2024\/wp-content\/uploads\/2024\/04\/CBEB-2024-PLANTA-BAIXA-C.pdf\">\n\t\t\t\t\t\t<span class=\"elementor-button-content-wrapper\">\n\t\t\t\t\t\t<span class=\"elementor-button-text\">Planta Baixa<\/span>\n\t\t<\/span>\n\t\t\t\t\t<\/a>\n\t\t<\/div>\n\t\t\t\t<\/div>\n\t\t\t\t<\/div>\n\t\t\t\t<div class=\"elementor-element elementor-element-7a02849 elementor-widget elementor-widget-image\" data-id=\"7a02849\" data-element_type=\"widget\" data-widget_type=\"image.default\">\n\t\t\t\t<div class=\"elementor-widget-container\">\n\t\t\t\t\t\t\t\t\t\t\t\t\t\t\t<img decoding=\"async\" loading=\"lazy\" width=\"640\" height=\"453\" src=\"https:\/\/sbeb.org.br\/cbeb2024\/wp-content\/uploads\/2024\/04\/Espaco-expositores-1024x724.png\" class=\"attachment-large size-large wp-image-1822\" alt=\"\" srcset=\"https:\/\/sbeb.org.br\/cbeb2024\/wp-content\/uploads\/2024\/04\/Espaco-expositores-1024x724.png 1024w, https:\/\/sbeb.org.br\/cbeb2024\/wp-content\/uploads\/2024\/04\/Espaco-expositores-300x212.png 300w, https:\/\/sbeb.org.br\/cbeb2024\/wp-content\/uploads\/2024\/04\/Espaco-expositores-768x543.png 768w, https:\/\/sbeb.org.br\/cbeb2024\/wp-content\/uploads\/2024\/04\/Espaco-expositores.png 1124w\" sizes=\"(max-width: 640px) 100vw, 640px\" \/>\t\t\t\t\t\t\t\t\t\t\t\t\t\t\t<\/div>\n\t\t\t\t<\/div>\n\t\t\t\t\t<\/div>\n\t\t\t\t<\/div>\n\t\t\t\t\t\t\t<\/div>\n\t\t","protected":false},"excerpt":{"rendered":"<p>BOOK Comercial Apresente sua empresa no Congresso Brasileiro de Engenharia Biom\u00e9dica! O maior evento de tecnologia em sa\u00fade do Brasil que integra Ci\u00eancia, Tecnologia e Inova\u00e7\u00e3o. Seja um expositor nessa vitrine de inova\u00e7\u00e3o cient\u00edfica e tecnol\u00f3gica e interaja diretamente com os principais pesquisadores, profissionais experientes e jovens talentos que representam o futuro promissor da tecnologia [&hellip;]<\/p>\n","protected":false},"author":3,"featured_media":0,"parent":0,"menu_order":0,"comment_status":"closed","ping_status":"closed","template":"elementor_header_footer","meta":{"footnotes":""},"_links":{"self":[{"href":"https:\/\/sbeb.org.br\/cbeb2024\/wp-json\/wp\/v2\/pages\/1717"}],"collection":[{"href":"https:\/\/sbeb.org.br\/cbeb2024\/wp-json\/wp\/v2\/pages"}],"about":[{"href":"https:\/\/sbeb.org.br\/cbeb2024\/wp-json\/wp\/v2\/types\/page"}],"author":[{"embeddable":true,"href":"https:\/\/sbeb.org.br\/cbeb2024\/wp-json\/wp\/v2\/users\/3"}],"replies":[{"embeddable":true,"href":"https:\/\/sbeb.org.br\/cbeb2024\/wp-json\/wp\/v2\/comments?post=1717"}],"version-history":[{"count":28,"href":"https:\/\/sbeb.org.br\/cbeb2024\/wp-json\/wp\/v2\/pages\/1717\/revisions"}],"predecessor-version":[{"id":2737,"href":"https:\/\/sbeb.org.br\/cbeb2024\/wp-json\/wp\/v2\/pages\/1717\/revisions\/2737"}],"wp:attachment":[{"href":"https:\/\/sbeb.org.br\/cbeb2024\/wp-json\/wp\/v2\/media?parent=1717"}],"curies":[{"name":"wp","href":"https:\/\/api.w.org\/{rel}","templated":true}]}}