{"id":2105,"date":"2024-04-21T21:55:35","date_gmt":"2024-04-22T00:55:35","guid":{"rendered":"https:\/\/sbeb.org.br\/cbeb2024\/?page_id=2105"},"modified":"2024-04-21T22:04:43","modified_gmt":"2024-04-22T01:04:43","slug":"biochallenge","status":"publish","type":"page","link":"https:\/\/sbeb.org.br\/cbeb2024\/biochallenge\/","title":{"rendered":"Biochallenge Brasil"},"content":{"rendered":"\t\t<div data-elementor-type=\"wp-page\" data-elementor-id=\"2105\" class=\"elementor elementor-2105\" data-elementor-post-type=\"page\">\n\t\t\t\t\t\t\t<div class=\"elementor-element elementor-element-b741e45 e-con-full e-flex e-con\" data-id=\"b741e45\" data-element_type=\"container\" data-settings=\"{&quot;content_width&quot;:&quot;full&quot;}\">\n\t\t\t\t<\/div>\n\t\t<div class=\"elementor-element elementor-element-27ea388 e-flex e-con-boxed e-con\" data-id=\"27ea388\" data-element_type=\"container\" data-settings=\"{&quot;content_width&quot;:&quot;boxed&quot;}\">\n\t\t\t\t\t<div class=\"e-con-inner\">\n\t\t<div class=\"elementor-element elementor-element-9e21f54 e-flex e-con-boxed e-con\" data-id=\"9e21f54\" data-element_type=\"container\" data-settings=\"{&quot;content_width&quot;:&quot;boxed&quot;}\">\n\t\t\t\t\t<div class=\"e-con-inner\">\n\t\t\t\t<div class=\"elementor-element elementor-element-2a92d61 elementor-align-center elementor-widget elementor-widget-button\" data-id=\"2a92d61\" data-element_type=\"widget\" data-widget_type=\"button.default\">\n\t\t\t\t<div class=\"elementor-widget-container\">\n\t\t\t\t\t<div class=\"elementor-button-wrapper\">\n\t\t\t<a class=\"elementor-button elementor-button-link elementor-size-sm\" href=\"https:\/\/www.sympla.com.br\/evento\/biochallenge-brasil-2024-competicao-nacional-de-engenharia-biomedica-inatel\/2419685?_gl=1*a6n4f5*_ga*MTE1NjE5NTc3OS4xNzA0OTE3ODgy*_ga_KXH10SQTZF*MTcxMzM3MjQyMS40NS4xLjE3MTMzNzI1MTUuMjcuMC4xMjAwNjYyMTk5&#038;share_id=copiarlink\">\n\t\t\t\t\t\t<span class=\"elementor-button-content-wrapper\">\n\t\t\t\t\t\t<span class=\"elementor-button-text\">Inscreva-se no Biochallange Brazil 2024<\/span>\n\t\t<\/span>\n\t\t\t\t\t<\/a>\n\t\t<\/div>\n\t\t\t\t<\/div>\n\t\t\t\t<\/div>\n\t\t\t\t\t<\/div>\n\t\t\t\t<\/div>\n\t\t<div class=\"elementor-element elementor-element-d038f56 e-flex e-con-boxed e-con\" data-id=\"d038f56\" data-element_type=\"container\" data-settings=\"{&quot;content_width&quot;:&quot;boxed&quot;}\">\n\t\t\t\t\t<div class=\"e-con-inner\">\n\t\t\t\t<div class=\"elementor-element elementor-element-a098913 elementor-widget elementor-widget-text-editor\" data-id=\"a098913\" data-element_type=\"widget\" data-widget_type=\"text-editor.default\">\n\t\t\t\t<div class=\"elementor-widget-container\">\n\t\t\t<style>\/*! elementor - v3.15.0 - 09-08-2023 *\/\n.elementor-widget-text-editor.elementor-drop-cap-view-stacked .elementor-drop-cap{background-color:#69727d;color:#fff}.elementor-widget-text-editor.elementor-drop-cap-view-framed .elementor-drop-cap{color:#69727d;border:3px solid;background-color:transparent}.elementor-widget-text-editor:not(.elementor-drop-cap-view-default) .elementor-drop-cap{margin-top:8px}.elementor-widget-text-editor:not(.elementor-drop-cap-view-default) .elementor-drop-cap-letter{width:1em;height:1em}.elementor-widget-text-editor .elementor-drop-cap{float:left;text-align:center;line-height:1;font-size:50px}.elementor-widget-text-editor .elementor-drop-cap-letter{display:inline-block}<\/style>\t\t\t\t<ul><li><h2 dir=\"auto\"><strong>BioChallenge Brasil 2024<\/strong><br \/>Competi\u00e7\u00e3o Nacional de Engenharia Biom\u00e9dica<\/h2><p dir=\"auto\">O Biochallenge Brasil, organizado pelo Inatel com o apoio da Sociedade Brasileira de Engenharia Biom\u00e9dica (SBEB), \u00e9 um evento que vai integrar estudantes apaixonados por tecnologia e sa\u00fade, estimulando-os, por meio de uma competi\u00e7\u00e3o de \u00e2mbito nacional, a desenvolver solu\u00e7\u00f5es para problemas da sa\u00fade!<\/p><p dir=\"auto\">A edi\u00e7\u00e3o 2024 do Biochallenge Brasil ter\u00e1 o tema Tecnologias Assistivas e contar\u00e1 com tr\u00eas fases, a Trilha, as Regionais e a Final Nacional.<\/p><p dir=\"auto\">A Trilha ser\u00e1 online, as Regionais ser\u00e3o presenciais em um Centro de Engenharia Biom\u00e9dica de cada regi\u00e3o do Brasil e a Final Nacional ser\u00e1 presencial no Congresso Brasileiro de Engenharia Biom\u00e9dica (CBEB) no dia 3 de Setembro de 2024.<\/p><p dir=\"auto\">Inscri\u00e7\u00f5es<\/p><p dir=\"auto\">S\u00e3o eleg\u00edveis para participar da competi\u00e7\u00e3o estudantes do Ensino Superior ou Ensino T\u00e9cnico em \u00e1reas relacionadas \u00e0 tecnologia, de institui\u00e7\u00f5es reconhecidas pelo MEC.<\/p><p dir=\"auto\">As inscri\u00e7\u00f5es s\u00e3o gratuitas e devem ser feitas at\u00e9 \u00e0s 23h59 do dia 25 de Maio de 2024.<\/p><p dir=\"auto\">A inscri\u00e7\u00e3o da equipe dever\u00e1 ser realizada por um integrante, l\u00edder da equipe, incluindo o cadastro de todos os integrantes (Selecionar o n\u00famero de ingressos referente ao n\u00famero de integrantes da equipe).<\/p><p dir=\"auto\">Alunos de Ensino M\u00e9dio Regular podem participar da Olimp\u00edada de Engenharia Biom\u00e9dica, tamb\u00e9m realizado pelo Inatel e financiado pela Finep. A Olimp\u00edada segue o mesmo formato do Biochallenge Brasil e acontecer\u00e1 em paralelo. Mais informa\u00e7\u00f5es em breve. <a href=\"https:\/\/www.sympla.com.br\/evento\/biochallenge-brasil-2024-competicao-nacional-de-engenharia-biomedica-inatel\/2419685?_gl=1*a6n4f5*_ga*MTE1NjE5NTc3OS4xNzA0OTE3ODgy*_ga_KXH10SQTZF*MTcxMzM3MjQyMS40NS4xLjE3MTMzNzI1MTUuMjcuMC4xMjAwNjYyMTk5&amp;share_id=copiarlink\">Leia mais<\/a>&#8230;&#8230;\u00a0<\/p><\/li><\/ul>\t\t\t\t\t\t<\/div>\n\t\t\t\t<\/div>\n\t\t\t\t\t<\/div>\n\t\t\t\t<\/div>\n\t\t\t\t\t<\/div>\n\t\t\t\t<\/div>\n\t\t\t\t\t\t\t<\/div>\n\t\t","protected":false},"excerpt":{"rendered":"<p>Inscreva-se no Biochallange Brazil 2024 BioChallenge Brasil 2024Competi\u00e7\u00e3o Nacional de Engenharia Biom\u00e9dica O Biochallenge Brasil, organizado pelo Inatel com o apoio da Sociedade Brasileira de Engenharia Biom\u00e9dica (SBEB), \u00e9 um evento que vai integrar estudantes apaixonados por tecnologia e sa\u00fade, estimulando-os, por meio de uma competi\u00e7\u00e3o de \u00e2mbito nacional, a desenvolver solu\u00e7\u00f5es para problemas da [&hellip;]<\/p>\n","protected":false},"author":2,"featured_media":0,"parent":0,"menu_order":0,"comment_status":"closed","ping_status":"closed","template":"elementor_header_footer","meta":{"footnotes":""},"_links":{"self":[{"href":"https:\/\/sbeb.org.br\/cbeb2024\/wp-json\/wp\/v2\/pages\/2105"}],"collection":[{"href":"https:\/\/sbeb.org.br\/cbeb2024\/wp-json\/wp\/v2\/pages"}],"about":[{"href":"https:\/\/sbeb.org.br\/cbeb2024\/wp-json\/wp\/v2\/types\/page"}],"author":[{"embeddable":true,"href":"https:\/\/sbeb.org.br\/cbeb2024\/wp-json\/wp\/v2\/users\/2"}],"replies":[{"embeddable":true,"href":"https:\/\/sbeb.org.br\/cbeb2024\/wp-json\/wp\/v2\/comments?post=2105"}],"version-history":[{"count":10,"href":"https:\/\/sbeb.org.br\/cbeb2024\/wp-json\/wp\/v2\/pages\/2105\/revisions"}],"predecessor-version":[{"id":2115,"href":"https:\/\/sbeb.org.br\/cbeb2024\/wp-json\/wp\/v2\/pages\/2105\/revisions\/2115"}],"wp:attachment":[{"href":"https:\/\/sbeb.org.br\/cbeb2024\/wp-json\/wp\/v2\/media?parent=2105"}],"curies":[{"name":"wp","href":"https:\/\/api.w.org\/{rel}","templated":true}]}}