{"id":295,"date":"2023-09-17T18:05:03","date_gmt":"2023-09-17T21:05:03","guid":{"rendered":"https:\/\/sbeb.org.br\/cbeb2024\/?page_id=295"},"modified":"2024-05-17T21:00:44","modified_gmt":"2024-05-18T00:00:44","slug":"comite-tematico","status":"publish","type":"page","link":"https:\/\/sbeb.org.br\/cbeb2024\/comite-tematico\/","title":{"rendered":"Comit\u00ea Tem\u00e1tico"},"content":{"rendered":"\t\t<div data-elementor-type=\"wp-page\" data-elementor-id=\"295\" class=\"elementor elementor-295\" data-elementor-post-type=\"page\">\n\t\t\t\t\t\t\t<div class=\"elementor-element elementor-element-7fee531 e-con-full e-flex e-con\" data-id=\"7fee531\" data-element_type=\"container\" data-settings=\"{&quot;content_width&quot;:&quot;full&quot;}\">\n\t\t\t\t<\/div>\n\t\t<div class=\"elementor-element elementor-element-380c8c4 e-con-full e-flex e-con\" data-id=\"380c8c4\" data-element_type=\"container\" data-settings=\"{&quot;content_width&quot;:&quot;full&quot;}\">\n\t\t<div class=\"elementor-element elementor-element-03440fa e-con-full e-flex e-con\" data-id=\"03440fa\" data-element_type=\"container\" data-settings=\"{&quot;content_width&quot;:&quot;full&quot;}\">\n\t\t\t\t<div class=\"elementor-element elementor-element-3b66d3c elementor-widget elementor-widget-heading\" data-id=\"3b66d3c\" data-element_type=\"widget\" data-widget_type=\"heading.default\">\n\t\t\t\t<div class=\"elementor-widget-container\">\n\t\t\t<style>\/*! elementor - v3.15.0 - 09-08-2023 *\/\n.elementor-heading-title{padding:0;margin:0;line-height:1}.elementor-widget-heading .elementor-heading-title[class*=elementor-size-]>a{color:inherit;font-size:inherit;line-height:inherit}.elementor-widget-heading .elementor-heading-title.elementor-size-small{font-size:15px}.elementor-widget-heading .elementor-heading-title.elementor-size-medium{font-size:19px}.elementor-widget-heading .elementor-heading-title.elementor-size-large{font-size:29px}.elementor-widget-heading .elementor-heading-title.elementor-size-xl{font-size:39px}.elementor-widget-heading .elementor-heading-title.elementor-size-xxl{font-size:59px}<\/style><h2 class=\"elementor-heading-title elementor-size-default\">1. Avalia\u00e7\u00e3o de Tecnologias em Sa\u00fade<\/h2>\t\t<\/div>\n\t\t\t\t<\/div>\n\t\t\t\t<div class=\"elementor-element elementor-element-223cb6d elementor-widget elementor-widget-heading\" data-id=\"223cb6d\" data-element_type=\"widget\" data-widget_type=\"heading.default\">\n\t\t\t\t<div class=\"elementor-widget-container\">\n\t\t\t<h2 class=\"elementor-heading-title elementor-size-default\">Fotini Santos Toscas (HCFMUSP)<br>\nMurilo Cont\u00f3 (Boston-Scientific)<br>\nRosimary Terezinha de Almeida (UFRJ)<br>\n<\/h2>\t\t<\/div>\n\t\t\t\t<\/div>\n\t\t\t\t<div class=\"elementor-element elementor-element-0548d16 elementor-widget elementor-widget-heading\" data-id=\"0548d16\" data-element_type=\"widget\" data-widget_type=\"heading.default\">\n\t\t\t\t<div class=\"elementor-widget-container\">\n\t\t\t<h2 class=\"elementor-heading-title elementor-size-default\"> 2.Biomateriais, Engenharia Tecidual e \u00d3rg\u00e3os Artificiais<\/h2>\t\t<\/div>\n\t\t\t\t<\/div>\n\t\t\t\t<div class=\"elementor-element elementor-element-0b50458 elementor-widget elementor-widget-heading\" data-id=\"0b50458\" data-element_type=\"widget\" data-widget_type=\"heading.default\">\n\t\t\t\t<div class=\"elementor-widget-container\">\n\t\t\t<h2 class=\"elementor-heading-title elementor-size-default\">Antonio Claudio Tedesco  (FFCLRP\/USP)<br>\nAna Paula Macedo (FORP\/USP)<br>\nJonas de Carvalho (EESC\/USP) <br>\nS\u00f4nia M Malmonge  (UFABC)<\/h2>\t\t<\/div>\n\t\t\t\t<\/div>\n\t\t\t\t<div class=\"elementor-element elementor-element-0898e63 elementor-widget elementor-widget-heading\" data-id=\"0898e63\" data-element_type=\"widget\" data-widget_type=\"heading.default\">\n\t\t\t\t<div class=\"elementor-widget-container\">\n\t\t\t<h2 class=\"elementor-heading-title elementor-size-default\">3. Biosensores, Transdutores e Instrumenta\u00e7\u00e3o Biom\u00e9dica<\/h2>\t\t<\/div>\n\t\t\t\t<\/div>\n\t\t\t\t<div class=\"elementor-element elementor-element-8753b9b elementor-widget elementor-widget-heading\" data-id=\"8753b9b\" data-element_type=\"widget\" data-widget_type=\"heading.default\">\n\t\t\t\t<div class=\"elementor-widget-container\">\n\t\t\t<h2 class=\"elementor-heading-title elementor-size-default\">Aparecido Augusto de Carvalho (FEIS\/UNESP) <br>\nEuler de Vilhena Garcia (UNB)<br>\nJo\u00e3o Carlos Machado (COPPE\/UFRJ)<br>\nJoaquim Miguel Maia (UFTPR)<br>\nJos\u00e9 Ricardo de Arruda Miranda (IB\/UNESP) <br>\nLiliane Ventura (EESC\/USP)<br>\nTalitha Nicoletti  R\u00e9gis (PUC-SP)\n\n\n<\/h2>\t\t<\/div>\n\t\t\t\t<\/div>\n\t\t\t\t<div class=\"elementor-element elementor-element-082638f elementor-widget elementor-widget-heading\" data-id=\"082638f\" data-element_type=\"widget\" data-widget_type=\"heading.default\">\n\t\t\t\t<div class=\"elementor-widget-container\">\n\t\t\t<h2 class=\"elementor-heading-title elementor-size-default\">4. Bioengenharia<\/h2>\t\t<\/div>\n\t\t\t\t<\/div>\n\t\t\t\t<div class=\"elementor-element elementor-element-70dc39d elementor-widget elementor-widget-heading\" data-id=\"70dc39d\" data-element_type=\"widget\" data-widget_type=\"heading.default\">\n\t\t\t\t<div class=\"elementor-widget-container\">\n\t\t\t<h2 class=\"elementor-heading-title elementor-size-default\">Rosana Almada Bassani (DEEB\/FEEC\/Unicamp) <br>\nDiogo Soriano (UFABC)<br>\nJair Goulart (UNB)\n\n\n<\/h2>\t\t<\/div>\n\t\t\t\t<\/div>\n\t\t\t\t<div class=\"elementor-element elementor-element-f1d6c1c elementor-widget elementor-widget-heading\" data-id=\"f1d6c1c\" data-element_type=\"widget\" data-widget_type=\"heading.default\">\n\t\t\t\t<div class=\"elementor-widget-container\">\n\t\t\t<h2 class=\"elementor-heading-title elementor-size-default\">5. Engenharia Cl\u00ednica e Engenharia Hospitalar<\/h2>\t\t<\/div>\n\t\t\t\t<\/div>\n\t\t\t\t<div class=\"elementor-element elementor-element-ab2595b elementor-widget elementor-widget-heading\" data-id=\"ab2595b\" data-element_type=\"widget\" data-widget_type=\"heading.default\">\n\t\t\t\t<div class=\"elementor-widget-container\">\n\t\t\t<h2 class=\"elementor-heading-title elementor-size-default\">Ana Paula Lemes Jesus dos Santos (Equipare\/Fixsystem)<br>\nL\u00facio Fl\u00e1vio de Magalh\u00e3es Brito (PUC-SP)<br>\nMarcelo Bomfim (Hospital S\u00edrio Liban\u00eas)<br>\nRoberto Macoto Ichinose (UFRJ)\n\n\n<\/h2>\t\t<\/div>\n\t\t\t\t<\/div>\n\t\t\t\t<div class=\"elementor-element elementor-element-303b896 elementor-widget elementor-widget-heading\" data-id=\"303b896\" data-element_type=\"widget\" data-widget_type=\"heading.default\">\n\t\t\t\t<div class=\"elementor-widget-container\">\n\t\t\t<h2 class=\"elementor-heading-title elementor-size-default\">6. Inform\u00e1tica Biom\u00e9dica<\/h2>\t\t<\/div>\n\t\t\t\t<\/div>\n\t\t\t\t<div class=\"elementor-element elementor-element-5e73ae1 elementor-widget elementor-widget-heading\" data-id=\"5e73ae1\" data-element_type=\"widget\" data-widget_type=\"heading.default\">\n\t\t\t\t<div class=\"elementor-widget-container\">\n\t\t\t<h2 class=\"elementor-heading-title elementor-size-default\">Claudia Maria Cabral Moro Barra (PUC-PR) <br>\nJoaquim Cezar Felipe (FFCLRP\/USP)<br>\nMarco Antonio Gutierrez (INCOR\/FMUSP) <br>\nPaulo Mazzoncini de Azevedo Marques (FMRP\/USP)<br>\nPaulo Roberto de Lima Lopes (RNP)\n<\/h2>\t\t<\/div>\n\t\t\t\t<\/div>\n\t\t\t\t<div class=\"elementor-element elementor-element-3eaba6c elementor-widget elementor-widget-heading\" data-id=\"3eaba6c\" data-element_type=\"widget\" data-widget_type=\"heading.default\">\n\t\t\t\t<div class=\"elementor-widget-container\">\n\t\t\t<h2 class=\"elementor-heading-title elementor-size-default\">7. Metrologia, Ensaios e Certifica\u00e7\u00e3o em Engenharia Biom\u00e9dica<\/h2>\t\t<\/div>\n\t\t\t\t<\/div>\n\t\t\t\t<div class=\"elementor-element elementor-element-3d2e680 elementor-widget elementor-widget-heading\" data-id=\"3d2e680\" data-element_type=\"widget\" data-widget_type=\"heading.default\">\n\t\t\t\t<div class=\"elementor-widget-container\">\n\t\t\t<h2 class=\"elementor-heading-title elementor-size-default\">Guilherme Braz (SUPERA Parque) <br>\nHenrique Takachi Moriya (EPUSP)<br>\nRodrigo Costa Felix (INMETRO)\n<\/h2>\t\t<\/div>\n\t\t\t\t<\/div>\n\t\t\t\t<div class=\"elementor-element elementor-element-78b7324 elementor-widget elementor-widget-heading\" data-id=\"78b7324\" data-element_type=\"widget\" data-widget_type=\"heading.default\">\n\t\t\t\t<div class=\"elementor-widget-container\">\n\t\t\t<h2 class=\"elementor-heading-title elementor-size-default\">8.  Modelagem e Simula\u00e7\u00e3o Computacional  <\/h2>\t\t<\/div>\n\t\t\t\t<\/div>\n\t\t\t\t<div class=\"elementor-element elementor-element-6eacb58 elementor-widget elementor-widget-heading\" data-id=\"6eacb58\" data-element_type=\"widget\" data-widget_type=\"heading.default\">\n\t\t\t\t<div class=\"elementor-widget-container\">\n\t\t\t<h2 class=\"elementor-heading-title elementor-size-default\">Andr\u00e9 Fabio Kohn \u2013 (LEB\/EPUSP)<br>\nLeonardo Abdala Elias (DEEB\/FEEC\/Unicamp) <br>\nLuiz Ot\u00e1vio Murta Jr. (DCM\/FFCLRP\/USP)\n\n\n<\/h2>\t\t<\/div>\n\t\t\t\t<\/div>\n\t\t\t\t<\/div>\n\t\t<div class=\"elementor-element elementor-element-c22c185 e-con-full e-flex e-con\" data-id=\"c22c185\" data-element_type=\"container\" data-settings=\"{&quot;content_width&quot;:&quot;full&quot;}\">\n\t\t\t\t<div class=\"elementor-element elementor-element-fba16dc elementor-widget elementor-widget-heading\" data-id=\"fba16dc\" data-element_type=\"widget\" data-widget_type=\"heading.default\">\n\t\t\t\t<div class=\"elementor-widget-container\">\n\t\t\t<h2 class=\"elementor-heading-title elementor-size-default\">9.  Nanotecnologia e Nanodispositivos Aplicados \u00e0 Sa\u00fade<\/h2>\t\t<\/div>\n\t\t\t\t<\/div>\n\t\t\t\t<div class=\"elementor-element elementor-element-b1cdbde elementor-widget elementor-widget-heading\" data-id=\"b1cdbde\" data-element_type=\"widget\" data-widget_type=\"heading.default\">\n\t\t\t\t<div class=\"elementor-widget-container\">\n\t\t\t<h2 class=\"elementor-heading-title elementor-size-default\">Eder Guidelli (DF\/FFCLRP\/USP)<br>\nJuliana Cancino Bernardi  (DQ\/FFCLRP\/USP)<br>\nGlauber Jos\u00e9 Ferreira Tomaz da Silva (UFAL)<br>\nRenato Evangelista de Ara\u00fajo (UFPE)<br>\nKarina Salom\u00e3o (GIIMUS\/USP-RP)\n<\/h2>\t\t<\/div>\n\t\t\t\t<\/div>\n\t\t\t\t<div class=\"elementor-element elementor-element-4fbe450 elementor-widget elementor-widget-heading\" data-id=\"4fbe450\" data-element_type=\"widget\" data-widget_type=\"heading.default\">\n\t\t\t\t<div class=\"elementor-widget-container\">\n\t\t\t<h2 class=\"elementor-heading-title elementor-size-default\">10. Neuroengenharia <\/h2>\t\t<\/div>\n\t\t\t\t<\/div>\n\t\t\t\t<div class=\"elementor-element elementor-element-88c038f elementor-widget elementor-widget-heading\" data-id=\"88c038f\" data-element_type=\"widget\" data-widget_type=\"heading.default\">\n\t\t\t\t<div class=\"elementor-widget-container\">\n\t\t\t<h2 class=\"elementor-heading-title elementor-size-default\">Alcimar Barbosa Soares (UFU)<br>\nAntonio Carlos Roque da Silva Filho (DF\/FFCLRP\/USP)<br>\nAntonio Carlos Guimar\u00e3es de Almeida (UFSJR)<br>\nCarina Marconi Germer \u2013(DEEB\/FEEC\/UNICAMP)<br>\nOswaldo Baffa  Filho (DF\/FFCLRP\/USP)<br>\nRenan Moioli   (IMD-UFRN) \n<\/h2>\t\t<\/div>\n\t\t\t\t<\/div>\n\t\t\t\t<div class=\"elementor-element elementor-element-c6a065f elementor-widget elementor-widget-heading\" data-id=\"c6a065f\" data-element_type=\"widget\" data-widget_type=\"heading.default\">\n\t\t\t\t<div class=\"elementor-widget-container\">\n\t\t\t<h2 class=\"elementor-heading-title elementor-size-default\">11. Processamento de Sinais e de Imagens Biom\u00e9dicas<\/h2>\t\t<\/div>\n\t\t\t\t<\/div>\n\t\t\t\t<div class=\"elementor-element elementor-element-bd44e3a elementor-widget elementor-widget-heading\" data-id=\"bd44e3a\" data-element_type=\"widget\" data-widget_type=\"heading.default\">\n\t\t\t\t<div class=\"elementor-widget-container\">\n\t\t\t<h2 class=\"elementor-heading-title elementor-size-default\">Homero Schiabel  (EESC\/USP) <br>\nJo\u00e3o Loures Salinet Junior (UFABC)<br>\nLet\u00edcia Rittner  (DCA\/FEEC\/Unicamp)<br>\nMatheus Moraes ((UNIFESP\/SJC-SP)\n\n<\/h2>\t\t<\/div>\n\t\t\t\t<\/div>\n\t\t\t\t<div class=\"elementor-element elementor-element-f94cbd4 elementor-widget elementor-widget-heading\" data-id=\"f94cbd4\" data-element_type=\"widget\" data-widget_type=\"heading.default\">\n\t\t\t\t<div class=\"elementor-widget-container\">\n\t\t\t<h2 class=\"elementor-heading-title elementor-size-default\">12. Rob\u00f3tica Biom\u00e9dica e Biomec\u00e2nica  <\/h2>\t\t<\/div>\n\t\t\t\t<\/div>\n\t\t\t\t<div class=\"elementor-element elementor-element-0f792b3 elementor-widget elementor-widget-heading\" data-id=\"0f792b3\" data-element_type=\"widget\" data-widget_type=\"heading.default\">\n\t\t\t\t<div class=\"elementor-widget-container\">\n\t\t\t<h2 class=\"elementor-heading-title elementor-size-default\">Antonio Shimano  (FMRP\/USP)<br>\nArturo Forner Cordero  (EPUSP)<br>\nLuciano Luporini Menegaldo  (UFRJ)<br>\nOlavo Luppi da Silva (UFABC)<br>\nAdriano Almeida Gon\u00e7alves Siqueira (EESC)\n<\/h2>\t\t<\/div>\n\t\t\t\t<\/div>\n\t\t\t\t<div class=\"elementor-element elementor-element-73ec63b elementor-widget elementor-widget-heading\" data-id=\"73ec63b\" data-element_type=\"widget\" data-widget_type=\"heading.default\">\n\t\t\t\t<div class=\"elementor-widget-container\">\n\t\t\t<h2 class=\"elementor-heading-title elementor-size-default\">13. Sistemas de Diagn\u00f3stico e Terapia Cl\u00ednica <\/h2>\t\t<\/div>\n\t\t\t\t<\/div>\n\t\t\t\t<div class=\"elementor-element elementor-element-c239e8e elementor-widget elementor-widget-heading\" data-id=\"c239e8e\" data-element_type=\"widget\" data-widget_type=\"heading.default\">\n\t\t\t\t<div class=\"elementor-widget-container\">\n\t\t\t<h2 class=\"elementor-heading-title elementor-size-default\">Ana Maria Marques da Silva (FM\/USP)\n<br>\nAna Patroc\u00ednio (UFU)<br>\nJuliana Fernandes Pavoni (FFCLRP\/USP)<br>\nRenato Z\u00e2ngaro (UAM)<br>\nTheo Zeferino Pavan (DF\/FFCLRP\/USP)<br>\nWagner Coelho de Albuquerque Pereira (COPE\/UFRJ)\n<\/h2>\t\t<\/div>\n\t\t\t\t<\/div>\n\t\t\t\t<div class=\"elementor-element elementor-element-2ae6375 elementor-widget elementor-widget-heading\" data-id=\"2ae6375\" data-element_type=\"widget\" data-widget_type=\"heading.default\">\n\t\t\t\t<div class=\"elementor-widget-container\">\n\t\t\t<h2 class=\"elementor-heading-title elementor-size-default\">14. Tecnologias Assistivas e Reabilita\u00e7\u00e3o<\/h2>\t\t<\/div>\n\t\t\t\t<\/div>\n\t\t\t\t<div class=\"elementor-element elementor-element-cf7f388 elementor-widget elementor-widget-heading\" data-id=\"cf7f388\" data-element_type=\"widget\" data-widget_type=\"heading.default\">\n\t\t\t\t<div class=\"elementor-widget-container\">\n\t\t\t<h2 class=\"elementor-heading-title elementor-size-default\">Adriano de Oliveira Andrade (UFU) <br>\nCleyton Fernandes Ferrarini (UFSCar) <br>\nMaria Claudia Ferreira de Castro (FEI-SP)<br>\nTeodiano F. Bastos  (UFES)\n\n\n<\/h2>\t\t<\/div>\n\t\t\t\t<\/div>\n\t\t\t\t<div class=\"elementor-element elementor-element-3a08ab1 elementor-widget elementor-widget-heading\" data-id=\"3a08ab1\" data-element_type=\"widget\" data-widget_type=\"heading.default\">\n\t\t\t\t<div class=\"elementor-widget-container\">\n\t\t\t<h2 class=\"elementor-heading-title elementor-size-default\">15. T\u00f3picos Especiais (Bio\u00e9tica, Educa\u00e7\u00e3o em Engenharia Biom\u00e9dica, outros);  <\/h2>\t\t<\/div>\n\t\t\t\t<\/div>\n\t\t\t\t<div class=\"elementor-element elementor-element-a64dd50 elementor-widget elementor-widget-heading\" data-id=\"a64dd50\" data-element_type=\"widget\" data-widget_type=\"heading.default\">\n\t\t\t\t<div class=\"elementor-widget-container\">\n\t\t\t<h2 class=\"elementor-heading-title elementor-size-default\">Adson Ferreira da Rocha (UNB)<br>\nM\u00e1rcio Nogueira de Souza (COPPE\/UFRJ)<br>\nPercy Nohama (UTFPR\/PUCPR)<br>\nRenan Moritz Varnier Rodrigues de Almeida (PEB\/COPPE\/UFRJ)<br>\n\n<\/h2>\t\t<\/div>\n\t\t\t\t<\/div>\n\t\t\t\t<\/div>\n\t\t\t\t<\/div>\n\t\t\t\t\t\t\t<\/div>\n\t\t","protected":false},"excerpt":{"rendered":"<p>1. Avalia\u00e7\u00e3o de Tecnologias em Sa\u00fade Fotini Santos Toscas (HCFMUSP) Murilo Cont\u00f3 (Boston-Scientific) Rosimary Terezinha de Almeida (UFRJ) 2.Biomateriais, Engenharia Tecidual e \u00d3rg\u00e3os Artificiais Antonio Claudio Tedesco (FFCLRP\/USP) Ana Paula Macedo (FORP\/USP) Jonas de Carvalho (EESC\/USP) S\u00f4nia M Malmonge (UFABC) 3. Biosensores, Transdutores e Instrumenta\u00e7\u00e3o Biom\u00e9dica Aparecido Augusto de Carvalho (FEIS\/UNESP) Euler de Vilhena Garcia [&hellip;]<\/p>\n","protected":false},"author":3,"featured_media":0,"parent":0,"menu_order":0,"comment_status":"closed","ping_status":"closed","template":"elementor_header_footer","meta":{"footnotes":""},"_links":{"self":[{"href":"https:\/\/sbeb.org.br\/cbeb2024\/wp-json\/wp\/v2\/pages\/295"}],"collection":[{"href":"https:\/\/sbeb.org.br\/cbeb2024\/wp-json\/wp\/v2\/pages"}],"about":[{"href":"https:\/\/sbeb.org.br\/cbeb2024\/wp-json\/wp\/v2\/types\/page"}],"author":[{"embeddable":true,"href":"https:\/\/sbeb.org.br\/cbeb2024\/wp-json\/wp\/v2\/users\/3"}],"replies":[{"embeddable":true,"href":"https:\/\/sbeb.org.br\/cbeb2024\/wp-json\/wp\/v2\/comments?post=295"}],"version-history":[{"count":151,"href":"https:\/\/sbeb.org.br\/cbeb2024\/wp-json\/wp\/v2\/pages\/295\/revisions"}],"predecessor-version":[{"id":2530,"href":"https:\/\/sbeb.org.br\/cbeb2024\/wp-json\/wp\/v2\/pages\/295\/revisions\/2530"}],"wp:attachment":[{"href":"https:\/\/sbeb.org.br\/cbeb2024\/wp-json\/wp\/v2\/media?parent=295"}],"curies":[{"name":"wp","href":"https:\/\/api.w.org\/{rel}","templated":true}]}}