{"id":3903,"date":"2024-08-23T20:39:31","date_gmt":"2024-08-23T23:39:31","guid":{"rendered":"https:\/\/sbeb.org.br\/cbeb2024\/?page_id=3903"},"modified":"2024-08-26T09:53:36","modified_gmt":"2024-08-26T12:53:36","slug":"regulamento-de-envio-video","status":"publish","type":"page","link":"https:\/\/sbeb.org.br\/cbeb2024\/regulamento-de-envio-video\/","title":{"rendered":"Submiss\u00e3o de V\u00eddeos"},"content":{"rendered":"\t\t<div data-elementor-type=\"wp-page\" data-elementor-id=\"3903\" class=\"elementor elementor-3903\" data-elementor-post-type=\"page\">\n\t\t\t\t\t\t\t<div class=\"elementor-element elementor-element-b741e45 e-con-full e-flex e-con\" data-id=\"b741e45\" data-element_type=\"container\" data-settings=\"{&quot;content_width&quot;:&quot;full&quot;}\">\n\t\t<div class=\"elementor-element elementor-element-31237b2 e-flex e-con-boxed e-con\" data-id=\"31237b2\" data-element_type=\"container\" data-settings=\"{&quot;content_width&quot;:&quot;boxed&quot;}\">\n\t\t\t\t\t<div class=\"e-con-inner\">\n\t\t\t\t<div class=\"elementor-element elementor-element-533980b elementor-widget elementor-widget-heading\" data-id=\"533980b\" data-element_type=\"widget\" data-widget_type=\"heading.default\">\n\t\t\t\t<div class=\"elementor-widget-container\">\n\t\t\t<style>\/*! elementor - v3.15.0 - 09-08-2023 *\/\n.elementor-heading-title{padding:0;margin:0;line-height:1}.elementor-widget-heading .elementor-heading-title[class*=elementor-size-]>a{color:inherit;font-size:inherit;line-height:inherit}.elementor-widget-heading .elementor-heading-title.elementor-size-small{font-size:15px}.elementor-widget-heading .elementor-heading-title.elementor-size-medium{font-size:19px}.elementor-widget-heading .elementor-heading-title.elementor-size-large{font-size:29px}.elementor-widget-heading .elementor-heading-title.elementor-size-xl{font-size:39px}.elementor-widget-heading .elementor-heading-title.elementor-size-xxl{font-size:59px}<\/style><h2 class=\"elementor-heading-title elementor-size-default\">REGULAMENTO PARA ENVIO DOS V\u00cdDEOS DE DIVULGA\u00c7\u00c3O<\/h2>\t\t<\/div>\n\t\t\t\t<\/div>\n\t\t\t\t<div class=\"elementor-element elementor-element-b83a256 elementor-view-default elementor-widget elementor-widget-icon\" data-id=\"b83a256\" data-element_type=\"widget\" data-widget_type=\"icon.default\">\n\t\t\t\t<div class=\"elementor-widget-container\">\n\t\t\t\t\t<div class=\"elementor-icon-wrapper\">\n\t\t\t<div class=\"elementor-icon\">\n\t\t\t<i aria-hidden=\"true\" class=\"fas fa-file-video\"><\/i>\t\t\t<\/div>\n\t\t<\/div>\n\t\t\t\t<\/div>\n\t\t\t\t<\/div>\n\t\t\t\t\t<\/div>\n\t\t\t\t<\/div>\n\t\t\t\t<\/div>\n\t\t<div class=\"elementor-element elementor-element-eb2a09a e-flex e-con-boxed e-con\" data-id=\"eb2a09a\" data-element_type=\"container\" data-settings=\"{&quot;content_width&quot;:&quot;boxed&quot;}\">\n\t\t\t\t\t<div class=\"e-con-inner\">\n\t\t<div class=\"elementor-element elementor-element-d0c0d67 e-flex e-con-boxed e-con\" data-id=\"d0c0d67\" data-element_type=\"container\" data-settings=\"{&quot;content_width&quot;:&quot;boxed&quot;}\">\n\t\t\t\t\t<div class=\"e-con-inner\">\n\t\t\t\t<div class=\"elementor-element elementor-element-8838c83 elementor-widget elementor-widget-heading\" data-id=\"8838c83\" data-element_type=\"widget\" data-widget_type=\"heading.default\">\n\t\t\t\t<div class=\"elementor-widget-container\">\n\t\t\t<h3 class=\"elementor-heading-title elementor-size-default\">Orienta\u00e7\u00f5es para preparar uma breve apresenta\u00e7\u00e3o (pitch) do seu v\u00eddeo<\/h3>\t\t<\/div>\n\t\t\t\t<\/div>\n\t\t\t\t<div class=\"elementor-element elementor-element-b371add elementor-widget elementor-widget-text-editor\" data-id=\"b371add\" data-element_type=\"widget\" data-widget_type=\"text-editor.default\">\n\t\t\t\t<div class=\"elementor-widget-container\">\n\t\t\t<style>\/*! elementor - v3.15.0 - 09-08-2023 *\/\n.elementor-widget-text-editor.elementor-drop-cap-view-stacked .elementor-drop-cap{background-color:#69727d;color:#fff}.elementor-widget-text-editor.elementor-drop-cap-view-framed .elementor-drop-cap{color:#69727d;border:3px solid;background-color:transparent}.elementor-widget-text-editor:not(.elementor-drop-cap-view-default) .elementor-drop-cap{margin-top:8px}.elementor-widget-text-editor:not(.elementor-drop-cap-view-default) .elementor-drop-cap-letter{width:1em;height:1em}.elementor-widget-text-editor .elementor-drop-cap{float:left;text-align:center;line-height:1;font-size:50px}.elementor-widget-text-editor .elementor-drop-cap-letter{display:inline-block}<\/style>\t\t\t\t<ul><li>Dura\u00e7\u00e3o: m\u00e1ximo de 5 minutos<\/li><li>Tamanho do arquivo: m\u00e1ximo de 150 MB<\/li><li>Formato de arquivo de v\u00eddeo: MP4<\/li><li>Dimens\u00f5es: altura m\u00ednima 720 pixels, propor\u00e7\u00e3o: 16:9<\/li><\/ul>\t\t\t\t\t\t<\/div>\n\t\t\t\t<\/div>\n\t\t\t\t<div class=\"elementor-element elementor-element-0be8ae2 elementor-widget-mobile__width-initial elementor-widget elementor-widget-text-editor\" data-id=\"0be8ae2\" data-element_type=\"widget\" data-widget_type=\"text-editor.default\">\n\t\t\t\t<div class=\"elementor-widget-container\">\n\t\t\t\t\t\t\t<ul><li><a href=\"https:\/\/www.youtube.com\/shorts\/L6vKq0ZRY2U\">Clique AQUI e assista este v\u00eddeo para maiores informa\u00e7\u00f5es<\/a><\/li><\/ul>\t\t\t\t\t\t<\/div>\n\t\t\t\t<\/div>\n\t\t\t\t\t<\/div>\n\t\t\t\t<\/div>\n\t\t<div class=\"elementor-element elementor-element-c9c6534 e-flex e-con-boxed e-con\" data-id=\"c9c6534\" data-element_type=\"container\" data-settings=\"{&quot;content_width&quot;:&quot;boxed&quot;}\">\n\t\t\t\t\t<div class=\"e-con-inner\">\n\t\t\t\t<div class=\"elementor-element elementor-element-be3b0b5 elementor-widget elementor-widget-heading\" data-id=\"be3b0b5\" data-element_type=\"widget\" data-widget_type=\"heading.default\">\n\t\t\t\t<div class=\"elementor-widget-container\">\n\t\t\t<h3 class=\"elementor-heading-title elementor-size-default\">Upload do v\u00eddeo<\/h3>\t\t<\/div>\n\t\t\t\t<\/div>\n\t\t\t\t<div class=\"elementor-element elementor-element-fd79ab1 elementor-widget elementor-widget-text-editor\" data-id=\"fd79ab1\" data-element_type=\"widget\" data-widget_type=\"text-editor.default\">\n\t\t\t\t<div class=\"elementor-widget-container\">\n\t\t\t\t\t\t\t<ul><li>Verifique em seu e-mail o ID do seu trabalho (Nome do e-mail: &#8220;Carta Aceite&#8230;&#8221;)<\/li><li><a href=\"https:\/\/forms.gle\/M6oxkBGwmaWXAU8p7\" target=\"_blank\" rel=\"noopener\" data-saferedirecturl=\"https:\/\/www.google.com\/url?q=https:\/\/forms.gle\/M6oxkBGwmaWXAU8p7&amp;source=gmail&amp;ust=1724541955305000&amp;usg=AOvVaw22WCPudrj_3u0Db3SVumsH\"><b>Click AQUI para o upload do v\u00eddeo<\/b><\/a><\/li><\/ul>\t\t\t\t\t\t<\/div>\n\t\t\t\t<\/div>\n\t\t\t\t\t<\/div>\n\t\t\t\t<\/div>\n\t\t\t\t\t<\/div>\n\t\t\t\t<\/div>\n\t\t\t\t\t\t\t<\/div>\n\t\t","protected":false},"excerpt":{"rendered":"<p>REGULAMENTO PARA ENVIO DOS V\u00cdDEOS DE DIVULGA\u00c7\u00c3O Orienta\u00e7\u00f5es para preparar uma breve apresenta\u00e7\u00e3o (pitch) do seu v\u00eddeo Dura\u00e7\u00e3o: m\u00e1ximo de 5 minutos Tamanho do arquivo: m\u00e1ximo de 150 MB Formato de arquivo de v\u00eddeo: MP4 Dimens\u00f5es: altura m\u00ednima 720 pixels, propor\u00e7\u00e3o: 16:9 Clique AQUI e assista este v\u00eddeo para maiores informa\u00e7\u00f5es Upload do v\u00eddeo Verifique [&hellip;]<\/p>\n","protected":false},"author":2,"featured_media":0,"parent":0,"menu_order":0,"comment_status":"closed","ping_status":"closed","template":"elementor_header_footer","meta":{"footnotes":""},"_links":{"self":[{"href":"https:\/\/sbeb.org.br\/cbeb2024\/wp-json\/wp\/v2\/pages\/3903"}],"collection":[{"href":"https:\/\/sbeb.org.br\/cbeb2024\/wp-json\/wp\/v2\/pages"}],"about":[{"href":"https:\/\/sbeb.org.br\/cbeb2024\/wp-json\/wp\/v2\/types\/page"}],"author":[{"embeddable":true,"href":"https:\/\/sbeb.org.br\/cbeb2024\/wp-json\/wp\/v2\/users\/2"}],"replies":[{"embeddable":true,"href":"https:\/\/sbeb.org.br\/cbeb2024\/wp-json\/wp\/v2\/comments?post=3903"}],"version-history":[{"count":13,"href":"https:\/\/sbeb.org.br\/cbeb2024\/wp-json\/wp\/v2\/pages\/3903\/revisions"}],"predecessor-version":[{"id":4001,"href":"https:\/\/sbeb.org.br\/cbeb2024\/wp-json\/wp\/v2\/pages\/3903\/revisions\/4001"}],"wp:attachment":[{"href":"https:\/\/sbeb.org.br\/cbeb2024\/wp-json\/wp\/v2\/media?parent=3903"}],"curies":[{"name":"wp","href":"https:\/\/api.w.org\/{rel}","templated":true}]}}