{"id":773,"date":"2023-12-15T11:39:21","date_gmt":"2023-12-15T14:39:21","guid":{"rendered":"https:\/\/sbeb.org.br\/cbeb2024\/?page_id=773"},"modified":"2024-07-05T22:59:44","modified_gmt":"2024-07-06T01:59:44","slug":"inscricoes","status":"publish","type":"page","link":"https:\/\/sbeb.org.br\/cbeb2024\/inscricoes\/","title":{"rendered":"Inscri\u00e7\u00f5es e Submiss\u00f5es"},"content":{"rendered":"\t\t<div data-elementor-type=\"wp-page\" data-elementor-id=\"773\" class=\"elementor elementor-773\" data-elementor-post-type=\"page\">\n\t\t\t\t\t\t\t<div class=\"elementor-element elementor-element-c7f72eb e-con-full e-flex e-con\" data-id=\"c7f72eb\" data-element_type=\"container\" data-settings=\"{&quot;content_width&quot;:&quot;full&quot;,&quot;background_background&quot;:&quot;classic&quot;}\">\n\t\t\t\t<\/div>\n\t\t<div class=\"elementor-element elementor-element-e2dbac1 e-flex e-con-boxed e-con\" data-id=\"e2dbac1\" data-element_type=\"container\" data-settings=\"{&quot;content_width&quot;:&quot;boxed&quot;}\">\n\t\t\t\t\t<div class=\"e-con-inner\">\n\t\t\t\t<div class=\"elementor-element elementor-element-8db5dba elementor-widget elementor-widget-text-editor\" data-id=\"8db5dba\" data-element_type=\"widget\" data-widget_type=\"text-editor.default\">\n\t\t\t\t<div class=\"elementor-widget-container\">\n\t\t\t<style>\/*! elementor - v3.15.0 - 09-08-2023 *\/\n.elementor-widget-text-editor.elementor-drop-cap-view-stacked .elementor-drop-cap{background-color:#69727d;color:#fff}.elementor-widget-text-editor.elementor-drop-cap-view-framed .elementor-drop-cap{color:#69727d;border:3px solid;background-color:transparent}.elementor-widget-text-editor:not(.elementor-drop-cap-view-default) .elementor-drop-cap{margin-top:8px}.elementor-widget-text-editor:not(.elementor-drop-cap-view-default) .elementor-drop-cap-letter{width:1em;height:1em}.elementor-widget-text-editor .elementor-drop-cap{float:left;text-align:center;line-height:1;font-size:50px}.elementor-widget-text-editor .elementor-drop-cap-letter{display:inline-block}<\/style>\t\t\t\t<p>Este link d\u00e1 acesso \u00e0 plataforma para inscri\u00e7\u00e3o e submiss\u00e3o de trabalhos no<strong> CBEB2024, Minicursos e IDEATHON<\/strong>.<\/p>\t\t\t\t\t\t<\/div>\n\t\t\t\t<\/div>\n\t\t\t\t<div class=\"elementor-element elementor-element-f4861f0 elementor-widget elementor-widget-text-editor\" data-id=\"f4861f0\" data-element_type=\"widget\" data-widget_type=\"text-editor.default\">\n\t\t\t\t<div class=\"elementor-widget-container\">\n\t\t\t\t\t\t\t<p>Seja um s\u00f3cio SBEB e nos ajude a fortalecer esse ecossistema da Engenharia Biom\u00e9dica no Brasil<\/p>\t\t\t\t\t\t<\/div>\n\t\t\t\t<\/div>\n\t\t\t\t<div class=\"elementor-element elementor-element-561d87b elementor-hidden-desktop elementor-hidden-tablet elementor-hidden-mobile elementor-widget elementor-widget-text-editor\" data-id=\"561d87b\" data-element_type=\"widget\" data-widget_type=\"text-editor.default\">\n\t\t\t\t<div class=\"elementor-widget-container\">\n\t\t\t\t\t\t\t<p>Este link d\u00e1 acesso \u00e0 inscri\u00e7\u00e3o do trabalho para o pr\u00eamio Engenharia Biom\u00e9dica para o SUS.<\/p>\t\t\t\t\t\t<\/div>\n\t\t\t\t<\/div>\n\t\t\t\t\t<\/div>\n\t\t\t\t<\/div>\n\t\t<div class=\"elementor-element elementor-element-78528b5 e-flex e-con-boxed e-con\" data-id=\"78528b5\" data-element_type=\"container\" data-settings=\"{&quot;content_width&quot;:&quot;boxed&quot;}\">\n\t\t\t\t\t<div class=\"e-con-inner\">\n\t\t\t\t<div class=\"elementor-element elementor-element-dd19137 elementor-align-center elementor-widget__width-initial elementor-widget elementor-widget-button\" data-id=\"dd19137\" data-element_type=\"widget\" data-widget_type=\"button.default\">\n\t\t\t\t<div class=\"elementor-widget-container\">\n\t\t\t\t\t<div class=\"elementor-button-wrapper\">\n\t\t\t<a class=\"elementor-button elementor-button-link elementor-size-xl elementor-animation-grow\" href=\"https:\/\/sis.automacaodeeventos.com.br\/2024\/cbeb\/sis\/inscricao\/index.asp?s=cbeb\" target=\"_blank\">\n\t\t\t\t\t\t<span class=\"elementor-button-content-wrapper\">\n\t\t\t\t\t\t<span class=\"elementor-button-text\">Inscreva-se \/ Login no CBEB2024<\/span>\n\t\t<\/span>\n\t\t\t\t\t<\/a>\n\t\t<\/div>\n\t\t\t\t<\/div>\n\t\t\t\t<\/div>\n\t\t\t\t<div class=\"elementor-element elementor-element-f70e61e elementor-align-center elementor-widget__width-initial elementor-widget elementor-widget-button\" data-id=\"f70e61e\" data-element_type=\"widget\" data-widget_type=\"button.default\">\n\t\t\t\t<div class=\"elementor-widget-container\">\n\t\t\t\t\t<div class=\"elementor-button-wrapper\">\n\t\t\t<a class=\"elementor-button elementor-button-link elementor-size-xl elementor-animation-grow\" href=\"https:\/\/sbeb.org.br\/junte-se-sbeb\/\" target=\"_blank\">\n\t\t\t\t\t\t<span class=\"elementor-button-content-wrapper\">\n\t\t\t\t\t\t<span class=\"elementor-button-text\">Associe-se a SBEB<\/span>\n\t\t<\/span>\n\t\t\t\t\t<\/a>\n\t\t<\/div>\n\t\t\t\t<\/div>\n\t\t\t\t<\/div>\n\t\t\t\t<div class=\"elementor-element elementor-element-0321df3 elementor-align-center elementor-widget__width-initial elementor-hidden-desktop elementor-hidden-tablet elementor-hidden-mobile elementor-widget elementor-widget-button\" data-id=\"0321df3\" data-element_type=\"widget\" data-widget_type=\"button.default\">\n\t\t\t\t<div class=\"elementor-widget-container\">\n\t\t\t\t\t<div class=\"elementor-button-wrapper\">\n\t\t\t<a class=\"elementor-button elementor-button-link elementor-size-xl elementor-animation-grow\" href=\"https:\/\/sbeb.org.br\/premio-sbeb-boston-scientific\/\" target=\"_blank\">\n\t\t\t\t\t\t<span class=\"elementor-button-content-wrapper\">\n\t\t\t\t\t\t<span class=\"elementor-button-text\">Pr\u00eamio Engenharia Biom\u00e9dica para o SUS<\/span>\n\t\t<\/span>\n\t\t\t\t\t<\/a>\n\t\t<\/div>\n\t\t\t\t<\/div>\n\t\t\t\t<\/div>\n\t\t\t\t\t<\/div>\n\t\t\t\t<\/div>\n\t\t<div class=\"elementor-element elementor-element-8a6c49e e-flex e-con-boxed e-con\" data-id=\"8a6c49e\" data-element_type=\"container\" data-settings=\"{&quot;content_width&quot;:&quot;boxed&quot;}\">\n\t\t\t\t\t<div class=\"e-con-inner\">\n\t\t\t\t<div class=\"elementor-element elementor-element-131dd5d elementor-widget elementor-widget-heading\" data-id=\"131dd5d\" data-element_type=\"widget\" data-widget_type=\"heading.default\">\n\t\t\t\t<div class=\"elementor-widget-container\">\n\t\t\t<style>\/*! elementor - v3.15.0 - 09-08-2023 *\/\n.elementor-heading-title{padding:0;margin:0;line-height:1}.elementor-widget-heading .elementor-heading-title[class*=elementor-size-]>a{color:inherit;font-size:inherit;line-height:inherit}.elementor-widget-heading .elementor-heading-title.elementor-size-small{font-size:15px}.elementor-widget-heading .elementor-heading-title.elementor-size-medium{font-size:19px}.elementor-widget-heading .elementor-heading-title.elementor-size-large{font-size:29px}.elementor-widget-heading .elementor-heading-title.elementor-size-xl{font-size:39px}.elementor-widget-heading .elementor-heading-title.elementor-size-xxl{font-size:59px}<\/style><h2 class=\"elementor-heading-title elementor-size-default\">Tabela de Pre\u00e7os<\/h2>\t\t<\/div>\n\t\t\t\t<\/div>\n\t\t<div class=\"elementor-element elementor-element-db1297b e-flex e-con-boxed e-con\" data-id=\"db1297b\" data-element_type=\"container\" data-settings=\"{&quot;content_width&quot;:&quot;boxed&quot;}\">\n\t\t\t\t\t<div class=\"e-con-inner\">\n\t\t\t\t<div class=\"elementor-element elementor-element-c91357d elementor-widget elementor-widget-shortcode\" data-id=\"c91357d\" data-element_type=\"widget\" data-widget_type=\"shortcode.default\">\n\t\t\t\t<div class=\"elementor-widget-container\">\n\t\t\t\t\t<div class=\"elementor-shortcode\">\n<table id=\"tablepress-1\" class=\"tablepress tablepress-id-1\">\n<tbody>\n<tr class=\"row-1 odd\">\n\t<td class=\"column-1\">Prazos<\/td><td colspan=\"3\" class=\"column-2\">AT\u00c9 12\/07\/2024 \u2013 R$<\/td><td colspan=\"3\" class=\"column-5\">AP\u00d3S 12\/07\/2024 E NO EVENTO \u2013 R$<\/td>\n<\/tr>\n<tr class=\"row-2 even\">\n\t<td class=\"column-1\">Categoria<\/td><td class=\"column-2\">S\u00f3cio SBEB\/ABFM<\/td><td class=\"column-3\">Entidade Parceira<\/td><td class=\"column-4\">N\u00e3o S\u00f3cio<\/td><td class=\"column-5\">S\u00f3cio SBEB\/ABFM<\/td><td class=\"column-6\">Entidade Parceira<\/td><td class=\"column-7\">N\u00e3o S\u00f3cio<\/td>\n<\/tr>\n<tr class=\"row-3 odd\">\n\t<td class=\"column-1\">Graduandos<\/td><td class=\"column-2\">250,00<\/td><td class=\"column-3\">300,00<\/td><td class=\"column-4\">350,00<\/td><td class=\"column-5\">300,00<\/td><td class=\"column-6\">350,00<\/td><td class=\"column-7\">400,00<\/td>\n<\/tr>\n<tr class=\"row-4 even\">\n\t<td class=\"column-1\">P\u00f3s-Graduandos <br \/>\n(Mestrado e Doutorado)<\/td><td class=\"column-2\">350,00<\/td><td class=\"column-3\">400,00<\/td><td class=\"column-4\">500,00<\/td><td class=\"column-5\">400,00<\/td><td class=\"column-6\">450,00<\/td><td class=\"column-7\">600,00<\/td>\n<\/tr>\n<tr class=\"row-5 odd\">\n\t<td class=\"column-1\">Profissional<\/td><td class=\"column-2\">500,00<\/td><td class=\"column-3\">600,00<\/td><td class=\"column-4\">700,00<\/td><td class=\"column-5\">600,00<\/td><td class=\"column-6\">700,00<\/td><td class=\"column-7\">800,00<\/td>\n<\/tr>\n<tr class=\"row-6 even\">\n\t<td colspan=\"7\" class=\"column-1\">Minicursos Pr\u00e9-Congresso \u2013 8h de dura\u00e7\u00e3o<\/td>\n<\/tr>\n<tr class=\"row-7 odd\">\n\t<td class=\"column-1\">Todas as Categorias<\/td><td class=\"column-2\">50,00<\/td><td class=\"column-3\">50,00<\/td><td class=\"column-4\">50,00<\/td><td class=\"column-5\">50,00<\/td><td class=\"column-6\">50,00<\/td><td class=\"column-7\">50,00<\/td>\n<\/tr>\n<\/tbody>\n<\/table>\n<\/div>\n\t\t\t\t<\/div>\n\t\t\t\t<\/div>\n\t\t\t\t\t<\/div>\n\t\t\t\t<\/div>\n\t\t\t\t<div class=\"elementor-element elementor-element-281a5cc elementor-widget elementor-widget-text-editor\" data-id=\"281a5cc\" data-element_type=\"widget\" data-widget_type=\"text-editor.default\">\n\t\t\t\t<div class=\"elementor-widget-container\">\n\t\t\t\t\t\t\t<h3><span style=\"text-decoration: underline;\">Aten\u00e7\u00e3o:<\/span> Aqueles inscritos nos minicursos at\u00e9 o dia 28\/06\/2024 receber\u00e3o um voucher alimenta\u00e7\u00e3o no mesmo valor, ou seja R$ 50,00 por minicurso.<\/h3>\t\t\t\t\t\t<\/div>\n\t\t\t\t<\/div>\n\t\t\t\t<div class=\"elementor-element elementor-element-bb5b92b elementor-widget elementor-widget-text-editor\" data-id=\"bb5b92b\" data-element_type=\"widget\" data-widget_type=\"text-editor.default\">\n\t\t\t\t<div class=\"elementor-widget-container\">\n\t\t\t\t\t\t\t<p>(1) Para a efetiva\u00e7\u00e3o da inscri\u00e7\u00e3o na categoria Graduando e P\u00f3s-gradua\u00e7\u00e3o (mestrando e doutorando), o inscrito deve realizar durante seu cadastro online, o upload do comprovante de categoria em formato PDF, por exemplo: carteirinha de estudante ou declara\u00e7\u00e3o de matr\u00edcula (com data de validade para o ano em curso de sua inscri\u00e7\u00e3o e pagamento)<\/p><p>(2) Os cursos t\u00eam vagas limitadas. Ser\u00e3o realizados nos dias 02 de Setembro de 2024.<\/p><p>(3) Para efetiva\u00e7\u00e3o da categoria s\u00f3cio de Entidades Parceiras, observe abaixo quais s\u00e3o e, ao efetuar a sua inscri\u00e7\u00e3o no sistema, o inscrito deve fazer o upload de sua anuidade quitada at\u00e9 2023.<\/p><p>(4) As vagas s\u00e3o limitadas, portanto consulte disponibilidade.<\/p><h3>Entidades parceiras:<\/h3><p>ABCLin &#8211; ABIMO &#8211; ABIMED &#8211; Slabo &#8211; SBM &#8211; SBIS &#8211; SBB &#8211; SBPC &#8211; SBF<\/p><p><em><strong>Se voc\u00ea \u00e9 s\u00f3cio de outra entidade cient\u00edfica n\u00e3o listada acima, entre em contato conosco atrav\u00e9s de cbeb2024@sbeb.org.br.<\/strong><\/em><\/p>\t\t\t\t\t\t<\/div>\n\t\t\t\t<\/div>\n\t\t\t\t<div class=\"elementor-element elementor-element-ee3c294 elementor-widget elementor-widget-spacer\" data-id=\"ee3c294\" data-element_type=\"widget\" data-widget_type=\"spacer.default\">\n\t\t\t\t<div class=\"elementor-widget-container\">\n\t\t\t<style>\/*! elementor - v3.15.0 - 09-08-2023 *\/\n.elementor-column .elementor-spacer-inner{height:var(--spacer-size)}.e-con{--container-widget-width:100%}.e-con-inner>.elementor-widget-spacer,.e-con>.elementor-widget-spacer{width:var(--container-widget-width,var(--spacer-size));--align-self:var(--container-widget-align-self,initial);--flex-shrink:0}.e-con-inner>.elementor-widget-spacer>.elementor-widget-container,.e-con-inner>.elementor-widget-spacer>.elementor-widget-container>.elementor-spacer,.e-con>.elementor-widget-spacer>.elementor-widget-container,.e-con>.elementor-widget-spacer>.elementor-widget-container>.elementor-spacer{height:100%}.e-con-inner>.elementor-widget-spacer>.elementor-widget-container>.elementor-spacer>.elementor-spacer-inner,.e-con>.elementor-widget-spacer>.elementor-widget-container>.elementor-spacer>.elementor-spacer-inner{height:var(--container-widget-height,var(--spacer-size))}<\/style>\t\t<div class=\"elementor-spacer\">\n\t\t\t<div class=\"elementor-spacer-inner\"><\/div>\n\t\t<\/div>\n\t\t\t\t<\/div>\n\t\t\t\t<\/div>\n\t\t\t\t<div class=\"elementor-element elementor-element-14acbe5 elementor-widget elementor-widget-heading\" data-id=\"14acbe5\" data-element_type=\"widget\" data-widget_type=\"heading.default\">\n\t\t\t\t<div class=\"elementor-widget-container\">\n\t\t\t<h2 class=\"elementor-heading-title elementor-size-default\">Submiss\u00e3o de Artigos<\/h2>\t\t<\/div>\n\t\t\t\t<\/div>\n\t\t\t\t<div class=\"elementor-element elementor-element-04d8fb3 elementor-widget elementor-widget-text-editor\" data-id=\"04d8fb3\" data-element_type=\"widget\" data-widget_type=\"text-editor.default\">\n\t\t\t\t<div class=\"elementor-widget-container\">\n\t\t\t\t\t\t\t<h3>Artigos Regulares<\/h3><p>Os artigos regulares devem ter entre 4 e 6 p\u00e1ginas.<\/p><ul><li>Modelos:\u00a0 <a href=\"https:\/\/sbeb.org.br\/cbeb2024\/wp-content\/uploads\/2023\/12\/regular.docx\">MS Word<\/a> ou <a href=\"https:\/\/sbeb.org.br\/cbeb2024\/wp-content\/uploads\/2023\/12\/regular_Latex.zip\">LaTex<\/a><\/li><\/ul><h3>Comunica\u00e7\u00f5es Curtas<\/h3><p>Comunica\u00e7\u00f5es curtas, de at\u00e9 2 p\u00e1ginas (incluindo texto, figuras, tabelas e refer\u00eancias).<\/p><ul><li>Modelos:\u00a0 <a href=\"https:\/\/sbeb.org.br\/cbeb2024\/wp-content\/uploads\/2023\/12\/short.docx\">MS Word<\/a> ou <a href=\"https:\/\/sbeb.org.br\/cbeb2024\/wp-content\/uploads\/2023\/12\/short_Latex.zip\">LaTex<\/a><\/li><\/ul>\t\t\t\t\t\t<\/div>\n\t\t\t\t<\/div>\n\t\t\t\t<div class=\"elementor-element elementor-element-61b8c51 elementor-widget elementor-widget-text-editor\" data-id=\"61b8c51\" data-element_type=\"widget\" data-widget_type=\"text-editor.default\">\n\t\t\t\t<div class=\"elementor-widget-container\">\n\t\t\t\t\t\t\t<p>A Comiss\u00e3o Cient\u00edfica do CBEB2024 determinar\u00e1 o tipo de apresenta\u00e7\u00e3o (Oral ou Poster).<\/p><p>SOMENTE artigos regulares em INGL\u00caS ser\u00e3o eleg\u00edveis para publica\u00e7\u00e3o nos Proceedings da IFMBE (International Federation for Medical and Biological Engineering) da Springer.<\/p><p>Artigos regulares ou comunica\u00e7\u00f5es curtas submetidos em portugu\u00eas, espanhol ou ingl\u00eas podem ser publicados\u00a0 nos canais eletr\u00f4nicos da SBEB. Os artigos aceitos para publica\u00e7\u00e3o nos Proceedings do IFMBE da Springer n\u00e3o ser\u00e3o publicados nos canais eletr\u00f4nicos da\u00a0 SBEB.<\/p>\t\t\t\t\t\t<\/div>\n\t\t\t\t<\/div>\n\t\t\t\t\t<\/div>\n\t\t\t\t<\/div>\n\t\t\t\t\t\t\t<\/div>\n\t\t","protected":false},"excerpt":{"rendered":"<p>Este link d\u00e1 acesso \u00e0 plataforma para inscri\u00e7\u00e3o e submiss\u00e3o de trabalhos no CBEB2024, Minicursos e IDEATHON. Seja um s\u00f3cio SBEB e nos ajude a fortalecer esse ecossistema da Engenharia Biom\u00e9dica no Brasil Este link d\u00e1 acesso \u00e0 inscri\u00e7\u00e3o do trabalho para o pr\u00eamio Engenharia Biom\u00e9dica para o SUS. Inscreva-se \/ Login no CBEB2024 Associe-se [&hellip;]<\/p>\n","protected":false},"author":3,"featured_media":0,"parent":0,"menu_order":0,"comment_status":"closed","ping_status":"closed","template":"elementor_header_footer","meta":{"footnotes":""},"_links":{"self":[{"href":"https:\/\/sbeb.org.br\/cbeb2024\/wp-json\/wp\/v2\/pages\/773"}],"collection":[{"href":"https:\/\/sbeb.org.br\/cbeb2024\/wp-json\/wp\/v2\/pages"}],"about":[{"href":"https:\/\/sbeb.org.br\/cbeb2024\/wp-json\/wp\/v2\/types\/page"}],"author":[{"embeddable":true,"href":"https:\/\/sbeb.org.br\/cbeb2024\/wp-json\/wp\/v2\/users\/3"}],"replies":[{"embeddable":true,"href":"https:\/\/sbeb.org.br\/cbeb2024\/wp-json\/wp\/v2\/comments?post=773"}],"version-history":[{"count":203,"href":"https:\/\/sbeb.org.br\/cbeb2024\/wp-json\/wp\/v2\/pages\/773\/revisions"}],"predecessor-version":[{"id":3048,"href":"https:\/\/sbeb.org.br\/cbeb2024\/wp-json\/wp\/v2\/pages\/773\/revisions\/3048"}],"wp:attachment":[{"href":"https:\/\/sbeb.org.br\/cbeb2024\/wp-json\/wp\/v2\/media?parent=773"}],"curies":[{"name":"wp","href":"https:\/\/api.w.org\/{rel}","templated":true}]}}