{"id":298,"date":"2025-08-22T11:08:29","date_gmt":"2025-08-22T14:08:29","guid":{"rendered":"https:\/\/sbeb.org.br\/cbeb2026\/?page_id=298"},"modified":"2025-12-02T07:54:43","modified_gmt":"2025-12-02T10:54:43","slug":"tema-da-edicao","status":"publish","type":"page","link":"https:\/\/sbeb.org.br\/cbeb2026\/tema-da-edicao\/","title":{"rendered":"Tema da edi\u00e7\u00e3o"},"content":{"rendered":"\t\t<div data-elementor-type=\"wp-page\" data-elementor-id=\"298\" class=\"elementor elementor-298\" data-elementor-settings=\"{&quot;ha_cmc_init_switcher&quot;:&quot;no&quot;}\" data-elementor-post-type=\"page\">\n\t\t\t\t<div class=\"elementor-element elementor-element-3bd0c01 e-flex e-con-boxed wpr-particle-no wpr-jarallax-no wpr-parallax-no wpr-sticky-section-no e-con e-parent\" data-id=\"3bd0c01\" data-element_type=\"container\" data-e-type=\"container\" data-settings=\"{&quot;_ha_eqh_enable&quot;:false}\">\n\t\t\t\t\t<div class=\"e-con-inner\">\n\t\t\t\t<div class=\"elementor-element elementor-element-cac6e3b elementor-widget elementor-widget-html\" data-id=\"cac6e3b\" data-element_type=\"widget\" data-e-type=\"widget\" data-widget_type=\"html.default\">\n\t\t\t\t<div class=\"elementor-widget-container\">\n\t\t\t\t\t<style>\n:root {\n  --cbeb-blue: #005BC5;\n  --cbeb-yellow: #FFC805;\n  --cbeb-orange: #FF7B00;\n  --cbeb-dark: #1f2a44;\n  --cbeb-light: #ffffff;\n  --font: 'Segoe UI', Roboto, sans-serif;\n}\n\n\/* ===== CONTAINER GERAL ===== *\/\n.cbec-theme2026 {\n  font-family: var(--font);\n  text-align: left;\n  padding: 70px 20px 110px;\n  max-width: 1100px;\n  margin: 0 auto;\n  position: relative;\n  overflow: hidden;\n  line-height: 1.8;\n}\n\n\/* ===== FUNDO SUTIL TECNOL\u00d3GICO ===== *\/\n.cbec-theme2026::before {\n  content: \"\";\n  position: absolute;\n  inset: 0;\n  background-image:\n    radial-gradient(circle at 25% 75%, rgba(255,200,5,0.06), transparent 70%),\n    radial-gradient(circle at 70% 20%, rgba(0,91,197,0.08), transparent 70%);\n  background-size: 160% 160%;\n  animation: driftBG 16s ease-in-out infinite alternate;\n  z-index: -1;\n}\n@keyframes driftBG {\n  from { transform: translateX(0); }\n  to { transform: translateX(3%); }\n}\n\n\/* ===== CABE\u00c7ALHO \u201cTEMA DA EDI\u00c7\u00c3O\u201d ===== *\/\n.cbec-header {\n  display: flex;\n  align-items: center;\n  flex-wrap: wrap;\n  gap: 14px;\n  margin-bottom: 40px;\n}\n.cbec-title-tag {\n  font-size: 1.8rem;\n  font-weight: 900;\n  color: var(--cbeb-blue);\n  position: relative;\n  display: inline-block;\n}\n.cbec-title-tag::after {\n  content: \"\";\n  position: absolute;\n  bottom: 4px;\n  left: 0;\n  width: 100%;\n  height: 0.4em;\n  background: var(--cbeb-yellow);\n  z-index: -1;\n}\n\n\/* ===== BLOCO PRINCIPAL ===== *\/\n.cbec-theme-text {\n  text-align: left;\n  margin-top: 10px;\n}\n.cbec-theme-text h2 {\n  font-size: 3.2rem;\n  font-weight: 900;\n  text-transform: uppercase;\n  color: var(--cbeb-blue);\n  margin-bottom: 0;\n  letter-spacing: 0.5px;\n  display: inline-block;\n  background: linear-gradient(90deg, var(--cbeb-blue), var(--cbeb-blue));\n  -webkit-background-clip: text;\n  -webkit-text-fill-color: transparent;\n}\n.cbec-theme-text h1 {\n  font-size: 5rem;\n  font-weight: 900;\n  text-transform: uppercase;\n  color: var(--cbeb-orange);\n  margin: 0;\n  line-height: 1;\n}\n.cbec-theme-text h3 {\n  font-size: 2rem;\n  font-weight: 400;\n  color: var(--cbeb-dark);\n  line-height: 1.4;\n  margin-top: 10px;\n}\n.cbec-theme-text strong {\n  color: var(--cbeb-blue);\n}\n\n\/* ===== BLOCO DE CONTE\u00daDO ===== *\/\n.cbec-paragraphs {\n  margin-top: 60px;\n  background: #f9fbff;\n  border-left: 6px solid var(--cbeb-blue);\n  padding: 36px 38px;\n  border-radius: 14px;\n  box-shadow: 0 6px 22px rgba(0,0,0,0.05);\n  animation: fadeUp 1.3s ease forwards;\n}\n.cbec-paragraphs p {\n  font-size: 1.05rem;\n  color: #333;\n  margin-bottom: 22px;\n}\n.cbec-paragraphs p:last-child {\n  margin-bottom: 0;\n}\n\n\/* ===== CHAMADA PARA A\u00c7\u00c3O ===== *\/\n.cbec-cta {\n  text-align: center;\n  margin-top: 70px;\n  background: var(--cbeb-blue);\n  color: #fff;\n  padding: 45px 30px;\n  border-radius: 18px;\n  box-shadow: 0 6px 20px rgba(0,91,197,0.3);\n  animation: fadeUp 1.5s ease forwards;\n}\n.cbec-cta h4 {\n  font-size: 1.6rem;\n  font-weight: 700;\n  margin-bottom: 18px;\n}\n.cbec-cta p {\n  font-size: 1.05rem;\n  margin-bottom: 28px;\n  color: rgba(255,255,255,0.9);\n}\n.cbec-cta a {\n  display: inline-block;\n  background: var(--cbeb-yellow);\n  color: #000 !important;\n  font-weight: 800;\n  padding: 14px 34px;\n  border-radius: 999px;\n  text-decoration: none;\n  font-size: 1.05rem;\n  transition: all .3s ease;\n  box-shadow: 0 4px 12px rgba(0,0,0,0.2);\n}\n.cbec-cta a:hover {\n  background: #fff;\n  color: var(--cbeb-blue) !important;\n  transform: translateY(-3px);\n}\n\n\/* ===== ANIMA\u00c7\u00d5ES ===== *\/\n@keyframes fadeUp {\n  from { opacity: 0; transform: translateY(40px); }\n  to { opacity: 1; transform: translateY(0); }\n}\n\n\/* ===== RESPONSIVO ===== *\/\n@media (max-width: 900px) {\n  .cbec-theme-text h2 { font-size: 2.4rem; }\n  .cbec-theme-text h1 { font-size: 4rem; }\n  .cbec-theme-text h3 { font-size: 1.5rem; }\n  .cbec-cta { padding: 40px 22px; }\n}\n@media (max-width: 600px) {\n  .cbec-theme-text h2 { font-size: 2rem; }\n  .cbec-theme-text h1 { font-size: 3rem; }\n  .cbec-theme-text h3 { font-size: 1.3rem; }\n  .cbec-paragraphs { padding: 26px 22px; }\n}\n<\/style>\n\n<div class=\"cbec-theme2026\">\n  <!-- Cabe\u00e7alho -->\n  <div class=\"cbec-header\">\n    <div class=\"cbec-title-tag\">Tema da Edi\u00e7\u00e3o 2026<\/div>\n  <\/div>\n\n  <!-- T\u00edtulo principal -->\n  <div class=\"cbec-theme-text\">\n    <h2>Construindo<\/h2>\n    <h1>Pontes<\/h1>\n    <h3>entre a <strong>Academia<\/strong> e o <strong>Mercado.<\/strong><\/h3>\n  <\/div>\n\n  <!-- Texto explicativo -->\n  <div class=\"cbec-paragraphs\">\n    <p>O <strong>CBEB 2026<\/strong> prop\u00f5e uma reflex\u00e3o sobre a import\u00e2ncia da Engenharia Biom\u00e9dica como elo vital entre pesquisa, inova\u00e7\u00e3o e aplica\u00e7\u00e3o pr\u00e1tica. Em um cen\u00e1rio global de r\u00e1pidas transforma\u00e7\u00f5es tecnol\u00f3gicas, \u00e9 essencial que o conhecimento cient\u00edfico se converta em impacto social e desenvolvimento sustent\u00e1vel.<\/p>\n\n    <p>Com o tema <strong>\u201cConstruindo Pontes entre a Academia e o Mercado\u201d<\/strong>, o evento busca aproximar pesquisadores, profissionais, gestores e empreendedores em um ambiente de di\u00e1logo produtivo, incentivando a cria\u00e7\u00e3o de parcerias estrat\u00e9gicas e a transfer\u00eancia de conhecimento.<\/p>\n\n    <p>Essa edi\u00e7\u00e3o marca um ponto de virada: o Brasil possui uma das comunidades cient\u00edficas mais criativas da Am\u00e9rica Latina, e o CBEB 2026 quer ser a ponte que transforma essa criatividade em resultados concretos, unindo tradi\u00e7\u00e3o e vanguarda em prol da sa\u00fade e da inova\u00e7\u00e3o.<\/p>\n  <\/div>\n\n  <!-- Chamada para a\u00e7\u00e3o -->\n  <div class=\"cbec-cta\">\n    <p>Seja parceiro do CBEB 2026 e participe ativamente da transforma\u00e7\u00e3o da Engenharia Biom\u00e9dica no Brasil.<\/p>\n    <a href=\"https:\/\/sbeb.org.br\/cbeb2026\/planodecotas\/\" rel=\"noopener noreferrer\">Conhe\u00e7a o Plano de Cotas<\/a>\n  <\/div>\n<\/div>\n\t\t\t\t<\/div>\n\t\t\t\t<\/div>\n\t\t\t\t\t<\/div>\n\t\t\t\t<\/div>\n\t\t\t\t<\/div>\n\t\t","protected":false},"excerpt":{"rendered":"<p>Tema da Edi\u00e7\u00e3o 2026 Construindo Pontes entre a Academia e o Mercado. O CBEB 2026 prop\u00f5e uma reflex\u00e3o sobre a import\u00e2ncia da Engenharia Biom\u00e9dica como elo vital entre pesquisa, inova\u00e7\u00e3o e aplica\u00e7\u00e3o pr\u00e1tica. Em um cen\u00e1rio global de r\u00e1pidas transforma\u00e7\u00f5es tecnol\u00f3gicas, \u00e9 essencial que o conhecimento cient\u00edfico se converta em impacto social e desenvolvimento sustent\u00e1vel. Com o tema \u201cConstruindo Pontes entre a Academia e o Mercado\u201d, o evento busca aproximar pesquisadores, profissionais, gestores e empreendedores em um ambiente de di\u00e1logo produtivo, incentivando a cria\u00e7\u00e3o de parcerias estrat\u00e9gicas e a transfer\u00eancia de conhecimento. Essa edi\u00e7\u00e3o marca um ponto de virada: o Brasil possui uma das comunidades cient\u00edficas mais criativas da Am\u00e9rica Latina, e o CBEB 2026 quer ser a ponte que transforma essa criatividade em resultados concretos, unindo tradi\u00e7\u00e3o e vanguarda em prol da sa\u00fade e da inova\u00e7\u00e3o. Seja parceiro do CBEB 2026 e participe ativamente da transforma\u00e7\u00e3o da Engenharia Biom\u00e9dica no Brasil. Conhe\u00e7a o Plano de Cotas<\/p>\n","protected":false},"author":3,"featured_media":0,"parent":0,"menu_order":0,"comment_status":"closed","ping_status":"closed","template":"","meta":{"_acf_changed":false,"footnotes":""},"class_list":["post-298","page","type-page","status-publish","hentry"],"acf":[],"_links":{"self":[{"href":"https:\/\/sbeb.org.br\/cbeb2026\/wp-json\/wp\/v2\/pages\/298","targetHints":{"allow":["GET"]}}],"collection":[{"href":"https:\/\/sbeb.org.br\/cbeb2026\/wp-json\/wp\/v2\/pages"}],"about":[{"href":"https:\/\/sbeb.org.br\/cbeb2026\/wp-json\/wp\/v2\/types\/page"}],"author":[{"embeddable":true,"href":"https:\/\/sbeb.org.br\/cbeb2026\/wp-json\/wp\/v2\/users\/3"}],"replies":[{"embeddable":true,"href":"https:\/\/sbeb.org.br\/cbeb2026\/wp-json\/wp\/v2\/comments?post=298"}],"version-history":[{"count":47,"href":"https:\/\/sbeb.org.br\/cbeb2026\/wp-json\/wp\/v2\/pages\/298\/revisions"}],"predecessor-version":[{"id":3234,"href":"https:\/\/sbeb.org.br\/cbeb2026\/wp-json\/wp\/v2\/pages\/298\/revisions\/3234"}],"wp:attachment":[{"href":"https:\/\/sbeb.org.br\/cbeb2026\/wp-json\/wp\/v2\/media?parent=298"}],"curies":[{"name":"wp","href":"https:\/\/api.w.org\/{rel}","templated":true}]}}