{"id":305,"date":"2025-08-22T12:07:38","date_gmt":"2025-08-22T15:07:38","guid":{"rendered":"https:\/\/sbeb.org.br\/cbeb2026\/?page_id=305"},"modified":"2025-10-14T09:11:33","modified_gmt":"2025-10-14T12:11:33","slug":"plano-de-cotas","status":"publish","type":"page","link":"https:\/\/sbeb.org.br\/cbeb2026\/plano-de-cotas\/","title":{"rendered":"Plano de cotas"},"content":{"rendered":"\t\t<div data-elementor-type=\"wp-page\" data-elementor-id=\"305\" class=\"elementor elementor-305\" data-elementor-settings=\"{&quot;ha_cmc_init_switcher&quot;:&quot;no&quot;}\" data-elementor-post-type=\"page\">\n\t\t\t\t\t\t<section class=\"elementor-section elementor-top-section elementor-element elementor-element-5560a44d elementor-section-content-middle elementor-section-boxed elementor-section-height-default elementor-section-height-default wpr-particle-no wpr-jarallax-no wpr-parallax-no wpr-sticky-section-no\" data-id=\"5560a44d\" data-element_type=\"section\" data-e-type=\"section\" data-settings=\"{&quot;_ha_eqh_enable&quot;:false}\">\n\t\t\t\t\t\t\t<div class=\"elementor-background-overlay\"><\/div>\n\t\t\t\t\t\t\t<div class=\"elementor-container elementor-column-gap-default\">\n\t\t\t\t\t<div class=\"elementor-column elementor-col-100 elementor-top-column elementor-element elementor-element-20ed5305\" data-id=\"20ed5305\" data-element_type=\"column\" data-e-type=\"column\" data-settings=\"{&quot;background_background&quot;:&quot;classic&quot;}\">\n\t\t\t<div class=\"elementor-widget-wrap elementor-element-populated\">\n\t\t\t\t\t\t<div class=\"elementor-element elementor-element-672c9b51 elementor-widget elementor-widget-spacer\" data-id=\"672c9b51\" data-element_type=\"widget\" data-e-type=\"widget\" data-widget_type=\"spacer.default\">\n\t\t\t\t<div class=\"elementor-widget-container\">\n\t\t\t\t\t\t\t<div class=\"elementor-spacer\">\n\t\t\t<div class=\"elementor-spacer-inner\"><\/div>\n\t\t<\/div>\n\t\t\t\t\t\t<\/div>\n\t\t\t\t<\/div>\n\t\t\t\t<div class=\"elementor-element elementor-element-49a797ed elementor-widget elementor-widget-spacer\" data-id=\"49a797ed\" data-element_type=\"widget\" data-e-type=\"widget\" data-widget_type=\"spacer.default\">\n\t\t\t\t<div class=\"elementor-widget-container\">\n\t\t\t\t\t\t\t<div class=\"elementor-spacer\">\n\t\t\t<div class=\"elementor-spacer-inner\"><\/div>\n\t\t<\/div>\n\t\t\t\t\t\t<\/div>\n\t\t\t\t<\/div>\n\t\t\t\t<div class=\"elementor-element elementor-element-b55e849 elementor-widget elementor-widget-heading\" data-id=\"b55e849\" data-element_type=\"widget\" data-e-type=\"widget\" data-widget_type=\"heading.default\">\n\t\t\t\t<div class=\"elementor-widget-container\">\n\t\t\t\t\t<h2 class=\"elementor-heading-title elementor-size-default\">Plano de cotas<\/h2>\t\t\t\t<\/div>\n\t\t\t\t<\/div>\n\t\t\t\t\t<\/div>\n\t\t<\/div>\n\t\t\t\t\t<\/div>\n\t\t<\/section>\n\t\t<div class=\"elementor-element elementor-element-4474b14 e-flex e-con-boxed wpr-particle-no wpr-jarallax-no wpr-parallax-no wpr-sticky-section-no e-con e-parent\" data-id=\"4474b14\" data-element_type=\"container\" data-e-type=\"container\" data-settings=\"{&quot;_ha_eqh_enable&quot;:false}\">\n\t\t\t\t\t<div class=\"e-con-inner\">\n\t\t\t\t<div class=\"elementor-element elementor-element-3666646 content-align-cta-default elementor-widget elementor-widget-eael-cta-box\" data-id=\"3666646\" data-element_type=\"widget\" data-e-type=\"widget\" data-widget_type=\"eael-cta-box.default\">\n\t\t\t\t<div class=\"elementor-widget-container\">\n\t\t\t\t\t\t\t<div class=\"eael-call-to-action cta-basic bg-lite cta-preset-1\">\n        <h2 class=\"title eael-cta-heading\">Destaque sua marca onde a ci\u00eancia encontra o futuro!<\/h2><p>Patrocine o maior evento de Engenharia Biom\u00e9dica da Am\u00e9rica Latina e associe sua marca \u00e0 inova\u00e7\u00e3o, \u00e0 tecnologia e aos profissionais que est\u00e3o transformando a sa\u00fade no Brasil e no mundo.<\/p><a href=\"https:\/\/wa.me\/5585991781720?text=Ol\u00e1!%20Gostaria%20de%20saber%20mais%20sobre%20as%20cotas%20de%20patroc\u00ednio%20e%20participa\u00e7\u00e3o%20no%20CBEB%202026.\" target=\"_blank\" class=\"cta-button cta-preset-1  \"><span class=\"btn-icon\"><i class=\"huge huge-whatsapp\"><\/i><\/span>Saiba Mais<\/a><a href=\"https:\/\/drive.google.com\/file\/d\/1D-264BbRPWHtAFdbucotyetkoQDXaX8T\/view?usp=sharing\" target=\"_blank\" class=\"cta-button cta-secondary-button \"><span class=\"btn-icon\"><i class=\"huge huge-file-download\"><\/i><\/span>Baixar o E-Book Comercial<\/a>\t<\/div>\n\t\t\t\t\t\t\t\t<\/div>\n\t\t\t\t<\/div>\n\t\t\t\t<div class=\"elementor-element elementor-element-d1c96cd elementor-widget elementor-widget-spacer\" data-id=\"d1c96cd\" data-element_type=\"widget\" data-e-type=\"widget\" data-widget_type=\"spacer.default\">\n\t\t\t\t<div class=\"elementor-widget-container\">\n\t\t\t\t\t\t\t<div class=\"elementor-spacer\">\n\t\t\t<div class=\"elementor-spacer-inner\"><\/div>\n\t\t<\/div>\n\t\t\t\t\t\t<\/div>\n\t\t\t\t<\/div>\n\t\t\t\t<div class=\"elementor-element elementor-element-e9c1e9f content-align-cta-default elementor-widget elementor-widget-eael-cta-box\" data-id=\"e9c1e9f\" data-element_type=\"widget\" data-e-type=\"widget\" data-widget_type=\"eael-cta-box.default\">\n\t\t\t\t<div class=\"elementor-widget-container\">\n\t\t\t\t\t\t\t<div class=\"eael-call-to-action cta-basic bg-lite cta-preset-2\">\n        <h4 class=\"sub-title\">COTA 01<\/h4><h1 class=\"title eael-cta-heading\"><span class=\"eael-cta-title-text elementor-repeater-item-2f2df82\">\ud83d\udc8e DIAMANTE -<\/span> <span class=\"eael-cta-title-text elementor-repeater-item-3fa2df2\">R$ 100K<\/span> <\/h1><p>A maior e mais estrat\u00e9gica oportunidade, com ampla visibilidade para empresas e institui\u00e7\u00f5es que desejam associar sua marca ao CBEB 2026. Esta categoria garante posi\u00e7\u00e3o de destaque e benef\u00edcios exclusivos, assegurando uma presen\u00e7a diferenciada junto ao p\u00fablico altamente qualificado e influente do setor.<\/p><a href=\"https:\/\/wa.me\/5585991781720?text=Ol\u00e1!%20Tenho%20interesse%20na%20Cota%20Diamante%20de%20patroc\u00ednio%20do%20CBEB%202026.%20Gostaria%20de%20receber%20mais%20informa\u00e7\u00f5es.\" target=\"_blank\" class=\"cta-button cta-preset-2 cta-btn-preset-2 \"><span class=\"btn-icon\"><svg aria-hidden=\"true\" class=\"e-font-icon-svg e-fab-whatsapp\" viewBox=\"0 0 448 512\" xmlns=\"http:\/\/www.w3.org\/2000\/svg\"><path d=\"M380.9 97.1C339 55.1 283.2 32 223.9 32c-122.4 0-222 99.6-222 222 0 39.1 10.2 77.3 29.6 111L0 480l117.7-30.9c32.4 17.7 68.9 27 106.1 27h.1c122.3 0 224.1-99.6 224.1-222 0-59.3-25.2-115-67.1-157zm-157 341.6c-33.2 0-65.7-8.9-94-25.7l-6.7-4-69.8 18.3L72 359.2l-4.4-7c-18.5-29.4-28.2-63.3-28.2-98.2 0-101.7 82.8-184.5 184.6-184.5 49.3 0 95.6 19.2 130.4 54.1 34.8 34.9 56.2 81.2 56.1 130.5 0 101.8-84.9 184.6-186.6 184.6zm101.2-138.2c-5.5-2.8-32.8-16.2-37.9-18-5.1-1.9-8.8-2.8-12.5 2.8-3.7 5.6-14.3 18-17.6 21.8-3.2 3.7-6.5 4.2-12 1.4-32.6-16.3-54-29.1-75.5-66-5.7-9.8 5.7-9.1 16.3-30.3 1.8-3.7.9-6.9-.5-9.7-1.4-2.8-12.5-30.1-17.1-41.2-4.5-10.8-9.1-9.3-12.5-9.5-3.2-.2-6.9-.2-10.6-.2-3.7 0-9.7 1.4-14.8 6.9-5.1 5.6-19.4 19-19.4 46.3 0 27.3 19.9 53.7 22.6 57.4 2.8 3.7 39.1 59.7 94.8 83.8 35.2 15.2 49 16.5 66.6 13.9 10.7-1.6 32.8-13.4 37.4-26.4 4.6-13 4.6-24.1 3.2-26.4-1.3-2.5-5-3.9-10.5-6.6z\"><\/path><\/svg><\/span>Contato<\/a><a href=\"https:\/\/drive.google.com\/file\/d\/1D-264BbRPWHtAFdbucotyetkoQDXaX8T\/view?usp=sharing\" target=\"_blank\" class=\"cta-button cta-secondary-button \"><span class=\"btn-icon\"><i class=\"huge huge-pdf-01\"><\/i><\/span> Baixar o E-Book Comercial<\/a>\t<\/div>\n\t\t\t\t\t\t\t\t<\/div>\n\t\t\t\t<\/div>\n\t\t\t\t<div class=\"elementor-element elementor-element-e97210f content-align-cta-default elementor-widget elementor-widget-eael-cta-box\" data-id=\"e97210f\" data-element_type=\"widget\" data-e-type=\"widget\" data-widget_type=\"eael-cta-box.default\">\n\t\t\t\t<div class=\"elementor-widget-container\">\n\t\t\t\t\t\t\t<div class=\"eael-call-to-action cta-basic bg-lite cta-preset-2\">\n        <h4 class=\"sub-title\">COTA 02<\/h4><h1 class=\"title eael-cta-heading\"><span class=\"eael-cta-title-text elementor-repeater-item-2f2df82\">\ud83e\udd47 OURO -<\/span> <span class=\"eael-cta-title-text elementor-repeater-item-3fa2df2\">R$ 60K<\/span> <\/h1><p>Categoria com destaque no CBEB2026, oferecendo oportunidades de relacionamento estrat\u00e9gico com um p\u00fablico especifico e qualificado. Esta cota garante posicionamento privilegiado e benef\u00edcios diferen-ciados para empresas que desejam fortalecer sua presen\u00e7a no setor.<\/p><a href=\"https:\/\/wa.me\/5585991781720?text=Ol\u00e1!%20Tenho%20interesse%20na%20Cota%20Ouro%20de%20patroc\u00ednio%20do%20CBEB%202026.%20Gostaria%20de%20receber%20mais%20informa\u00e7\u00f5es.\" target=\"_blank\" class=\"cta-button cta-preset-2 cta-btn-preset-2 \"><span class=\"btn-icon\"><svg aria-hidden=\"true\" class=\"e-font-icon-svg e-fab-whatsapp\" viewBox=\"0 0 448 512\" xmlns=\"http:\/\/www.w3.org\/2000\/svg\"><path d=\"M380.9 97.1C339 55.1 283.2 32 223.9 32c-122.4 0-222 99.6-222 222 0 39.1 10.2 77.3 29.6 111L0 480l117.7-30.9c32.4 17.7 68.9 27 106.1 27h.1c122.3 0 224.1-99.6 224.1-222 0-59.3-25.2-115-67.1-157zm-157 341.6c-33.2 0-65.7-8.9-94-25.7l-6.7-4-69.8 18.3L72 359.2l-4.4-7c-18.5-29.4-28.2-63.3-28.2-98.2 0-101.7 82.8-184.5 184.6-184.5 49.3 0 95.6 19.2 130.4 54.1 34.8 34.9 56.2 81.2 56.1 130.5 0 101.8-84.9 184.6-186.6 184.6zm101.2-138.2c-5.5-2.8-32.8-16.2-37.9-18-5.1-1.9-8.8-2.8-12.5 2.8-3.7 5.6-14.3 18-17.6 21.8-3.2 3.7-6.5 4.2-12 1.4-32.6-16.3-54-29.1-75.5-66-5.7-9.8 5.7-9.1 16.3-30.3 1.8-3.7.9-6.9-.5-9.7-1.4-2.8-12.5-30.1-17.1-41.2-4.5-10.8-9.1-9.3-12.5-9.5-3.2-.2-6.9-.2-10.6-.2-3.7 0-9.7 1.4-14.8 6.9-5.1 5.6-19.4 19-19.4 46.3 0 27.3 19.9 53.7 22.6 57.4 2.8 3.7 39.1 59.7 94.8 83.8 35.2 15.2 49 16.5 66.6 13.9 10.7-1.6 32.8-13.4 37.4-26.4 4.6-13 4.6-24.1 3.2-26.4-1.3-2.5-5-3.9-10.5-6.6z\"><\/path><\/svg><\/span>Contato<\/a><a href=\"https:\/\/drive.google.com\/file\/d\/1D-264BbRPWHtAFdbucotyetkoQDXaX8T\/view?usp=sharing\" target=\"_blank\" class=\"cta-button cta-secondary-button \"><span class=\"btn-icon\"><i class=\"huge huge-pdf-01\"><\/i><\/span> Baixar o E-Book Comercial<\/a>\t<\/div>\n\t\t\t\t\t\t\t\t<\/div>\n\t\t\t\t<\/div>\n\t\t\t\t<div class=\"elementor-element elementor-element-62aba48 content-align-cta-default elementor-widget elementor-widget-eael-cta-box\" data-id=\"62aba48\" data-element_type=\"widget\" data-e-type=\"widget\" data-widget_type=\"eael-cta-box.default\">\n\t\t\t\t<div class=\"elementor-widget-container\">\n\t\t\t\t\t\t\t<div class=\"eael-call-to-action cta-basic bg-lite cta-preset-2\">\n        <h4 class=\"sub-title\">COTA 03<\/h4><h1 class=\"title eael-cta-heading\"><span class=\"eael-cta-title-text elementor-repeater-item-2f2df82\">\ud83e\udd48 PRATA -<\/span> <span class=\"eael-cta-title-text elementor-repeater-item-3fa2df2\">R$ 40K<\/span> <\/h1><p>Categoria voltada para empresas que buscam uma posi\u00e7\u00e3o relevante ao CBEB2026, conectando-se ao<br \/>p\u00fablico de forma eficiente.<\/p><a href=\"https:\/\/wa.me\/5585991781720?text=Ol\u00e1!%20Tenho%20interesse%20na%20Cota%20Prata%20de%20patroc\u00ednio%20do%20CBEB%202026.%20Gostaria%20de%20receber%20mais%20informa\u00e7\u00f5es.\" target=\"_blank\" class=\"cta-button cta-preset-2 cta-btn-preset-2 \"><span class=\"btn-icon\"><svg aria-hidden=\"true\" class=\"e-font-icon-svg e-fab-whatsapp\" viewBox=\"0 0 448 512\" xmlns=\"http:\/\/www.w3.org\/2000\/svg\"><path d=\"M380.9 97.1C339 55.1 283.2 32 223.9 32c-122.4 0-222 99.6-222 222 0 39.1 10.2 77.3 29.6 111L0 480l117.7-30.9c32.4 17.7 68.9 27 106.1 27h.1c122.3 0 224.1-99.6 224.1-222 0-59.3-25.2-115-67.1-157zm-157 341.6c-33.2 0-65.7-8.9-94-25.7l-6.7-4-69.8 18.3L72 359.2l-4.4-7c-18.5-29.4-28.2-63.3-28.2-98.2 0-101.7 82.8-184.5 184.6-184.5 49.3 0 95.6 19.2 130.4 54.1 34.8 34.9 56.2 81.2 56.1 130.5 0 101.8-84.9 184.6-186.6 184.6zm101.2-138.2c-5.5-2.8-32.8-16.2-37.9-18-5.1-1.9-8.8-2.8-12.5 2.8-3.7 5.6-14.3 18-17.6 21.8-3.2 3.7-6.5 4.2-12 1.4-32.6-16.3-54-29.1-75.5-66-5.7-9.8 5.7-9.1 16.3-30.3 1.8-3.7.9-6.9-.5-9.7-1.4-2.8-12.5-30.1-17.1-41.2-4.5-10.8-9.1-9.3-12.5-9.5-3.2-.2-6.9-.2-10.6-.2-3.7 0-9.7 1.4-14.8 6.9-5.1 5.6-19.4 19-19.4 46.3 0 27.3 19.9 53.7 22.6 57.4 2.8 3.7 39.1 59.7 94.8 83.8 35.2 15.2 49 16.5 66.6 13.9 10.7-1.6 32.8-13.4 37.4-26.4 4.6-13 4.6-24.1 3.2-26.4-1.3-2.5-5-3.9-10.5-6.6z\"><\/path><\/svg><\/span>Contato<\/a><a href=\"https:\/\/drive.google.com\/file\/d\/1D-264BbRPWHtAFdbucotyetkoQDXaX8T\/view?usp=sharing\" target=\"_blank\" class=\"cta-button cta-secondary-button \"><span class=\"btn-icon\"><i class=\"huge huge-pdf-01\"><\/i><\/span> Baixar o E-Book Comercial<\/a>\t<\/div>\n\t\t\t\t\t\t\t\t<\/div>\n\t\t\t\t<\/div>\n\t\t\t\t<div class=\"elementor-element elementor-element-bfed47d content-align-cta-default elementor-widget elementor-widget-eael-cta-box\" data-id=\"bfed47d\" data-element_type=\"widget\" data-e-type=\"widget\" data-widget_type=\"eael-cta-box.default\">\n\t\t\t\t<div class=\"elementor-widget-container\">\n\t\t\t\t\t\t\t<div class=\"eael-call-to-action cta-basic bg-lite cta-preset-2\">\n        <h4 class=\"sub-title\">COTA 04<\/h4><h1 class=\"title eael-cta-heading\"><span class=\"eael-cta-title-text elementor-repeater-item-2f2df82\">\ud83e\udd49 BRONZE -<\/span> <span class=\"eael-cta-title-text elementor-repeater-item-3fa2df2\">R$ 20K<\/span> <\/h1><p><span style=\"color: #ffffff\">Categoria ideal para empresas e institui\u00e7\u00f5es que desejam estar presentes e engajadas no CBEB2026.<\/span><\/p><a href=\"https:\/\/wa.me\/5585991781720?text=Ol\u00e1!%20Tenho%20interesse%20na%20Cota%20Broze%20de%20patroc\u00ednio%20do%20CBEB%202026.%20Gostaria%20de%20receber%20mais%20informa\u00e7\u00f5es.\" target=\"_blank\" class=\"cta-button cta-preset-2 cta-btn-preset-2 \"><span class=\"btn-icon\"><svg aria-hidden=\"true\" class=\"e-font-icon-svg e-fab-whatsapp\" viewBox=\"0 0 448 512\" xmlns=\"http:\/\/www.w3.org\/2000\/svg\"><path d=\"M380.9 97.1C339 55.1 283.2 32 223.9 32c-122.4 0-222 99.6-222 222 0 39.1 10.2 77.3 29.6 111L0 480l117.7-30.9c32.4 17.7 68.9 27 106.1 27h.1c122.3 0 224.1-99.6 224.1-222 0-59.3-25.2-115-67.1-157zm-157 341.6c-33.2 0-65.7-8.9-94-25.7l-6.7-4-69.8 18.3L72 359.2l-4.4-7c-18.5-29.4-28.2-63.3-28.2-98.2 0-101.7 82.8-184.5 184.6-184.5 49.3 0 95.6 19.2 130.4 54.1 34.8 34.9 56.2 81.2 56.1 130.5 0 101.8-84.9 184.6-186.6 184.6zm101.2-138.2c-5.5-2.8-32.8-16.2-37.9-18-5.1-1.9-8.8-2.8-12.5 2.8-3.7 5.6-14.3 18-17.6 21.8-3.2 3.7-6.5 4.2-12 1.4-32.6-16.3-54-29.1-75.5-66-5.7-9.8 5.7-9.1 16.3-30.3 1.8-3.7.9-6.9-.5-9.7-1.4-2.8-12.5-30.1-17.1-41.2-4.5-10.8-9.1-9.3-12.5-9.5-3.2-.2-6.9-.2-10.6-.2-3.7 0-9.7 1.4-14.8 6.9-5.1 5.6-19.4 19-19.4 46.3 0 27.3 19.9 53.7 22.6 57.4 2.8 3.7 39.1 59.7 94.8 83.8 35.2 15.2 49 16.5 66.6 13.9 10.7-1.6 32.8-13.4 37.4-26.4 4.6-13 4.6-24.1 3.2-26.4-1.3-2.5-5-3.9-10.5-6.6z\"><\/path><\/svg><\/span>Contato<\/a><a href=\"https:\/\/drive.google.com\/file\/d\/1D-264BbRPWHtAFdbucotyetkoQDXaX8T\/view?usp=sharing\" target=\"_blank\" class=\"cta-button cta-secondary-button \"><span class=\"btn-icon\"><i class=\"huge huge-pdf-01\"><\/i><\/span> Baixar o E-Book Comercial<\/a>\t<\/div>\n\t\t\t\t\t\t\t\t<\/div>\n\t\t\t\t<\/div>\n\t\t\t\t<div class=\"elementor-element elementor-element-633d8cc content-align-cta-default elementor-widget elementor-widget-eael-cta-box\" data-id=\"633d8cc\" data-element_type=\"widget\" data-e-type=\"widget\" data-widget_type=\"eael-cta-box.default\">\n\t\t\t\t<div class=\"elementor-widget-container\">\n\t\t\t\t\t\t\t<div class=\"eael-call-to-action cta-basic bg-lite cta-preset-2\">\n        <h4 class=\"sub-title\">COTA 05<\/h4><h1 class=\"title eael-cta-heading\"><span class=\"eael-cta-title-text elementor-repeater-item-2f2df82\">\ud83e\ude99 COBRE -<\/span> <span class=\"eael-cta-title-text elementor-repeater-item-3fa2df2\">R$ 10K<\/span> <\/h1><p>Categoria voltada para pequenas empresas, startups e institui\u00e7\u00f5es emergentes que desejam apoiar e participar do CBEB 2026 com investimento reduzido e presen\u00e7a institucional.<\/p><a href=\"https:\/\/wa.me\/5585991781720?text=Ol\u00e1!%20Tenho%20interesse%20na%20Cota%20Cobre%20de%20patroc\u00ednio%20do%20CBEB%202026.%20Gostaria%20de%20receber%20mais%20informa\u00e7\u00f5es.\" target=\"_blank\" class=\"cta-button cta-preset-2 cta-btn-preset-2 \"><span class=\"btn-icon\"><svg aria-hidden=\"true\" class=\"e-font-icon-svg e-fab-whatsapp\" viewBox=\"0 0 448 512\" xmlns=\"http:\/\/www.w3.org\/2000\/svg\"><path d=\"M380.9 97.1C339 55.1 283.2 32 223.9 32c-122.4 0-222 99.6-222 222 0 39.1 10.2 77.3 29.6 111L0 480l117.7-30.9c32.4 17.7 68.9 27 106.1 27h.1c122.3 0 224.1-99.6 224.1-222 0-59.3-25.2-115-67.1-157zm-157 341.6c-33.2 0-65.7-8.9-94-25.7l-6.7-4-69.8 18.3L72 359.2l-4.4-7c-18.5-29.4-28.2-63.3-28.2-98.2 0-101.7 82.8-184.5 184.6-184.5 49.3 0 95.6 19.2 130.4 54.1 34.8 34.9 56.2 81.2 56.1 130.5 0 101.8-84.9 184.6-186.6 184.6zm101.2-138.2c-5.5-2.8-32.8-16.2-37.9-18-5.1-1.9-8.8-2.8-12.5 2.8-3.7 5.6-14.3 18-17.6 21.8-3.2 3.7-6.5 4.2-12 1.4-32.6-16.3-54-29.1-75.5-66-5.7-9.8 5.7-9.1 16.3-30.3 1.8-3.7.9-6.9-.5-9.7-1.4-2.8-12.5-30.1-17.1-41.2-4.5-10.8-9.1-9.3-12.5-9.5-3.2-.2-6.9-.2-10.6-.2-3.7 0-9.7 1.4-14.8 6.9-5.1 5.6-19.4 19-19.4 46.3 0 27.3 19.9 53.7 22.6 57.4 2.8 3.7 39.1 59.7 94.8 83.8 35.2 15.2 49 16.5 66.6 13.9 10.7-1.6 32.8-13.4 37.4-26.4 4.6-13 4.6-24.1 3.2-26.4-1.3-2.5-5-3.9-10.5-6.6z\"><\/path><\/svg><\/span>Contato<\/a><a href=\"https:\/\/drive.google.com\/file\/d\/1D-264BbRPWHtAFdbucotyetkoQDXaX8T\/view?usp=sharing\" target=\"_blank\" class=\"cta-button cta-secondary-button \"><span class=\"btn-icon\"><i class=\"huge huge-pdf-01\"><\/i><\/span> Baixar o E-Book Comercial<\/a>\t<\/div>\n\t\t\t\t\t\t\t\t<\/div>\n\t\t\t\t<\/div>\n\t\t\t\t<div class=\"elementor-element elementor-element-6ba5910 content-align-cta-default elementor-widget elementor-widget-eael-cta-box\" data-id=\"6ba5910\" data-element_type=\"widget\" data-e-type=\"widget\" data-widget_type=\"eael-cta-box.default\">\n\t\t\t\t<div class=\"elementor-widget-container\">\n\t\t\t\t\t\t\t<div class=\"eael-call-to-action cta-basic bg-lite cta-preset-2\">\n        <h4 class=\"sub-title\">COTA EXCLUSIVA<\/h4><h1 class=\"title eael-cta-heading\"><span class=\"eael-cta-title-text elementor-repeater-item-2f2df82\">\ud83e\udde0 IDEATHON \u2013 <\/span> <span class=\"eael-cta-title-text elementor-repeater-item-3fa2df2\">R$ 40K<\/span> <\/h1><p><strong>Desafio de inova\u00e7\u00e3o para solu\u00e7\u00f5es disruptivas em Engenharia Biom\u00e9dica, conectando ci\u00eancia e mercado.<\/strong><\/p><p>O Ideathon CBEB 2026 \u00e9 uma maratona de ideias inovadoras voltada para startups, pesquisadores e estudantes que desejam criar solu\u00e7\u00f5es criativas em sa\u00fade e tecnologia. \u00c9 uma oportunidade de alto impacto para empresas que querem se posicionar como impulsionadoras da inova\u00e7\u00e3o no setor biom\u00e9dico.<\/p><p><strong>Observa\u00e7\u00e3o importante:<\/strong><br \/><em><strong>Dispon\u00edvel<\/strong> apenas para cotistas <strong>Diamante, Ouro ou Prata.<\/strong><\/em><\/p><a href=\"https:\/\/wa.me\/5585991781720?text=Ol\u00e1!%20Tenho%20interesse%20em%20patrocinar%20o%20IDEATHON%20CBEB%202026.\" target=\"_blank\" class=\"cta-button cta-preset-2 cta-btn-preset-2 \"><span class=\"btn-icon\"><svg aria-hidden=\"true\" class=\"e-font-icon-svg e-fab-whatsapp\" viewBox=\"0 0 448 512\" xmlns=\"http:\/\/www.w3.org\/2000\/svg\"><path d=\"M380.9 97.1C339 55.1 283.2 32 223.9 32c-122.4 0-222 99.6-222 222 0 39.1 10.2 77.3 29.6 111L0 480l117.7-30.9c32.4 17.7 68.9 27 106.1 27h.1c122.3 0 224.1-99.6 224.1-222 0-59.3-25.2-115-67.1-157zm-157 341.6c-33.2 0-65.7-8.9-94-25.7l-6.7-4-69.8 18.3L72 359.2l-4.4-7c-18.5-29.4-28.2-63.3-28.2-98.2 0-101.7 82.8-184.5 184.6-184.5 49.3 0 95.6 19.2 130.4 54.1 34.8 34.9 56.2 81.2 56.1 130.5 0 101.8-84.9 184.6-186.6 184.6zm101.2-138.2c-5.5-2.8-32.8-16.2-37.9-18-5.1-1.9-8.8-2.8-12.5 2.8-3.7 5.6-14.3 18-17.6 21.8-3.2 3.7-6.5 4.2-12 1.4-32.6-16.3-54-29.1-75.5-66-5.7-9.8 5.7-9.1 16.3-30.3 1.8-3.7.9-6.9-.5-9.7-1.4-2.8-12.5-30.1-17.1-41.2-4.5-10.8-9.1-9.3-12.5-9.5-3.2-.2-6.9-.2-10.6-.2-3.7 0-9.7 1.4-14.8 6.9-5.1 5.6-19.4 19-19.4 46.3 0 27.3 19.9 53.7 22.6 57.4 2.8 3.7 39.1 59.7 94.8 83.8 35.2 15.2 49 16.5 66.6 13.9 10.7-1.6 32.8-13.4 37.4-26.4 4.6-13 4.6-24.1 3.2-26.4-1.3-2.5-5-3.9-10.5-6.6z\"><\/path><\/svg><\/span>Contato<\/a><a href=\"https:\/\/drive.google.com\/file\/d\/1D-264BbRPWHtAFdbucotyetkoQDXaX8T\/view?usp=sharing\" target=\"_blank\" class=\"cta-button cta-secondary-button \"><span class=\"btn-icon\"><i class=\"huge huge-pdf-01\"><\/i><\/span> Baixar o E-Book Comercial<\/a>\t<\/div>\n\t\t\t\t\t\t\t\t<\/div>\n\t\t\t\t<\/div>\n\t\t\t\t\t<\/div>\n\t\t\t\t<\/div>\n\t\t<div class=\"elementor-element elementor-element-6f1861b e-flex e-con-boxed wpr-particle-no wpr-jarallax-no wpr-parallax-no wpr-sticky-section-no e-con e-parent\" data-id=\"6f1861b\" data-element_type=\"container\" data-e-type=\"container\" data-settings=\"{&quot;_ha_eqh_enable&quot;:false}\">\n\t\t\t\t\t<div class=\"e-con-inner\">\n\t\t\t\t<div class=\"elementor-element elementor-element-72cad9e elementor-widget elementor-widget-video\" data-id=\"72cad9e\" data-element_type=\"widget\" data-e-type=\"widget\" data-settings=\"{&quot;youtube_url&quot;:&quot;https:\\\/\\\/youtu.be\\\/lVPuFz_7Do0?si=YChW7sgJjV7bDOoQ&quot;,&quot;video_type&quot;:&quot;youtube&quot;,&quot;controls&quot;:&quot;yes&quot;}\" data-widget_type=\"video.default\">\n\t\t\t\t<div class=\"elementor-widget-container\">\n\t\t\t\t\t\t\t<div class=\"elementor-wrapper elementor-open-inline\">\n\t\t\t<div class=\"elementor-video\"><\/div>\t\t<\/div>\n\t\t\t\t\t\t<\/div>\n\t\t\t\t<\/div>\n\t\t\t\t\t<\/div>\n\t\t\t\t<\/div>\n\t\t\t\t<\/div>\n\t\t","protected":false},"excerpt":{"rendered":"<p>Plano de cotas Destaque sua marca onde a ci\u00eancia encontra o futuro! Patrocine o maior evento de Engenharia Biom\u00e9dica da Am\u00e9rica Latina e associe sua marca \u00e0 inova\u00e7\u00e3o, \u00e0 tecnologia e aos profissionais que est\u00e3o transformando a sa\u00fade no Brasil e no mundo. Saiba MaisBaixar o E-Book Comercial COTA 01 \ud83d\udc8e DIAMANTE &#8211; R$ 100K A maior e mais estrat\u00e9gica oportunidade, com ampla visibilidade para empresas e institui\u00e7\u00f5es que desejam associar sua marca ao CBEB 2026. Esta categoria garante posi\u00e7\u00e3o de destaque e benef\u00edcios exclusivos, assegurando uma presen\u00e7a diferenciada junto ao p\u00fablico altamente qualificado e influente do setor. Contato Baixar o E-Book Comercial COTA 02 \ud83e\udd47 OURO &#8211; R$ 60K Categoria com destaque no CBEB2026, oferecendo oportunidades de relacionamento estrat\u00e9gico com um p\u00fablico especifico e qualificado. Esta cota garante posicionamento privilegiado e benef\u00edcios diferen-ciados para empresas que desejam fortalecer sua presen\u00e7a no setor. Contato Baixar o E-Book Comercial COTA 03 \ud83e\udd48 PRATA &#8211; R$ 40K Categoria voltada para empresas que buscam uma posi\u00e7\u00e3o relevante ao CBEB2026, conectando-se aop\u00fablico de forma eficiente. Contato Baixar o E-Book Comercial COTA 04 \ud83e\udd49 BRONZE &#8211; R$ 20K Categoria ideal para empresas e institui\u00e7\u00f5es que desejam estar presentes e engajadas no CBEB2026. Contato Baixar o E-Book Comercial COTA 05 \ud83e\ude99 COBRE &#8211; R$ 10K Categoria voltada para pequenas empresas, startups e institui\u00e7\u00f5es emergentes que desejam apoiar e participar do CBEB 2026 com investimento reduzido e presen\u00e7a institucional. Contato Baixar o E-Book Comercial COTA EXCLUSIVA \ud83e\udde0 IDEATHON \u2013 R$ 40K Desafio de inova\u00e7\u00e3o para solu\u00e7\u00f5es disruptivas em Engenharia Biom\u00e9dica, conectando ci\u00eancia e mercado. O Ideathon CBEB 2026 \u00e9 uma maratona de ideias inovadoras voltada para startups, pesquisadores e estudantes que desejam criar solu\u00e7\u00f5es criativas em sa\u00fade e tecnologia. \u00c9 uma oportunidade de alto impacto para empresas que querem se posicionar como impulsionadoras da inova\u00e7\u00e3o no setor biom\u00e9dico. Observa\u00e7\u00e3o importante:Dispon\u00edvel apenas para cotistas Diamante, Ouro ou Prata. Contato Baixar o E-Book Comercial<\/p>\n","protected":false},"author":3,"featured_media":0,"parent":0,"menu_order":0,"comment_status":"closed","ping_status":"closed","template":"","meta":{"_acf_changed":false,"footnotes":""},"class_list":["post-305","page","type-page","status-publish","hentry"],"acf":[],"_links":{"self":[{"href":"https:\/\/sbeb.org.br\/cbeb2026\/wp-json\/wp\/v2\/pages\/305","targetHints":{"allow":["GET"]}}],"collection":[{"href":"https:\/\/sbeb.org.br\/cbeb2026\/wp-json\/wp\/v2\/pages"}],"about":[{"href":"https:\/\/sbeb.org.br\/cbeb2026\/wp-json\/wp\/v2\/types\/page"}],"author":[{"embeddable":true,"href":"https:\/\/sbeb.org.br\/cbeb2026\/wp-json\/wp\/v2\/users\/3"}],"replies":[{"embeddable":true,"href":"https:\/\/sbeb.org.br\/cbeb2026\/wp-json\/wp\/v2\/comments?post=305"}],"version-history":[{"count":88,"href":"https:\/\/sbeb.org.br\/cbeb2026\/wp-json\/wp\/v2\/pages\/305\/revisions"}],"predecessor-version":[{"id":1955,"href":"https:\/\/sbeb.org.br\/cbeb2026\/wp-json\/wp\/v2\/pages\/305\/revisions\/1955"}],"wp:attachment":[{"href":"https:\/\/sbeb.org.br\/cbeb2026\/wp-json\/wp\/v2\/media?parent=305"}],"curies":[{"name":"wp","href":"https:\/\/api.w.org\/{rel}","templated":true}]}}