{"id":3279,"date":"2025-12-02T17:52:18","date_gmt":"2025-12-02T20:52:18","guid":{"rendered":"https:\/\/sbeb.org.br\/cbeb2026\/?page_id=3279"},"modified":"2026-01-22T12:46:32","modified_gmt":"2026-01-22T15:46:32","slug":"comite-de-premiacoes","status":"publish","type":"page","link":"https:\/\/sbeb.org.br\/cbeb2026\/comite-de-premiacoes\/","title":{"rendered":"Comit\u00ea de Premia\u00e7\u00f5es"},"content":{"rendered":"\t\t<div data-elementor-type=\"wp-page\" data-elementor-id=\"3279\" class=\"elementor elementor-3279\" data-elementor-settings=\"{&quot;ha_cmc_init_switcher&quot;:&quot;no&quot;}\" data-elementor-post-type=\"page\">\n\t\t\t\t<div class=\"elementor-element elementor-element-6a14c8a e-flex e-con-boxed wpr-particle-no wpr-jarallax-no wpr-parallax-no wpr-sticky-section-no e-con e-parent\" data-id=\"6a14c8a\" data-element_type=\"container\" data-e-type=\"container\" data-settings=\"{&quot;_ha_eqh_enable&quot;:false}\">\n\t\t\t\t\t<div class=\"e-con-inner\">\n\t\t\t\t<div class=\"elementor-element elementor-element-3425178 elementor-widget elementor-widget-spacer\" data-id=\"3425178\" data-element_type=\"widget\" data-e-type=\"widget\" data-widget_type=\"spacer.default\">\n\t\t\t\t<div class=\"elementor-widget-container\">\n\t\t\t\t\t\t\t<div class=\"elementor-spacer\">\n\t\t\t<div class=\"elementor-spacer-inner\"><\/div>\n\t\t<\/div>\n\t\t\t\t\t\t<\/div>\n\t\t\t\t<\/div>\n\t\t\t\t\t<\/div>\n\t\t\t\t<\/div>\n\t\t<div class=\"elementor-element elementor-element-26f38c9 e-flex e-con-boxed wpr-particle-no wpr-jarallax-no wpr-parallax-no wpr-sticky-section-no e-con e-parent\" data-id=\"26f38c9\" data-element_type=\"container\" data-e-type=\"container\" data-settings=\"{&quot;_ha_eqh_enable&quot;:false}\">\n\t\t\t\t\t<div class=\"e-con-inner\">\n\t\t\t\t<div class=\"elementor-element elementor-element-ce4ec9c elementor-widget elementor-widget-html\" data-id=\"ce4ec9c\" data-element_type=\"widget\" data-e-type=\"widget\" data-widget_type=\"html.default\">\n\t\t\t\t<div class=\"elementor-widget-container\">\n\t\t\t\t\t<!-- ====================== CBEB 2026 \u2014 COMIT\u00ca DE PREMIA\u00c7\u00d5ES ====================== -->\r\n<div class=\"cbeb-palestrantes-wrapper\">\r\n\r\n  <!-- ===== CAPA \/ HERO ===== -->\r\n  <div class=\"cbeb-intro-up\">\r\n    <div class=\"cbeb-intro-content\">\r\n      \r\n      <h2><span class=\"highlight\">Comit\u00ea de Premia\u00e7\u00f5es<\/span> CBEB 2026<\/h2>\r\n\r\n<p style=\"color:#000;\">\r\n  Respons\u00e1vel pela <strong>avalia\u00e7\u00e3o t\u00e9cnica e sele\u00e7\u00e3o<\/strong> dos premiados da SBEB,\r\n  reconhecendo pesquisas, trajet\u00f3rias e contribui\u00e7\u00f5es de alto impacto para a \r\n  <strong>Engenharia Biom\u00e9dica brasileira<\/strong>.\r\n<\/p>\r\n\r\n      <!-- Seta animada -->\r\n      <div class=\"scroll-down\">\r\n        <span><\/span><span><\/span><span><\/span>\r\n      <\/div>\r\n\r\n      <!-- CTA da capa -->\r\n      <div style=\"margin-top:40px;\">\r\n        <a href=\"https:\/\/sbeb.org.br\/premios-sbeb\/\" target=\"_blank\" class=\"btn-cbeb grande destaque\">\r\n          Conhe\u00e7a as Premia\u00e7\u00f5es SBEB\r\n        <\/a>\r\n      <\/div>\r\n\r\n    <\/div>\r\n  <\/div>\r\n\r\n  <div id=\"comite-premiacoes\"><\/div>\r\n\r\n  <!-- ===== GRID DE 6 MEMBROS (PLACEHOLDER) ===== -->\r\n  <div class=\"cbeb-grid\" style=\"margin-top:60px;\">\r\n\r\n    <!-- CARD 1 -->\r\n    <div class=\"cbeb-card\">\r\n      <input type=\"checkbox\" id=\"flip-premio-1\" class=\"cbeb-flip-toggle\" \/>\r\n      <div class=\"cbeb-inner\">\r\n\r\n        <!-- FRONT -->\r\n        <div class=\"cbeb-front\">\r\n          <div class=\"cbeb-top azul\">\r\n            <span class=\"cbeb-badge\">Membro<\/span>\r\n            <img decoding=\"async\" src=\"https:\/\/sbeb.org.br\/cbeb2026\/wp-content\/uploads\/2025\/12\/1763551952296.jpg\">\r\n          <\/div>\r\n          <div class=\"cbeb-body\">\r\n            <h3>Comit\u00ea de Premia\u00e7\u00f5es<\/h3>\r\n            <p class=\"subtitle\">G4 Educa\u00e7\u00e3o<\/p>\r\n            <p class=\"subtitle\">Dataqore Tecnologia em Neg\u00f3cios LTDA\r\n            <\/p>\r\n            <p><strong>Arthur Frota<\/strong><\/p>\r\n\r\n            <div class=\"cbeb-info\"><span>Avaliador<\/span><\/div>\r\n\r\n            <div class=\"cbeb-links\">\r\n              <a href=\"http:\/\/lattes.cnpq.br\/5847046351514894\">Lattes<\/a>\r\n              <a href=\"https:\/\/www.linkedin.com\/in\/arthurfrota\/?utm_source=share&utm_campaign=share_via&utm_content=profile&utm_medium=android_app\">LinkedIn<\/a>\r\n            <\/div>\r\n\r\n            <label for=\"flip-premio-1\" class=\"btn-cbeb\">\r\n              Saiba Mais <span class=\"arrow\">\u2192<\/span>\r\n            <\/label>\r\n          <\/div>\r\n        <\/div>\r\n\r\n        <!-- BACK -->\r\n        <div class=\"cbeb-back\">\r\n          <div class=\"cbeb-back-content\">\r\n            <h4>Atua\u00e7\u00e3o<\/h4>\r\n            <p>Apoia os processos de avalia\u00e7\u00e3o e an\u00e1lise t\u00e9cnica das premia\u00e7\u00f5es da SBEB.<\/p>\r\n\r\n            <ul>\r\n               <li>An\u00e1lise de potencial de mercado<\/li>\r\n              <li>Revis\u00e3o de candidaturas<\/li>\r\n              <li>An\u00e1lise t\u00e9cnica dos crit\u00e9rios<\/li>\r\n              <li>Participa\u00e7\u00e3o nos pareceres<\/li>\r\n            <\/ul>\r\n\r\n            <div class=\"cbeb-back-footer\">\r\n              <label for=\"flip-premio-1\" class=\"btn-voltar\">Voltar<\/label>\r\n            <\/div>\r\n          <\/div>\r\n        <\/div>\r\n\r\n      <\/div>\r\n    <\/div>\r\n    \r\n    <!-- CARD - ALEXANDRE LOBO MARQUES -->\r\n<div class=\"cbeb-card\">\r\n  <input type=\"checkbox\" id=\"flip-membro-alexandre\" class=\"cbeb-flip-toggle\" \/>\r\n  <div class=\"cbeb-inner\">\r\n\r\n    <!-- FRONT -->\r\n    <div class=\"cbeb-front\">\r\n      <div class=\"cbeb-top azul\">\r\n        <span class=\"cbeb-badge\">Membro<\/span>\r\n        <img decoding=\"async\" src=\"https:\/\/sbeb.org.br\/cbeb2026\/wp-content\/uploads\/2026\/01\/lll.png\" alt=\"Alexandre Lobo Marques\">\r\n      <\/div>\r\n\r\n      <div class=\"cbeb-body\">\r\n        <h3>Comit\u00ea de Internacionaliza\u00e7\u00e3o e Inova\u00e7\u00e3o<\/h3>\r\n\r\n        <p class=\"subtitle\">\r\n          University of Saint Joseph\r\n        <\/p>\r\n        <p class=\"subtitle\">\r\n          Macau SAR, China\r\n        <\/p>\r\n\r\n        <p><strong>Alexandre Lobo Marques<\/strong><\/p>\r\n\r\n        <div class=\"cbeb-info\">\r\n          <span>Membro<\/span>\r\n        <\/div>\r\n\r\n        <div class=\"cbeb-links\">\r\n          <a href=\"http:\/\/lattes.cnpq.br\/1145994146957740\" target=\"_blank\">Lattes<\/a>\r\n          <a href=\"https:\/\/www.linkedin.com\/in\/alexandre-lobo-marques\/\" target=\"_blank\">LinkedIn<\/a>\r\n        <\/div>\r\n\r\n        <label for=\"flip-membro-alexandre\" class=\"btn-cbeb\">\r\n          Saiba Mais <span class=\"arrow\">\u2192<\/span>\r\n        <\/label>\r\n      <\/div>\r\n    <\/div>\r\n\r\n    <!-- BACK -->\r\n    <div class=\"cbeb-back\">\r\n      <div class=\"cbeb-back-content\">\r\n        <h4>Atua\u00e7\u00e3o<\/h4>\r\n        <p>\r\n          Atua no apoio \u00e0s estrat\u00e9gias de internacionaliza\u00e7\u00e3o, inova\u00e7\u00e3o e conex\u00e3o\r\n          entre o ecossistema brasileiro de Healthtechs e o mercado asi\u00e1tico,\r\n          com foco especial na China e na regi\u00e3o da Grande Ba\u00eda.\r\n        <\/p>\r\n\r\n        <ul>\r\n          <li>Internacionaliza\u00e7\u00e3o de Healthtechs<\/li>\r\n          <li>Conex\u00e3o com hubs de inova\u00e7\u00e3o da China<\/li>\r\n          <li>Articula\u00e7\u00e3o com Macau e Hengqin<\/li>\r\n          <li>Apoio estrat\u00e9gico a startups e projetos<\/li>\r\n          <li>Fomento \u00e0 inova\u00e7\u00e3o em sa\u00fade<\/li>\r\n        <\/ul>\r\n\r\n        <div class=\"cbeb-back-footer\">\r\n          <label for=\"flip-membro-alexandre\" class=\"btn-voltar\">Voltar<\/label>\r\n        <\/div>\r\n      <\/div>\r\n    <\/div>\r\n\r\n  <\/div>\r\n<\/div>\r\n\r\n\r\n  <\/div> <!-- fim grid -->\r\n\r\n\r\n  <!-- ===== CTA FINAL ===== -->\r\n  <div class=\"cbeb-intro-up\" style=\"margin-top:70px; padding:70px 25px 90px;\">\r\n    <div class=\"cbeb-intro-content\">\r\n\r\n      <h2><span class=\"highlight\">Excel\u00eancia<\/span> que Inspira<\/h2>\r\n\r\n      <p style=\"color:#000 !important;\">\r\n        As Premia\u00e7\u00f5es da SBEB reconhecem profissionais, cientistas e estudantes que constroem\r\n        impacto real por meio da Engenharia Biom\u00e9dica.  \r\n        Valorizar conquistas \u00e9 fortalecer o futuro da inova\u00e7\u00e3o no Brasil.\r\n      <\/p>\r\n\r\n      <div style=\"margin-top:40px;\">\r\n        <a href=\"https:\/\/sbeb.org.br\/premios-sbeb\/\" target=\"_blank\" class=\"btn-cbeb grande destaque\">\r\n          Explorar Premia\u00e7\u00f5es da SBEB\r\n        <\/a>\r\n      <\/div>\r\n\r\n    <\/div>\r\n  <\/div>\r\n\r\n<\/div>\r\n\r\n\r\n<!-- ====================== ESTILOS COMPLETOS ====================== -->\r\n<style>\r\n:root {\r\n  --azul: #005BC5;\r\n  --amarelo: #FFC805;\r\n  --laranja: #FF6C00;\r\n  --escuro: #1f2a44;\r\n  --fonte: 'Inter', system-ui, sans-serif;\r\n}\r\n\r\n\/* CONTAINER *\/\r\n.cbeb-palestrantes-wrapper {\r\n  font-family: var(--fonte);\r\n  color: var(--escuro);\r\n  max-width: 1280px;\r\n  margin: auto;\r\n  padding: auto;\r\n  text-align: center;\r\n}\r\n\r\n\/* HERO *\/\r\n.cbeb-intro-up {\r\n  background: linear-gradient(135deg, rgba(0,91,197,0.25), rgba(255,108,0,0.20));\r\n  border-radius: 20px;\r\n  padding: 70px 25px 90px;\r\n  margin-bottom: 40px;\r\n  box-shadow: 0 6px 25px rgba(0,0,0,0.05);\r\n  position: relative;\r\n  overflow: hidden;\r\n}\r\n.cbeb-intro-up::before {\r\n  content: \"\";\r\n  position: absolute;\r\n  top: -100px;\r\n  left: -100px;\r\n  width: 300px;\r\n  height: 300px;\r\n  background: radial-gradient(circle, rgba(0,91,197,0.25) 0%, transparent 70%);\r\n}\r\n.cbeb-intro-up::after {\r\n  content: \"\";\r\n  position: absolute;\r\n  bottom: -80px;\r\n  right: -80px;\r\n  width: 260px;\r\n  height: 260px;\r\n  background: radial-gradient(circle, rgba(255,200,5,0.25) 0%, transparent 70%);\r\n}\r\n.cbeb-intro-content { position: relative; z-index: 1; max-width: 820px; margin: auto; }\r\n.cbeb-intro-content h2 {\r\n  font-size: 2.5rem; font-weight: 900; text-transform: uppercase;\r\n  margin-bottom: 16px; color: var(--azul);\r\n}\r\n.cbeb-intro-content .highlight {\r\n  background: linear-gradient(90deg, var(--amarelo), var(--laranja));\r\n  -webkit-background-clip: text; -webkit-text-fill-color: transparent;\r\n}\r\n.cbeb-intro-content p {\r\n  font-size: 1.1rem; color: #ffffff; line-height: 1.7; max-width: 740px; margin: 0 auto;\r\n}\r\n\r\n\/* SETA ANIMADA *\/\r\n.scroll-down {\r\n  margin-top: 30px;\r\n  display: inline-block;\r\n  width: 30px; height: 50px; position: relative;\r\n}\r\n.scroll-down span {\r\n  position: absolute; left: 50%; width: 8px; height: 8px;\r\n  margin-left: -4px; border-left: 2px solid #fff; border-bottom: 2px solid #fff;\r\n  transform: rotate(-45deg);\r\n  animation: scrollDown 1.6s infinite; opacity: 0;\r\n}\r\n.scroll-down span:nth-child(1) { animation-delay: 0.2s; top: 0px; }\r\n.scroll-down span:nth-child(2) { animation-delay: 0.4s; top: 12px; }\r\n.scroll-down span:nth-child(3) { animation-delay: 0.6s; top: 24px; }\r\n\r\n@keyframes scrollDown {\r\n  0% { opacity: 0; transform: translateY(-4px) rotate(-45deg); }\r\n  50% { opacity: 1; transform: translateY(0) rotate(-45deg); }\r\n  100% { opacity: 0; transform: translateY(6px) rotate(-45deg); }\r\n}\r\n\r\n\/* GRID *\/\r\n.cbeb-grid {\r\n  display: grid; gap: 2rem; justify-items: center;\r\n}\r\n@media (min-width:1025px){ .cbeb-grid{ grid-template-columns: repeat(3,1fr); } }\r\n@media (max-width:1024px){ .cbeb-grid{ grid-template-columns: repeat(2,1fr); } }\r\n@media (max-width:767px){ .cbeb-grid{ grid-template-columns: 1fr; } }\r\n\r\n\/* CARD *\/\r\n.cbeb-card {\r\n  width: 360px; max-width: 95vw; height: 520px;\r\n  perspective: 1000px;\r\n}\r\n\r\n\/* card inner *\/\r\n.cbeb-inner {\r\n  width: 100%; height: 100%;\r\n  transition: transform .8s; transform-style: preserve-3d;\r\n}\r\n.cbeb-flip-toggle{ position:absolute; inset:0; opacity:0; pointer-events:none; }\r\n.cbeb-flip-toggle:checked ~ .cbeb-inner{ transform:rotateY(180deg); }\r\n\r\n\/* FRONT & BACK *\/\r\n.cbeb-front,.cbeb-back{\r\n  position:absolute; inset:0; border-radius:20px; background:#fff;\r\n  box-shadow:0 6px 18px rgba(0,0,0,.12);\r\n  backface-visibility:hidden; overflow:hidden;\r\n}\r\n.cbeb-back{ transform:rotateY(180deg); }\r\n\r\n\/* TOP *\/\r\n.cbeb-top{ height:120px; position:relative; }\r\n.cbeb-top.azul{ background:linear-gradient(135deg,var(--azul),#4a8dff); }\r\n.cbeb-top.laranja{ background:linear-gradient(135deg,var(--laranja),var(--amarelo)); }\r\n\r\n.cbeb-badge{\r\n  position:absolute; top:12px; right:14px;\r\n  background:#fff; color:var(--azul); font-weight:800; font-size:.85rem;\r\n  padding:6px 14px; border-radius:999px; box-shadow:0 3px 10px rgba(0,0,0,.1);\r\n}\r\n.cbeb-top img{\r\n  position:absolute; bottom:-60px; left:50%; transform:translateX(-50%);\r\n  width:120px; height:120px; border-radius:50%; border:4px solid #fff;\r\n  object-fit:cover; box-shadow:0 0 0 4px rgba(0,91,197,0.25);\r\n  transition:transform .4s;\r\n}\r\n.cbeb-card:hover .cbeb-top img{ transform:translate(-50%,-4px) scale(1.05); }\r\n\r\n\/* BODY *\/\r\n.cbeb-body{ padding:80px 20px 30px; text-align:center; }\r\n.cbeb-body h3{ color:var(--azul); font-size:1.1rem; text-transform:uppercase; }\r\n.cbeb-body p strong{ color:var(--escuro); }\r\n\r\n\/* LINKS *\/\r\n.cbeb-links{ display:flex; gap:10px; justify-content:center; margin-bottom:10px; }\r\n.cbeb-links a{\r\n  background:var(--amarelo); padding:6px 12px; border-radius:18px;\r\n  font-size:.8rem; font-weight:700; text-decoration:none; color:#000;\r\n}\r\n.cbeb-links a:hover{ background:var(--azul); color:#fff; }\r\n\r\n\/* BUTTONS *\/\r\n.btn-cbeb{\r\n  display:inline-block; padding:10px 26px; border-radius:28px;\r\n  font-weight:800; border:2px solid var(--azul);\r\n  text-decoration:none; color:var(--azul); cursor:pointer;\r\n}\r\n.btn-cbeb:hover{ background:var(--azul); color:#fff; }\r\n.btn-cbeb.destaque{\r\n  border:0; background:var(--amarelo); color:#000;\r\n  box-shadow:0 4px 12px rgba(255,200,5,.4);\r\n}\r\n.btn-cbeb.destaque:hover{ background:#fff; color:var(--azul); }\r\n\r\n\/* BACK *\/\r\n.cbeb-back-content{ padding:30px; text-align:center; }\r\n.cbeb-back-content h4{ color:var(--azul); margin-bottom:10px; }\r\n.cbeb-back-content ul{ margin-top:10px; text-align:left; padding-left:20px; }\r\n.btn-voltar{ text-decoration:underline; cursor:pointer; margin-top:10px; display:inline-block; }\r\n\r\n<\/style>\r\n\t\t\t\t<\/div>\n\t\t\t\t<\/div>\n\t\t\t\t\t<\/div>\n\t\t\t\t<\/div>\n\t\t\t\t<\/div>\n\t\t","protected":false},"excerpt":{"rendered":"<p>Comit\u00ea de Premia\u00e7\u00f5es CBEB 2026 Respons\u00e1vel pela avalia\u00e7\u00e3o t\u00e9cnica e sele\u00e7\u00e3o dos premiados da SBEB, reconhecendo pesquisas, trajet\u00f3rias e contribui\u00e7\u00f5es de alto impacto para a Engenharia Biom\u00e9dica brasileira. Conhe\u00e7a as Premia\u00e7\u00f5es SBEB Membro Comit\u00ea de Premia\u00e7\u00f5es G4 Educa\u00e7\u00e3o Dataqore Tecnologia em Neg\u00f3cios LTDA Arthur Frota Avaliador Lattes LinkedIn Saiba Mais \u2192 Atua\u00e7\u00e3o Apoia os processos de avalia\u00e7\u00e3o e an\u00e1lise t\u00e9cnica das premia\u00e7\u00f5es da SBEB. An\u00e1lise de potencial de mercado Revis\u00e3o de candidaturas An\u00e1lise t\u00e9cnica dos crit\u00e9rios Participa\u00e7\u00e3o nos pareceres Voltar Membro Comit\u00ea de Internacionaliza\u00e7\u00e3o e Inova\u00e7\u00e3o University of Saint Joseph Macau SAR, China Alexandre Lobo Marques Membro Lattes LinkedIn Saiba Mais \u2192 Atua\u00e7\u00e3o Atua no apoio \u00e0s estrat\u00e9gias de internacionaliza\u00e7\u00e3o, inova\u00e7\u00e3o e conex\u00e3o entre o ecossistema brasileiro de Healthtechs e o mercado asi\u00e1tico, com foco especial na China e na regi\u00e3o da Grande Ba\u00eda. Internacionaliza\u00e7\u00e3o de Healthtechs Conex\u00e3o com hubs de inova\u00e7\u00e3o da China Articula\u00e7\u00e3o com Macau e Hengqin Apoio estrat\u00e9gico a startups e projetos Fomento \u00e0 inova\u00e7\u00e3o em sa\u00fade Voltar Excel\u00eancia que Inspira As Premia\u00e7\u00f5es da SBEB reconhecem profissionais, cientistas e estudantes que constroem impacto real por meio da Engenharia Biom\u00e9dica. Valorizar conquistas \u00e9 fortalecer o futuro da inova\u00e7\u00e3o no Brasil. Explorar Premia\u00e7\u00f5es da SBEB<\/p>\n","protected":false},"author":4,"featured_media":0,"parent":0,"menu_order":0,"comment_status":"closed","ping_status":"closed","template":"","meta":{"_acf_changed":false,"footnotes":""},"class_list":["post-3279","page","type-page","status-publish","hentry"],"acf":[],"_links":{"self":[{"href":"https:\/\/sbeb.org.br\/cbeb2026\/wp-json\/wp\/v2\/pages\/3279","targetHints":{"allow":["GET"]}}],"collection":[{"href":"https:\/\/sbeb.org.br\/cbeb2026\/wp-json\/wp\/v2\/pages"}],"about":[{"href":"https:\/\/sbeb.org.br\/cbeb2026\/wp-json\/wp\/v2\/types\/page"}],"author":[{"embeddable":true,"href":"https:\/\/sbeb.org.br\/cbeb2026\/wp-json\/wp\/v2\/users\/4"}],"replies":[{"embeddable":true,"href":"https:\/\/sbeb.org.br\/cbeb2026\/wp-json\/wp\/v2\/comments?post=3279"}],"version-history":[{"count":20,"href":"https:\/\/sbeb.org.br\/cbeb2026\/wp-json\/wp\/v2\/pages\/3279\/revisions"}],"predecessor-version":[{"id":3699,"href":"https:\/\/sbeb.org.br\/cbeb2026\/wp-json\/wp\/v2\/pages\/3279\/revisions\/3699"}],"wp:attachment":[{"href":"https:\/\/sbeb.org.br\/cbeb2026\/wp-json\/wp\/v2\/media?parent=3279"}],"curies":[{"name":"wp","href":"https:\/\/api.w.org\/{rel}","templated":true}]}}