{"id":844,"date":"2025-10-01T08:19:52","date_gmt":"2025-10-01T11:19:52","guid":{"rendered":"https:\/\/sbeb.org.br\/cbeb2026\/?page_id=844"},"modified":"2025-11-06T13:50:40","modified_gmt":"2025-11-06T16:50:40","slug":"comite-internacional","status":"publish","type":"page","link":"https:\/\/sbeb.org.br\/cbeb2026\/comite-internacional\/","title":{"rendered":"Comit\u00ea Internacional"},"content":{"rendered":"\t\t<div data-elementor-type=\"wp-page\" data-elementor-id=\"844\" class=\"elementor elementor-844\" data-elementor-settings=\"{&quot;ha_cmc_init_switcher&quot;:&quot;no&quot;}\" data-elementor-post-type=\"page\">\n\t\t\t\t<div class=\"elementor-element elementor-element-138f445 e-flex e-con-boxed wpr-particle-no wpr-jarallax-no wpr-parallax-no wpr-sticky-section-no e-con e-parent\" data-id=\"138f445\" data-element_type=\"container\" data-e-type=\"container\" data-settings=\"{&quot;_ha_eqh_enable&quot;:false}\">\n\t\t\t\t\t<div class=\"e-con-inner\">\n\t\t\t\t<div class=\"elementor-element elementor-element-a7103e3 elementor-widget elementor-widget-html\" data-id=\"a7103e3\" data-element_type=\"widget\" data-e-type=\"widget\" data-widget_type=\"html.default\">\n\t\t\t\t<div class=\"elementor-widget-container\">\n\t\t\t\t\t<!-- ======================================================================\nCBEB 2026 \u2014 Comit\u00ea Internacional de Colabora\u00e7\u00e3o Cient\u00edfica (Premium)\n- Estrutura: Introdu\u00e7\u00e3o | Busca + Cards | CTA\n- Visual: mesmo padr\u00e3o dos Comit\u00eas Tem\u00e1ticos (glass search, caps azul, cards semi-3D)\n- Namespacing: cbeb-intl-* (evita conflito com outras se\u00e7\u00f5es)\n====================================================================== -->\n\n<style>\n:root{\n  --cbeb-blue:#005BC5;\n  --cbeb-blue-2:#0A4FB2;\n  --cbeb-blue-3:#063F90;\n  --cbeb-yellow:#FFC805;\n  --ink:#1F2A44;\n  --muted:#58627A;\n  --bg:#F6F9FF;\n  --white:#ffffff;\n  --shadow-sm:0 6px 18px rgba(0,0,0,.07);\n  --shadow-md:0 16px 32px rgba(0,0,0,.16);\n  --radius:16px;\n  --radius-lg:22px;\n  --siteHeaderH:0px; \/* ajustado no JS caso exista header fixo do tema *\/\n}\n\n\/* ===== Container raiz ===== *\/\n.cbeb-intl-wrap{max-width:1280px;margin:0 auto;padding:28px 16px 64px;background:var(--bg);color:var(--ink);font-family:'Segoe UI',Roboto,system-ui,-apple-system,sans-serif}\n\n\/* ========================= 1) INTRODU\u00c7\u00c3O ========================= *\/\n.cbeb-intl-intro{\n  background:linear-gradient(135deg, rgba(0,91,197,.12), rgba(255,200,5,.10));\n  border-radius:var(--radius-lg);\n  padding:48px 22px;\n  text-align:center;\n  box-shadow:var(--shadow-sm);\n  margin-bottom:32px;\n}\n.cbeb-intl-intro h2{\n  margin:0 0 8px;\n  color:var(--cbeb-blue) !important;\n  font-weight:800 !important;\n  font-size:clamp(1.6rem,3.2vw,2.1rem) !important;\n  letter-spacing:.2px !important;\n}\n.cbeb-intl-intro p{\n  margin:8px auto;\n  max-width:980px;\n  color:var(--ink) !important;\n  font-size:clamp(.95rem,1.4vw,1.05rem) !important;\n  line-height:1.7 !important;\n}\n\n\/* ========================= 2) BUSCA ========================= *\/\n.cbeb-intl-search{\n  position:relative;\n  max-width:920px;\n  margin:22px auto 32px;\n  padding:10px;\n  border-radius:999px;\n  background:rgba(255,255,255,.55);\n  backdrop-filter: blur(8px);\n  box-shadow:0 8px 22px rgba(13,48,115,.08);\n}\n.cbeb-intl-search .icon{\n  position:absolute; left:26px; top:50%; transform:translateY(-50%);\n  width:24px; height:24px; display:flex; align-items:center; justify-content:center;\n  color:var(--cbeb-blue); font-size:18px; pointer-events:none;\n}\n.cbeb-intl-search input{\n  width:100%;\n  height:48px !important;\n  border-radius:999px !important;\n  border:2px solid #cfe0ff !important;\n  background:#fff !important;\n  padding:0 110px 0 76px !important;  \/* <<< folga da lupa garantida *\/\n  font-size:.95rem !important;\n  color:var(--ink) !important;\n  outline:none !important;\n  box-shadow:inset 0 0 0 0 rgba(0,0,0,0);\n  transition:.25s ease !important;\n}\n.cbeb-intl-search input::placeholder{color:#7a86a0 !important; opacity:1}\n.cbeb-intl-search input:focus{\n  border-color:var(--cbeb-blue) !important;\n  box-shadow:0 0 0 5px rgba(0,91,197,.14) !important;\n}\n.cbeb-intl-search .clear{\n  position:absolute; right:18px; top:50%; transform:translateY(-50%);\n  background:#eaf1ff; color:var(--cbeb-blue); border:none;\n  border-radius:999px; height:36px; padding:0 16px;\n  font-weight:800; font-size:.85rem; cursor:pointer; transition:.2s;\n}\n.cbeb-intl-search .clear:hover{background:#dbe9ff}\n\n\/* ========================= 3) T\u00cdTULO DA SE\u00c7\u00c3O ========================= *\/\n.cbeb-intl-title{\n  display:inline-flex; align-items:center; gap:14px;\n  padding:14px 18px;\n  border-radius:14px;\n  background:linear-gradient(90deg, var(--cbeb-blue) 0%, var(--cbeb-blue-2) 60%, var(--cbeb-blue-3) 100%);\n  color:#fff !important;\n  font-weight:900 !important;\n  font-size:clamp(1.0rem, 2.2vw, 1.35rem) !important;\n  letter-spacing:.3px !important;\n  box-shadow:0 10px 24px rgba(0,62,140,.18);\n  margin:0 0 18px;\n}\n\n\/* ========================= 4) GRID + CARDS ========================= *\/\n.cbeb-intl-grid{display:grid;grid-template-columns:repeat(auto-fit,minmax(300px,1fr));gap:24px}\n.cbeb-intl-card{\n  background:rgba(255,255,255,.92);\n  border-radius:18px;\n  border:1px solid rgba(0,91,197,.12);\n  box-shadow:0 14px 30px rgba(6,63,144,.08), 0 4px 10px rgba(0,0,0,.04);\n  backdrop-filter:saturate(120%) blur(2px);\n  overflow:hidden;\n  transition:transform .22s ease, box-shadow .22s ease, border-color .22s ease;\n}\n.cbeb-intl-card:hover{\n  transform:translateY(-4px);\n  border-color:rgba(0,91,197,.22);\n  box-shadow:0 20px 40px rgba(6,63,144,.14), 0 8px 18px rgba(0,0,0,.06);\n}\n\/* head strip *\/\n.cbeb-intl-card-head{\n  background:linear-gradient(90deg, rgba(0,91,197,.08), rgba(0,91,197,.02));\n  padding:12px 16px; border-bottom:1px solid #e7edfb;\n}\n.cbeb-intl-card h4{\n  margin:0 !important;\n  color:var(--cbeb-blue) !important;\n  font-weight:900 !important;\n  font-size:clamp(.98rem,1.4vw,1.05rem) !important;\n  letter-spacing:.2px !important;\n}\n.cbeb-intl-card-body{padding:12px 16px 14px}\n.cbeb-intl-card p{\n  margin:.25rem 0 .85rem !important;\n  color:var(--muted) !important;\n  font-size:.93rem !important;\n  line-height:1.5 !important;\n}\n\/* links com microintera\u00e7\u00e3o *\/\n.cbeb-intl-links{display:flex; flex-wrap:wrap; gap:12px 16px}\n.cbeb-intl-links a{\n  position:relative; text-decoration:none; color:var(--cbeb-blue) !important;\n  font-weight:800 !important; font-size:.9rem !important; padding-bottom:2px;\n}\n.cbeb-intl-links a::after{\n  content:\"\"; position:absolute; left:0; right:100%; bottom:0; height:2px;\n  background:var(--cbeb-blue); transition:right .25s ease;\n}\n.cbeb-intl-links a:hover::after{right:0}\n\n\/* ========================= 5) CTA ========================= *\/\n.cbeb-intl-cta{\n  margin-top:44px;\n  background:linear-gradient(135deg, var(--cbeb-blue) 0%, var(--cbeb-blue-2) 70%);\n  color:#fff; border-radius:22px; padding:44px 22px; text-align:center;\n  box-shadow:0 14px 36px rgba(0,62,140,.25);\n}\n.cbeb-intl-cta h3{margin:0 0 10px; font-size:clamp(1.4rem,2.6vw,1.9rem) !important; font-weight:900 !important; color:#fff !important}\n.cbeb-intl-cta p{margin:8px auto 22px; max-width:760\u00e5px; color:#eef3ff !important; font-size:clamp(.98rem,1.4vw,1.08rem) !important}\n.cbeb-intl-cta a{\n  display:inline-block; text-decoration:none; font-weight:900 !important;\n  background:var(--cbeb-yellow); color:#1f2536 !important;\n  padding:.95rem 2.1rem; border-radius:999px;\n  box-shadow:0 8px 22px rgba(0,0,0,.18); transition:.22s ease;\n}\n.cbeb-intl-cta a:hover{background:#fff; color:var(--cbeb-blue) !important; transform:translateY(-2px)}\n\n\/* ========================= Responsivo extra ========================= *\/\n@media(max-width:520px){\n  .cbeb-intl-search input{padding-left:76px !important}\n  .cbeb-intl-grid{grid-template-columns:1fr}\n}\n<\/style>\n\n<div class=\"cbeb-intl-wrap\" id=\"cbeb-intl\">\n  <!-- ===== 1) Introdu\u00e7\u00e3o institucional ===== -->\n  <section class=\"cbeb-intl-intro\">\n    <h2>Comit\u00ea Internacional de Colabora\u00e7\u00e3o Cient\u00edfica<\/h2>\n    <p>O Comit\u00ea Internacional \u00e9 composto por pesquisadores de excel\u00eancia vinculados a institui\u00e7\u00f5es de renome em diferentes continentes, com destacada atua\u00e7\u00e3o em <strong>Engenharia Biom\u00e9dica<\/strong> e em <strong>Tecnologias da Informa\u00e7\u00e3o e Comunica\u00e7\u00e3o aplicadas \u00e0 Sa\u00fade (TIC+Sa\u00fade)<\/strong>. Sua participa\u00e7\u00e3o fortalece o car\u00e1ter global do CBEB 2026, promovendo o interc\u00e2mbio cient\u00edfico entre o Brasil e o mundo, especialmente nas \u00e1reas que integram inova\u00e7\u00e3o tecnol\u00f3gica e impacto direto nos sistemas de sa\u00fade.<\/p>\n    <p>A presen\u00e7a desses especialistas refor\u00e7a o protagonismo do <strong>Congresso Brasileiro de Engenharia Biom\u00e9dica (CBEB)<\/strong> como principal f\u00f3rum da \u00e1rea na Am\u00e9rica Latina, ampliando sua relev\u00e2ncia no cen\u00e1rio internacional. Esse comit\u00ea contribui para a eleva\u00e7\u00e3o da qualidade t\u00e9cnico-cient\u00edfica do evento, o fortalecimento de parcerias estrat\u00e9gicas em n\u00edvel global e a proje\u00e7\u00e3o da <strong>Engenharia Biom\u00e9dica brasileira<\/strong> como refer\u00eancia no desenvolvimento de solu\u00e7\u00f5es digitais e tecnol\u00f3gicas para a sa\u00fade.<\/p>\n  <\/section>\n\n  <!-- ===== 2) Busca + Cards ===== -->\n  <section>\n    <!-- Busca -->\n    <div class=\"cbeb-intl-search\" role=\"search\">\n      <span class=\"icon\" aria-hidden=\"true\">\ud83d\udd0d<\/span>\n      <input id=\"cbeb-intl-q\" type=\"search\" placeholder=\"Buscar por nome, institui\u00e7\u00e3o ou pa\u00eds...\" aria-label=\"Buscar membros do comit\u00ea internacional\">\n      <button class=\"clear\" id=\"cbeb-intl-clear\" type=\"button\">Limpar<\/button>\n    <\/div>\n\n    <!-- T\u00edtulo da se\u00e7\u00e3o (sem numera\u00e7\u00e3o) -->\n    <h3 class=\"cbeb-intl-title\">Comit\u00ea Internacional de Colabora\u00e7\u00e3o Cient\u00edfica<\/h3>\n\n    <!-- Grid de cards -->\n    <div class=\"cbeb-intl-grid\" id=\"cbeb-intl-grid\">\n      <!-- 1 -->\n      <article class=\"cbeb-intl-card\" data-text=\"Witold Pedrycz University of Alberta Canada Canad\u00e1\">\n        <div class=\"cbeb-intl-card-head\"><h4>Witold Pedrycz<\/h4><\/div>\n        <div class=\"cbeb-intl-card-body\">\n          <p>University of Alberta \u2013 Canada<\/p>\n          <div class=\"cbeb-intl-links\"><a href=\"https:\/\/apps.ualberta.ca\/directory\/person\/wpedrycz\" target=\"_blank\" rel=\"noopener\">Site<\/a><\/div>\n        <\/div>\n      <\/article>\n      <!-- 2 -->\n      <article class=\"cbeb-intl-card\" data-text=\"Qammer H. Abbasi University of Glasgow UK Reino Unido\">\n        <div class=\"cbeb-intl-card-head\"><h4>Qammer H. Abbasi<\/h4><\/div>\n        <div class=\"cbeb-intl-card-body\">\n          <p>University of Glasgow \u2013 UK<\/p>\n          <div class=\"cbeb-intl-links\"><a href=\"https:\/\/www.gla.ac.uk\/schools\/engineering\/staff\/qammerabbasi\/\" target=\"_blank\" rel=\"noopener\">Site<\/a><\/div>\n        <\/div>\n      <\/article>\n      <!-- 3 -->\n      <article class=\"cbeb-intl-card\" data-text=\"Robertas Dama\u0161evi\u010dius Kaunas University of Technology Lithuania Litu\u00e2nia\">\n        <div class=\"cbeb-intl-card-head\"><h4>Robertas Dama\u0161evi\u010dius<\/h4><\/div>\n        <div class=\"cbeb-intl-card-body\">\n          <p>Kaunas University of Technology \u2013 Lithuania<\/p>\n          <div class=\"cbeb-intl-links\"><a href=\"https:\/\/www.linkedin.com\/in\/robertas-d-a9223960\/\" target=\"_blank\" rel=\"noopener\">LinkedIn<\/a><\/div>\n        <\/div>\n      <\/article>\n      <!-- 4 -->\n      <article class=\"cbeb-intl-card\" data-text=\"Kemal Polat Bolu Abant Izzet Baysal University Turkey Turquia\">\n        <div class=\"cbeb-intl-card-head\"><h4>Kemal Polat<\/h4><\/div>\n        <div class=\"cbeb-intl-card-body\">\n          <p>Bolu Abant Izzet Baysal University \u2013 Turkey<\/p>\n          <div class=\"cbeb-intl-links\"><a href=\"https:\/\/www.amrita.edu\/dr-kemal-polat\/\" target=\"_blank\" rel=\"noopener\">Site<\/a><\/div>\n        <\/div>\n      <\/article>\n      <!-- 5 -->\n      <article class=\"cbeb-intl-card\" data-text=\"Senthil Kumar Jagatheesaperumal Mepco Schlenk Engineering College India \u00cdndia\">\n        <div class=\"cbeb-intl-card-head\"><h4>Senthil Kumar Jagatheesaperumal<\/h4><\/div>\n        <div class=\"cbeb-intl-card-body\">\n          <p>Mepco Schlenk Engineering College \u2013 India<\/p>\n          <div class=\"cbeb-intl-links\"><a href=\"https:\/\/www.mepcoeng.ac.in\/FacultyProfile.aspx?deptid=3&id=07ECETS024\" target=\"_blank\" rel=\"noopener\">Site<\/a><\/div>\n        <\/div>\n      <\/article>\n      <!-- 6 -->\n      <article class=\"cbeb-intl-card\" data-text=\"D. Jude Hemanth Karunya University India \u00cdndia\">\n        <div class=\"cbeb-intl-card-head\"><h4>D. Jude Hemanth<\/h4><\/div>\n        <div class=\"cbeb-intl-card-body\">\n          <p>Karunya University \u2013 India<\/p>\n          <div class=\"cbeb-intl-links\"><a href=\"https:\/\/peerj.com\/judehemanth\/\" target=\"_blank\" rel=\"noopener\">Site<\/a><a href=\"https:\/\/www.linkedin.com\/in\/jude-hemanth-0a9360a\/?originalSubdomain=in\" target=\"_blank\" rel=\"noopener\">LinkedIn<\/a><\/div>\n        <\/div>\n      <\/article>\n      <!-- 7 -->\n      <article class=\"cbeb-intl-card\" data-text=\"Roberto Mu\u00f1oz Universidad de Valpara\u00edso Chile\">\n        <div class=\"cbeb-intl-card-head\"><h4>Roberto Mu\u00f1oz<\/h4><\/div>\n        <div class=\"cbeb-intl-card-body\">\n          <p>Universidad de Valpara\u00edso \u2013 Chile<\/p>\n          <div class=\"cbeb-intl-links\"><a href=\"https:\/\/informatica.uv.cl\/escuela\/lineas-curriculares?view=article&id=7:a-roberto-munoz-soto&catid=31\" target=\"_blank\" rel=\"noopener\">Site<\/a><\/div>\n        <\/div>\n      <\/article>\n      <!-- 8 -->\n      <article class=\"cbeb-intl-card\" data-text=\"Jo\u00e3o Alexandre Lobo Marques University of Saint Joseph Macau China\">\n        <div class=\"cbeb-intl-card-head\"><h4>Jo\u00e3o Alexandre Lobo Marques<\/h4><\/div>\n        <div class=\"cbeb-intl-card-body\">\n          <p>University of Saint Joseph \u2013 Macau, China<\/p>\n          <div class=\"cbeb-intl-links\"><a href=\"https:\/\/www.linkedin.com\/in\/alexandre-lobo-marques\/?originalSubdomain=mo\" target=\"_blank\" rel=\"noopener\">LinkedIn<\/a><\/div>\n        <\/div>\n      <\/article>\n      <!-- 9 -->\n      <article class=\"cbeb-intl-card\" data-text=\"Khan Muhammad Sungkyunkwan University Republic of Korea Coreia do Sul\">\n        <div class=\"cbeb-intl-card-head\"><h4>Khan Muhammad<\/h4><\/div>\n        <div class=\"cbeb-intl-card-body\">\n          <p>Sungkyunkwan University \u2013 Republic of Korea<\/p>\n          <div class=\"cbeb-intl-links\"><a href=\"https:\/\/www.linkedin.com\/in\/khan3768\/?originalSubdomain=kr\" target=\"_blank\" rel=\"noopener\">LinkedIn<\/a><\/div>\n        <\/div>\n      <\/article>\n      <!-- 10 -->\n      <article class=\"cbeb-intl-card\" data-text=\"Mohamed Abdel-Basset Zagazig University Egypt Egito\">\n        <div class=\"cbeb-intl-card-head\"><h4>Mohamed Abdel-Basset<\/h4><\/div>\n        <div class=\"cbeb-intl-card-body\">\n          <p>Zagazig University \u2013 Egypt<\/p>\n          <div class=\"cbeb-intl-links\"><a href=\"https:\/\/sciprofiles.com\/profile\/373987\" target=\"_blank\" rel=\"noopener\">Site<\/a><\/div>\n        <\/div>\n      <\/article>\n      <!-- 11 -->\n      <article class=\"cbeb-intl-card\" data-text=\"Ali Hassan Sodhro Link\u00f6ping University Sweden Su\u00e9cia\">\n        <div class=\"cbeb-intl-card-head\"><h4>Ali Hassan Sodhro<\/h4><\/div>\n        <div class=\"cbeb-intl-card-body\">\n          <p>Link\u00f6ping University \u2013 Sweden<\/p>\n          <div class=\"cbeb-intl-links\"><a href=\"https:\/\/www.linkedin.com\/in\/ali-hassan-sodhro-phd-postdoc-1b1a5131\/?originalSubdomain=se\" target=\"_blank\" rel=\"noopener\">LinkedIn<\/a><\/div>\n        <\/div>\n      <\/article>\n      <!-- 12 -->\n      <article class=\"cbeb-intl-card\" data-text=\"Mar\u00eda de los \u00c1ngeles Quezada Instituto Tecnol\u00f3gico de Tijuana Mexico M\u00e9xico\">\n        <div class=\"cbeb-intl-card-head\"><h4>Mar\u00eda de los \u00c1ngeles Quezada<\/h4><\/div>\n        <div class=\"cbeb-intl-card-body\">\n          <p>Instituto Tecnol\u00f3gico de Tijuana \u2013 Mexico<\/p>\n          <div class=\"cbeb-intl-links\"><a href=\"https:\/\/www.linkedin.com\/in\/angeles-quezada-3b360694\/?originalSubdomain=mx\" target=\"_blank\" rel=\"noopener\">LinkedIn<\/a><\/div>\n        <\/div>\n      <\/article>\n      <!-- 13 -->\n      <article class=\"cbeb-intl-card\" data-text=\"Javier Del Ser Lorente SM IEEE University of the Basque Country Spain Espanha\">\n        <div class=\"cbeb-intl-card-head\"><h4>Javier Del Ser Lorente, SM IEEE<\/h4><\/div>\n        <div class=\"cbeb-intl-card-body\">\n          <p>University of the Basque Country \u2013 Spain<\/p>\n          <div class=\"cbeb-intl-links\"><a href=\"https:\/\/www.linkedin.com\/in\/jdelser\/?originalSubdomain=es\" target=\"_blank\" rel=\"noopener\">LinkedIn<\/a><\/div>\n        <\/div>\n      <\/article>\n      <!-- 14 -->\n      <article class=\"cbeb-intl-card\" data-text=\"Wanqing Wu Sun Yat-Sen University China\">\n        <div class=\"cbeb-intl-card-head\"><h4>Wanqing Wu<\/h4><\/div>\n        <div class=\"cbeb-intl-card-body\">\n          <p>Sun Yat-Sen University \u2013 China<\/p>\n          <div class=\"cbeb-intl-links\"><a href=\"https:\/\/sciprofiles.com\/profile\/30975\" target=\"_blank\" rel=\"noopener\">Site<\/a><\/div>\n        <\/div>\n      <\/article>\n      <!-- 15 -->\n      <article class=\"cbeb-intl-card\" data-text=\"Tanveer Hussain Edge Hill University UK Reino Unido\">\n        <div class=\"cbeb-intl-card-head\"><h4>Tanveer Hussain<\/h4><\/div>\n        <div class=\"cbeb-intl-card-body\">\n          <p>Edge Hill University \u2013 UK<\/p>\n          <div class=\"cbeb-intl-links\"><a href=\"https:\/\/www.edgehill.ac.uk\/person\/tanveer-hussain\/staff\/\" target=\"_blank\" rel=\"noopener\">Site<\/a><\/div>\n        <\/div>\n      <\/article>\n      <!-- 16 -->\n      <article class=\"cbeb-intl-card\" data-text=\"Marcin Wo\u017aniak Silesian University of Technology Poland Pol\u00f4nia\">\n        <div class=\"cbeb-intl-card-head\"><h4>Marcin Wo\u017aniak<\/h4><\/div>\n        <div class=\"cbeb-intl-card-body\">\n          <p>Silesian University of Technology \u2013 Poland<\/p>\n          <div class=\"cbeb-intl-links\"><a href=\"https:\/\/sciprofiles.com\/profile\/188492\" target=\"_blank\" rel=\"noopener\">Site<\/a><\/div>\n        <\/div>\n      <\/article>\n      <!-- 17 -->\n      <article class=\"cbeb-intl-card\" data-text=\"Rahma Fourati FSJEGJ University of Jendouba Tunisia Tun\u00edsia\">\n        <div class=\"cbeb-intl-card-head\"><h4>Rahma Fourati<\/h4><\/div>\n        <div class=\"cbeb-intl-card-body\">\n          <p>FSJEGJ, University of Jendouba \u2013 Tunisia<\/p>\n          <div class=\"cbeb-intl-links\"><a href=\"https:\/\/regimlab.org\/public\/members\/profile\/85\/RahmaFourati\" target=\"_blank\" rel=\"noopener\">Site<\/a><a href=\"https:\/\/www.linkedin.com\/in\/rahma-fourati-481930103\/?originalSubdomain=tn\" target=\"_blank\" rel=\"noopener\">LinkedIn<\/a><\/div>\n        <\/div>\n      <\/article>\n    <\/div>\n  <\/section>\n\n  <!-- ===== 3) CTA ===== -->\n  <section class=\"cbeb-intl-cta\">\n    <h3>Fortale\u00e7a a colabora\u00e7\u00e3o global na Engenharia Biom\u00e9dica<\/h3>\n    <p>Participe do CBEB 2026 e conecte-se com pesquisadores internacionais que est\u00e3o moldando o futuro da sa\u00fade digital e da engenharia biom\u00e9dica.<\/p>\n    <a href=\"https:\/\/sbeb.org.br\/cbeb2026\/inscricoes\/\" =\"noopener\">Garanta sua inscri\u00e7\u00e3o<\/a>\n  <\/section>\n<\/div>\n\n<script>\n\/* ===== Ajusta offset do header fixo do tema (se existir) ===== *\/\n(function intlHeaderOffset(){\n  const sels=['.site-header','.elementor-location-header','header[role=\"banner\"]','header.site-header','#header'];\n  let h=0; for(const s of sels){const el=document.querySelector(s); if(el){const r=el.getBoundingClientRect(); const hh=el.offsetHeight||(r.bottom-r.top); h=Math.max(h,hh);}}\n  document.documentElement.style.setProperty('--siteHeaderH', h+'px');\n})();\n\n\/* ===== Busca: filtra por nome, institui\u00e7\u00e3o e pa\u00eds ===== *\/\n(function intlSearch(){\n  const q=document.getElementById('cbeb-intl-q');\n  const clear=document.getElementById('cbeb-intl-clear');\n  const cards=[...document.querySelectorAll('#cbeb-intl-grid .cbeb-intl-card')];\n  const norm=s=>(s||'').toLowerCase().normalize('NFD').replace(\/[\\u0300-\\u036f]\/g,'');\n  const grid=document.getElementById('cbeb-intl-grid');\n\n  function apply(){\n    const term=norm(q.value.trim());\n    let any=false;\n    cards.forEach(card=>{\n      const txt=norm(card.getAttribute('data-text')||card.textContent);\n      const match=(term==='')||txt.includes(term);\n      card.style.display=match?'block':'none';\n      if(match) any=true;\n    });\n    let empty=document.getElementById('cbeb-intl-empty');\n    if(!any){\n      if(!empty){\n        empty=document.createElement('div');\n        empty.id='cbeb-intl-empty';\n        empty.style.margin='8px 0 18px'; empty.style.padding='14px 16px';\n        empty.style.border='1px solid #ffdede'; empty.style.background='#fff6f6';\n        empty.style.borderRadius='12px'; empty.style.textAlign='center'; empty.style.color='#993333';\n        empty.textContent='Nenhum resultado encontrado.';\n        grid.before(empty);\n      }\n    }else if(empty){ empty.remove(); }\n  }\n  q.addEventListener('input',apply);\n  clear.addEventListener('click',()=>{q.value='';apply();});\n  apply();\n})();\n<\/script>\n\t\t\t\t<\/div>\n\t\t\t\t<\/div>\n\t\t\t\t\t<\/div>\n\t\t\t\t<\/div>\n\t\t\t\t<\/div>\n\t\t","protected":false},"excerpt":{"rendered":"<p>Comit\u00ea Internacional de Colabora\u00e7\u00e3o Cient\u00edfica O Comit\u00ea Internacional \u00e9 composto por pesquisadores de excel\u00eancia vinculados a institui\u00e7\u00f5es de renome em diferentes continentes, com destacada atua\u00e7\u00e3o em Engenharia Biom\u00e9dica e em Tecnologias da Informa\u00e7\u00e3o e Comunica\u00e7\u00e3o aplicadas \u00e0 Sa\u00fade (TIC+Sa\u00fade). Sua participa\u00e7\u00e3o fortalece o car\u00e1ter global do CBEB 2026, promovendo o interc\u00e2mbio cient\u00edfico entre o Brasil e o mundo, especialmente nas \u00e1reas que integram inova\u00e7\u00e3o tecnol\u00f3gica e impacto direto nos sistemas de sa\u00fade. A presen\u00e7a desses especialistas refor\u00e7a o protagonismo do Congresso Brasileiro de Engenharia Biom\u00e9dica (CBEB) como principal f\u00f3rum da \u00e1rea na Am\u00e9rica Latina, ampliando sua relev\u00e2ncia no cen\u00e1rio internacional. Esse comit\u00ea contribui para a eleva\u00e7\u00e3o da qualidade t\u00e9cnico-cient\u00edfica do evento, o fortalecimento de parcerias estrat\u00e9gicas em n\u00edvel global e a proje\u00e7\u00e3o da Engenharia Biom\u00e9dica brasileira como refer\u00eancia no desenvolvimento de solu\u00e7\u00f5es digitais e tecnol\u00f3gicas para a sa\u00fade. \ud83d\udd0d Limpar Comit\u00ea Internacional de Colabora\u00e7\u00e3o Cient\u00edfica Witold Pedrycz University of Alberta \u2013 Canada Site Qammer H. Abbasi University of Glasgow \u2013 UK Site Robertas Dama\u0161evi\u010dius Kaunas University of Technology \u2013 Lithuania LinkedIn Kemal Polat Bolu Abant Izzet Baysal University \u2013 Turkey Site Senthil Kumar Jagatheesaperumal Mepco Schlenk Engineering College \u2013 India Site D. Jude Hemanth Karunya University \u2013 India SiteLinkedIn Roberto Mu\u00f1oz Universidad de Valpara\u00edso \u2013 Chile Site Jo\u00e3o Alexandre Lobo Marques University of Saint Joseph \u2013 Macau, China LinkedIn Khan Muhammad Sungkyunkwan University \u2013 Republic of Korea LinkedIn Mohamed Abdel-Basset Zagazig University \u2013 Egypt Site Ali Hassan Sodhro Link\u00f6ping University \u2013 Sweden LinkedIn Mar\u00eda de los \u00c1ngeles Quezada Instituto Tecnol\u00f3gico de Tijuana \u2013 Mexico LinkedIn Javier Del Ser Lorente, SM IEEE University of the Basque Country \u2013 Spain LinkedIn Wanqing Wu Sun Yat-Sen University \u2013 China Site Tanveer Hussain Edge Hill University \u2013 UK Site Marcin Wo\u017aniak Silesian University of Technology \u2013 Poland Site Rahma Fourati FSJEGJ, University of Jendouba \u2013 Tunisia SiteLinkedIn Fortale\u00e7a a colabora\u00e7\u00e3o global na Engenharia Biom\u00e9dica Participe do CBEB 2026 e conecte-se com pesquisadores internacionais que est\u00e3o moldando o futuro da sa\u00fade digital e da engenharia biom\u00e9dica. Garanta sua inscri\u00e7\u00e3o<\/p>\n","protected":false},"author":4,"featured_media":0,"parent":0,"menu_order":0,"comment_status":"closed","ping_status":"closed","template":"","meta":{"_acf_changed":false,"footnotes":""},"class_list":["post-844","page","type-page","status-publish","hentry"],"acf":[],"_links":{"self":[{"href":"https:\/\/sbeb.org.br\/cbeb2026\/wp-json\/wp\/v2\/pages\/844","targetHints":{"allow":["GET"]}}],"collection":[{"href":"https:\/\/sbeb.org.br\/cbeb2026\/wp-json\/wp\/v2\/pages"}],"about":[{"href":"https:\/\/sbeb.org.br\/cbeb2026\/wp-json\/wp\/v2\/types\/page"}],"author":[{"embeddable":true,"href":"https:\/\/sbeb.org.br\/cbeb2026\/wp-json\/wp\/v2\/users\/4"}],"replies":[{"embeddable":true,"href":"https:\/\/sbeb.org.br\/cbeb2026\/wp-json\/wp\/v2\/comments?post=844"}],"version-history":[{"count":47,"href":"https:\/\/sbeb.org.br\/cbeb2026\/wp-json\/wp\/v2\/pages\/844\/revisions"}],"predecessor-version":[{"id":3112,"href":"https:\/\/sbeb.org.br\/cbeb2026\/wp-json\/wp\/v2\/pages\/844\/revisions\/3112"}],"wp:attachment":[{"href":"https:\/\/sbeb.org.br\/cbeb2026\/wp-json\/wp\/v2\/media?parent=844"}],"curies":[{"name":"wp","href":"https:\/\/api.w.org\/{rel}","templated":true}]}}